{"id":68276,"date":"2025-08-04T08:50:28","date_gmt":"2025-08-04T11:50:28","guid":{"rendered":"https:\/\/www.dommodesto.com.br\/?post_type=product&#038;p=68276"},"modified":"2025-11-26T13:56:49","modified_gmt":"2025-11-26T16:56:49","slug":"distribuicao-de-recursos-do-fundo-amazonia-para-entidades-do-terceiro-setor-no-maranhao","status":"publish","type":"product","link":"https:\/\/www.dommodesto.com.br\/en\/product\/distribuicao-de-recursos-do-fundo-amazonia-para-entidades-do-terceiro-setor-no-maranhao\/","title":{"rendered":"Distribui\u00e7\u00e3o de recursos do Fundo Amaz\u00f4nia para entidades do terceiro setor no Maranh\u00e3o"},"content":{"rendered":"<p style=\"text-align: justify;\"><span data-contrast=\"auto\">A Amaz\u00f4nia, maior floresta tropical do planeta, \u00e9 cen\u00e1rio de disputas que v\u00e3o muito al\u00e9m da preserva\u00e7\u00e3o ambiental: envolve soberania, justi\u00e7a socioambiental e o desafio de conciliar desenvolvimento econ\u00f4mico com integridade ecol\u00f3gica. Neste contexto, o <\/span><i><span data-contrast=\"auto\">Fundo Amaz\u00f4nia<\/span><\/i><span data-contrast=\"auto\"> emerge como um dos principais instrumentos de financiamento de pol\u00edticas p\u00fablicas voltadas \u00e0 prote\u00e7\u00e3o do bioma e \u00e0 promo\u00e7\u00e3o de alternativas sustent\u00e1veis. No entanto, a mera exist\u00eancia do Fundo n\u00e3o garante sua efetividade, tampouco sua imunidade a distor\u00e7\u00f5es pol\u00edticas e operacionais.<\/span><span data-ccp-props=\"{&quot;335551550&quot;:6,&quot;335551620&quot;:6,&quot;335559739&quot;:0}\">\u00a0<\/span><\/p>\n<p style=\"text-align: justify;\"><span data-contrast=\"auto\">Esta obra, fruto de investiga\u00e7\u00e3o aprofundada e rigorosa, examina a distribui\u00e7\u00e3o de recursos do Fundo Amaz\u00f4nia para entidades do terceiro setor no estado do Maranh\u00e3o, oferecendo uma an\u00e1lise cr\u00edtica sobre sua regulamenta\u00e7\u00e3o, sua governan\u00e7a e seus resultados pr\u00e1ticos. A pesquisa articula fundamentos jur\u00eddicos, dados emp\u00edricos e elementos te\u00f3ricos para avaliar o impacto de projetos financiados \u2014 como o ARPA, o APL Baba\u00e7u e o Programa de Qualifica\u00e7\u00e3o da Gest\u00e3o Ambiental \u2014 e problematiza os limites e potencialidades do envolvimento de organiza\u00e7\u00f5es da sociedade civil na prote\u00e7\u00e3o ambiental.<\/span><span data-ccp-props=\"{&quot;335551550&quot;:6,&quot;335551620&quot;:6,&quot;335559739&quot;:0}\">\u00a0<\/span><\/p>\n<p style=\"text-align: justify;\"><span data-contrast=\"auto\">Com s\u00f3lida ancoragem constitucional e institucional, os autores investigam n\u00e3o apenas a efic\u00e1cia das a\u00e7\u00f5es implementadas, mas tamb\u00e9m os riscos de captura privada de recursos p\u00fablicos, o esvaziamento das fun\u00e7\u00f5es estatais e os desafios de legitimar o protagonismo do terceiro setor em um campo historicamente negligenciado. A obra convida o leitor \u00e0 reflex\u00e3o sobre as implica\u00e7\u00f5es do modelo vigente de financiamento ambiental, o papel das comunidades tradicionais e a urg\u00eancia de revisitar os crit\u00e9rios de justi\u00e7a distributiva aplicados \u00e0 gest\u00e3o dos bens ambientais comuns.<\/span><span data-ccp-props=\"{&quot;335551550&quot;:6,&quot;335551620&quot;:6,&quot;335559739&quot;:0}\">\u00a0<\/span><\/p>","protected":false},"excerpt":{"rendered":"<p>Ronaldo Sousa da Luz<br \/>Armindo Madoz Robinson<br \/>Gustavo Menon<\/p>\n<p><strong>Vers\u00e3o e-book &#8211; indispon\u00edvel;<\/strong><br \/><strong>Vers\u00e3o impressa &#8211; <a href=\"https:\/\/www.amazon.com.br\/Distribui%C3%A7%C3%A3o-recursos-Amaz%C3%B4nia-entidades-terceiro\/dp\/6552350759\/ref=sr_1_15?crid=2Y7KKBW5SAW56&amp;dib=eyJ2IjoiMSJ9.Oy5aYhbHtWxzAhi1JF9vYyosopVMqf_yZAIuYjVeA8AAiPnMVYOuRusM_hXE5X28MCBfmbMCj4Difzr-aaHmjtMdn-yHy5iSlN3sWtZeL8yvYp-Dd-UmAokAEuXLX-aLW27rMi1K-drgba_QNLHFlY8S_LKfcVDqplt0PkjfXWobt2QC7dz6Msfyr4XGTdaM_bN7T_VvTX2Z3d081BJrGtzQMPif5i2J2YUgmUx_gYmcnjUMaZbJBF1LIOUi4XLPO8gyKugIX7U2AEANnR-JTMy0Y-lWml0mb5wPD8DamF4.mE_GxuhDlvqPDGq6NI8_U4rT0DGUAJxzU5y1dp-Fils&amp;dib_tag=se&amp;keywords=dom+modesto&amp;qid=1764174082&amp;sprefix=%22dom+modesto%22%2Caps%2C287&amp;sr=8-15&amp;ufe=app_do%3Aamzn1.fos.6d798eae-cadf-45de-946a-f477d47705b9\">Clique aqui<\/a><\/strong><\/p>","protected":false},"featured_media":68277,"template":"","meta":{"_joinchat":[]},"product_brand":[],"product_cat":[57],"product_tag":[],"class_list":{"0":"post-68276","1":"product","2":"type-product","3":"status-publish","4":"has-post-thumbnail","6":"product_cat-ciencias-sociais-aplicadas","7":"align-center","8":"box-shadow-1","9":"box-shadow-3-hover","10":"ast-product-gallery-layout-horizontal","11":"ast-product-gallery-with-no-image","12":"ast-product-tabs-layout-horizontal","14":"first","15":"instock","16":"shipping-taxable","17":"product-type-simple"},"_links":{"self":[{"href":"https:\/\/www.dommodesto.com.br\/en\/wp-json\/wp\/v2\/product\/68276","targetHints":{"allow":["GET"]}}],"collection":[{"href":"https:\/\/www.dommodesto.com.br\/en\/wp-json\/wp\/v2\/product"}],"about":[{"href":"https:\/\/www.dommodesto.com.br\/en\/wp-json\/wp\/v2\/types\/product"}],"wp:featuredmedia":[{"embeddable":true,"href":"https:\/\/www.dommodesto.com.br\/en\/wp-json\/wp\/v2\/media\/68277"}],"wp:attachment":[{"href":"https:\/\/www.dommodesto.com.br\/en\/wp-json\/wp\/v2\/media?parent=68276"}],"wp:term":[{"taxonomy":"product_brand","embeddable":true,"href":"https:\/\/www.dommodesto.com.br\/en\/wp-json\/wp\/v2\/product_brand?post=68276"},{"taxonomy":"product_cat","embeddable":true,"href":"https:\/\/www.dommodesto.com.br\/en\/wp-json\/wp\/v2\/product_cat?post=68276"},{"taxonomy":"product_tag","embeddable":true,"href":"https:\/\/www.dommodesto.com.br\/en\/wp-json\/wp\/v2\/product_tag?post=68276"}],"curies":[{"name":"wp","href":"https:\/\/api.w.org\/{rel}","templated":true}]}}