{"id":68270,"date":"2025-08-03T18:53:50","date_gmt":"2025-08-03T21:53:50","guid":{"rendered":"https:\/\/www.dommodesto.com.br\/?post_type=product&#038;p=68270"},"modified":"2026-04-01T16:14:47","modified_gmt":"2026-04-01T19:14:47","slug":"formas-consensuais-de-tratamento-adequado-de-conflitos-manual-de-conciliacao-mediacao-e-negociacao","status":"publish","type":"product","link":"https:\/\/www.dommodesto.com.br\/en\/product\/formas-consensuais-de-tratamento-adequado-de-conflitos-manual-de-conciliacao-mediacao-e-negociacao\/","title":{"rendered":"Formas consensuais de tratamento adequado de conflitos: manual de concilia\u00e7\u00e3o, media\u00e7\u00e3o e negocia\u00e7\u00e3o"},"content":{"rendered":"<p style=\"text-align: justify;\">\u201cA media\u00e7\u00e3o e os outros m\u00e9todos adequados de solu\u00e7\u00e3o de conflitos surgem, ent\u00e3o, como vias que legitimam a escuta, o sil\u00eancio e a palavra como instrumentos que viabilizam a reescrita, por seus pr\u00f3prios protagonistas, dos cap\u00edtulos das suas hist\u00f3rias de vida. Nada poderia ser mais autoral e, por isso, aut\u00eantico. Como se espelho da vida fosse, a media\u00e7\u00e3o nela reflete seus efeitos. Afinal, mediar n\u00e3o \u00e9 eliminar o conflito, tampouco ignor\u00e1-lo. \u00c9, antes, permitir que ele exista, expresse seus contornos, revele sua complexidade. Somente assim dar\u00e1 lugar ao novo constitu\u00eddo a partir da postura dos mediandos conjugada com as habilidades do(a) profissional mediador(a), desenvolvidas a partir do cont\u00ednuo estudo te\u00f3rico e viv\u00eancia pr\u00e1tica visando ao constante aprimoramento. Para muito al\u00e9m das estat\u00edsticas, novas realidades ser\u00e3o tecidas e feridas simb\u00f3licas curadas.<\/p>\n<p style=\"text-align: justify;\">Este livro, concebido como um manual de media\u00e7\u00e3o, transita entre a t\u00e9cnica e a sensibilidade, entre o rigor metodol\u00f3gico e a delicadeza das rela\u00e7\u00f5es humanas. Aqui, nestas preciosas p\u00e1ginas, constam reunidos important\u00edssimos subs\u00eddios acerca da desafiadora miss\u00e3o de lidar com os conflitos humanos.<\/p>\n<p style=\"text-align: justify;\">Trata-se de um aporte norteador para os adeptos dos meios consensuais, onde encontramos as orienta\u00e7\u00f5es necess\u00e1rias que sustentam o fazer dos mediadores, conciliadores e negociadores. Entretanto, mais do que um simples roteiro procedimental, esta obra se apresenta como um convite \u00e0 reflex\u00e3o cr\u00edtica sobre o papel desses profissionais, sobretudo no que tange \u00e0 postura e responsabilidade na condu\u00e7\u00e3o dos processos dial\u00f3gicos.\u201d<\/p>\n<p><strong>Dorval Henrique Ferrari<\/strong><\/p>","protected":false},"excerpt":{"rendered":"<p>Aleteia Hummes Thaines<br \/>Marcelino da Silva Meleu<\/p>\n<p><strong>Vers\u00e3o e-book &#8211; Clique no bot\u00e3o Comprar;<\/strong><br \/><strong>Vers\u00e3o impressa &#8211; <a href=\"https:\/\/www.amazon.com.br\/Formas-consensuais-tratamento-adequado-conflitos\/dp\/6552350708\/ref=sr_1_11?__mk_pt_BR=%C3%85M%C3%85%C5%BD%C3%95%C3%91&amp;crid=3HJYYBG9HJQLI&amp;dib=eyJ2IjoiMSJ9.zYo0v-dfUr2jtIxMD1mir4dpuE1EeyGcw1d5PT_NchKd1tSwYsBEHQRkI87XtTU1KNOvcPE5JB5XmB1P8QKVcCC2mTbJwS9yW-6bQnLWs7VnG_HaXOFhosk8c3tMjvxMOke6o85ZSVh9ccviHTV7-p60p761Ca03YKCw5DPlaR2hlbOvX9_9LqRIFSAB3StCCwFgIwVrL1XQSDFsSo0tLplRA1rQUxZrFLRAWeXhcw8m5p7xvOXKqir3B__se8j_DhNP_WJdLsVpEiqPyj7pkSpSMao3B-JrHIhp_V8Wk0M.L1EB6yxL6vmEzHLnsgAVv0nWdk-QqYpKwoHsxI9FRtQ&amp;dib_tag=se&amp;keywords=%22dom+modesto%22&amp;qid=1775070628&amp;sprefix=dom+modesto+%2Caps%2C208&amp;sr=8-11&amp;ufe=app_do%3Aamzn1.fos.6d798eae-cadf-45de-946a-f477d47705b9\">Clique aqui<\/a><\/strong><\/p>","protected":false},"featured_media":68272,"template":"","meta":{"_joinchat":[]},"product_brand":[],"product_cat":[15],"product_tag":[],"class_list":{"0":"post-68270","1":"product","2":"type-product","3":"status-publish","4":"has-post-thumbnail","6":"product_cat-sem-categoria","7":"align-center","8":"box-shadow-1","9":"box-shadow-3-hover","10":"ast-product-gallery-layout-horizontal","11":"ast-product-gallery-with-no-image","12":"ast-product-tabs-layout-horizontal","14":"first","15":"instock","16":"downloadable","17":"virtual","18":"purchasable","19":"product-type-simple"},"_links":{"self":[{"href":"https:\/\/www.dommodesto.com.br\/en\/wp-json\/wp\/v2\/product\/68270","targetHints":{"allow":["GET"]}}],"collection":[{"href":"https:\/\/www.dommodesto.com.br\/en\/wp-json\/wp\/v2\/product"}],"about":[{"href":"https:\/\/www.dommodesto.com.br\/en\/wp-json\/wp\/v2\/types\/product"}],"wp:featuredmedia":[{"embeddable":true,"href":"https:\/\/www.dommodesto.com.br\/en\/wp-json\/wp\/v2\/media\/68272"}],"wp:attachment":[{"href":"https:\/\/www.dommodesto.com.br\/en\/wp-json\/wp\/v2\/media?parent=68270"}],"wp:term":[{"taxonomy":"product_brand","embeddable":true,"href":"https:\/\/www.dommodesto.com.br\/en\/wp-json\/wp\/v2\/product_brand?post=68270"},{"taxonomy":"product_cat","embeddable":true,"href":"https:\/\/www.dommodesto.com.br\/en\/wp-json\/wp\/v2\/product_cat?post=68270"},{"taxonomy":"product_tag","embeddable":true,"href":"https:\/\/www.dommodesto.com.br\/en\/wp-json\/wp\/v2\/product_tag?post=68270"}],"curies":[{"name":"wp","href":"https:\/\/api.w.org\/{rel}","templated":true}]}}