{"id":68256,"date":"2025-08-01T16:10:54","date_gmt":"2025-08-01T19:10:54","guid":{"rendered":"https:\/\/www.dommodesto.com.br\/?post_type=product&#038;p=68256"},"modified":"2025-08-01T16:10:55","modified_gmt":"2025-08-01T19:10:55","slug":"direito-humano-a-saude-genero-e-migracao-dialogos-a-partir-do-projeto-saude-e-genero-limites-e-possibilidades-da-mediacao-sanitaria-enquanto-mecanismo-de-efetivacao-do-direito-humano-a-sau-2","status":"publish","type":"product","link":"https:\/\/www.dommodesto.com.br\/en\/product\/direito-humano-a-saude-genero-e-migracao-dialogos-a-partir-do-projeto-saude-e-genero-limites-e-possibilidades-da-mediacao-sanitaria-enquanto-mecanismo-de-efetivacao-do-direito-humano-a-sau-2\/","title":{"rendered":"Direito humano \u00e0 sa\u00fade, g\u00eanero e migra\u00e7\u00e3o: di\u00e1logos a partir do projeto \u201cSa\u00fade e G\u00eanero: limites e possibilidades da media\u00e7\u00e3o sanit\u00e1ria enquanto mecanismo de efetiva\u00e7\u00e3o do direito humano \u00e0 sa\u00fade para mulheres migrantes no Estado do Rio Grande do Sul (RS)\u201d &#8211; vol. II"},"content":{"rendered":"<p style=\"text-align: justify;\">\u201cEm um cen\u00e1rio global marcado por deslocamentos for\u00e7ados, desigualdades estruturais e retrocessos em pol\u00edticas p\u00fablicas migrat\u00f3rias nacionais e internacionais, discutir o acesso \u00e0 sa\u00fade como direito humano universal &#8211; e, ao mesmo tempo, abordar marcadores de diferen\u00e7a como g\u00eanero, sexualidade, defici\u00eancia, ra\u00e7a, nacionalidade e idade &#8211; \u00e9 fundamental para compreens\u00e3o do contexto da mobilidade humana e seus diversos desafios. Este livro prop\u00f5e-se a enfrentar a complexidade do mundo em que vivemos, oferecendo an\u00e1lises te\u00f3ricas e emp\u00edricas que dialogam com a realidade concreta de mulheres migrantes e refugiadas, pessoas LGBTI+, pessoas migrantes com defici\u00eancia, pessoas idosas, ap\u00e1tridas, entre outros sujeitos historicamente invisibilizados.<\/p>\n<p style=\"text-align: justify;\">Os cap\u00edtulos aqui reunidos abordam temas como a interseccionalidade na formula\u00e7\u00e3o de pol\u00edticas p\u00fablicas, o papel da media\u00e7\u00e3o sanit\u00e1ria, os direitos sexuais e reprodutivos, os desafios impostos pelas migra\u00e7\u00f5es clim\u00e1ticas, o uso de tecnologias digitais na sa\u00fade de pessoas migrantes, e a urg\u00eancia na garantia de direitos. Cada contribui\u00e7\u00e3o refor\u00e7a a centralidade da dignidade humana, da fraternidade, da universalidade, indivisibilidade e interdepend\u00eancia dos direitos humanos e na garantia da justi\u00e7a como pilar para uma prote\u00e7\u00e3o efetiva e integral.&#8221;<\/p>\n<p style=\"text-align: justify;\"><strong>Profa. Dra. Patricia Grazziotin Noschang <\/strong><\/p>","protected":false},"excerpt":{"rendered":"<p>Gabrielle Scola Dutra<br \/>Jana\u00edna Machado Sturza<br \/>Joice Graciele Nielsson<br \/>(Orgs.)<\/p>\n<p><strong>Download gratuito (e-book) \u2013 Clique no bot\u00e3o Download\/Comprar<br \/>Vers\u00e3o impressa \u2013 indispon\u00edvel<\/strong><\/p>","protected":false},"featured_media":68259,"template":"","meta":{"_joinchat":[]},"product_brand":[],"product_cat":[57],"product_tag":[],"class_list":{"0":"post-68256","1":"product","2":"type-product","3":"status-publish","4":"has-post-thumbnail","6":"product_cat-ciencias-sociais-aplicadas","7":"align-center","8":"box-shadow-1","9":"box-shadow-3-hover","10":"ast-product-gallery-layout-horizontal","11":"ast-product-gallery-with-no-image","12":"ast-product-tabs-layout-horizontal","14":"first","15":"instock","16":"downloadable","17":"virtual","18":"purchasable","19":"product-type-simple"},"_links":{"self":[{"href":"https:\/\/www.dommodesto.com.br\/en\/wp-json\/wp\/v2\/product\/68256","targetHints":{"allow":["GET"]}}],"collection":[{"href":"https:\/\/www.dommodesto.com.br\/en\/wp-json\/wp\/v2\/product"}],"about":[{"href":"https:\/\/www.dommodesto.com.br\/en\/wp-json\/wp\/v2\/types\/product"}],"wp:featuredmedia":[{"embeddable":true,"href":"https:\/\/www.dommodesto.com.br\/en\/wp-json\/wp\/v2\/media\/68259"}],"wp:attachment":[{"href":"https:\/\/www.dommodesto.com.br\/en\/wp-json\/wp\/v2\/media?parent=68256"}],"wp:term":[{"taxonomy":"product_brand","embeddable":true,"href":"https:\/\/www.dommodesto.com.br\/en\/wp-json\/wp\/v2\/product_brand?post=68256"},{"taxonomy":"product_cat","embeddable":true,"href":"https:\/\/www.dommodesto.com.br\/en\/wp-json\/wp\/v2\/product_cat?post=68256"},{"taxonomy":"product_tag","embeddable":true,"href":"https:\/\/www.dommodesto.com.br\/en\/wp-json\/wp\/v2\/product_tag?post=68256"}],"curies":[{"name":"wp","href":"https:\/\/api.w.org\/{rel}","templated":true}]}}