{"id":68240,"date":"2025-07-27T16:36:53","date_gmt":"2025-07-27T19:36:53","guid":{"rendered":"https:\/\/www.dommodesto.com.br\/?post_type=product&#038;p=68240"},"modified":"2025-07-27T16:38:45","modified_gmt":"2025-07-27T19:38:45","slug":"enegrecendo-o-direito-resistencia-e-producao-academica-negra-enfrentando-a-branco-normatividade-juridica","status":"publish","type":"product","link":"https:\/\/www.dommodesto.com.br\/en\/product\/enegrecendo-o-direito-resistencia-e-producao-academica-negra-enfrentando-a-branco-normatividade-juridica\/","title":{"rendered":"Enegrecendo o Direito: resist\u00eancia e produ\u00e7\u00e3o acad\u00eamica negra enfrentando a branco-normatividade jur\u00eddica"},"content":{"rendered":"<p style=\"text-align: justify;\">Enegrecendo o Direito: resist\u00eancia e produ\u00e7\u00e3o acad\u00eamica negra enfrentando a branco-normatividade jur\u00eddica constitui uma interven\u00e7\u00e3o epist\u00eamica e pol\u00edtica no campo jur\u00eddico brasileiro, a partir de um locus de enuncia\u00e7\u00e3o negro, insurgente e contra-hegem\u00f4nico. A obra re\u00fane produ\u00e7\u00f5es acad\u00eamicas que tensionam a estrutura racializada do Direito, concebido historicamente como instrumento de reprodu\u00e7\u00e3o das hierarquias sociais e manuten\u00e7\u00e3o da branquitude como padr\u00e3o normativo universal.<\/p>\n<p style=\"text-align: justify;\">Organizada sob a perspectiva da cr\u00edtica racial ao Direito, a colet\u00e2nea articula saberes interdisciplinares \u2014 com fundamentos na sociologia, hist\u00f3ria, filosofia, teoria cr\u00edtica e estudos culturais \u2014 para desvelar os mecanismos jur\u00eddico-institucionais que perpetuam o epistemic\u00eddio, a seletividade penal, o racismo estrutural e a subalterniza\u00e7\u00e3o dos corpos e saberes negros. A obra perpassa temas como a perman\u00eancia da ideologia eugenista na conforma\u00e7\u00e3o das estruturas sociais, o epistemic\u00eddio de mulheres negras nos espa\u00e7os acad\u00eamicos, a neutralidade racial como mito jur\u00eddico e a resist\u00eancia intelectual da popula\u00e7\u00e3o negra nos campos do ensino, da pesquisa e da extens\u00e3o.<\/p>\n<p style=\"text-align: justify;\">Ao tematizar a branco-normatividade como regime de verdade jur\u00eddica, os cap\u00edtulos deste livro prop\u00f5em a descoloniza\u00e7\u00e3o do pensamento jur\u00eddico e a constru\u00e7\u00e3o de uma epistemologia enegrecida, que reposicione o Direito como campo de disputa por justi\u00e7a social e repara\u00e7\u00e3o hist\u00f3rica. Trata-se, assim, de uma obra indispens\u00e1vel para quem busca compreender criticamente as intersec\u00e7\u00f5es entre ra\u00e7a, poder e direito na sociedade brasileira contempor\u00e2nea.<\/p>","protected":false},"excerpt":{"rendered":"<p>Gleidson Renato Martins Dias<br \/>\nMuriel Fernanda Ferreira Benites<br \/>\n(Coord.)<\/p>\n<p><strong>Download gratuito (e-book) &#8211; Clique no bot\u00e3o Download;<\/strong><br \/>\n<strong>Vers\u00e3o impressa &#8211; indispon\u00edvel;<\/strong><\/p>","protected":false},"featured_media":68242,"template":"","meta":{"_joinchat":[]},"product_brand":[],"product_cat":[57],"product_tag":[],"class_list":{"0":"post-68240","1":"product","2":"type-product","3":"status-publish","4":"has-post-thumbnail","6":"product_cat-ciencias-sociais-aplicadas","7":"align-center","8":"box-shadow-1","9":"box-shadow-3-hover","10":"ast-product-gallery-layout-horizontal","11":"ast-product-gallery-with-no-image","12":"ast-product-tabs-layout-horizontal","14":"first","15":"instock","16":"downloadable","17":"virtual","18":"purchasable","19":"product-type-simple"},"_links":{"self":[{"href":"https:\/\/www.dommodesto.com.br\/en\/wp-json\/wp\/v2\/product\/68240","targetHints":{"allow":["GET"]}}],"collection":[{"href":"https:\/\/www.dommodesto.com.br\/en\/wp-json\/wp\/v2\/product"}],"about":[{"href":"https:\/\/www.dommodesto.com.br\/en\/wp-json\/wp\/v2\/types\/product"}],"wp:featuredmedia":[{"embeddable":true,"href":"https:\/\/www.dommodesto.com.br\/en\/wp-json\/wp\/v2\/media\/68242"}],"wp:attachment":[{"href":"https:\/\/www.dommodesto.com.br\/en\/wp-json\/wp\/v2\/media?parent=68240"}],"wp:term":[{"taxonomy":"product_brand","embeddable":true,"href":"https:\/\/www.dommodesto.com.br\/en\/wp-json\/wp\/v2\/product_brand?post=68240"},{"taxonomy":"product_cat","embeddable":true,"href":"https:\/\/www.dommodesto.com.br\/en\/wp-json\/wp\/v2\/product_cat?post=68240"},{"taxonomy":"product_tag","embeddable":true,"href":"https:\/\/www.dommodesto.com.br\/en\/wp-json\/wp\/v2\/product_tag?post=68240"}],"curies":[{"name":"wp","href":"https:\/\/api.w.org\/{rel}","templated":true}]}}