{"id":68202,"date":"2025-07-14T17:53:18","date_gmt":"2025-07-14T20:53:18","guid":{"rendered":"https:\/\/www.dommodesto.com.br\/?post_type=product&#038;p=68202"},"modified":"2025-07-17T11:04:07","modified_gmt":"2025-07-17T14:04:07","slug":"o-principio-da-precaucao-nos-acordos-comerciais-da-uniao-europeia-e-seus-reflexos-nos-sistemas-de-solucao-de-controversias","status":"publish","type":"product","link":"https:\/\/www.dommodesto.com.br\/en\/product\/o-principio-da-precaucao-nos-acordos-comerciais-da-uniao-europeia-e-seus-reflexos-nos-sistemas-de-solucao-de-controversias\/","title":{"rendered":"O Princ\u00edpio da Precau\u00e7\u00e3o nos acordos comerciais da Uni\u00e3o Europeia e seus reflexos nos sistemas de solu\u00e7\u00e3o de controv\u00e9rsias"},"content":{"rendered":"<p style=\"text-align: justify;\">Esta obra apresenta uma an\u00e1lise aprofundada sobre a presen\u00e7a e os impactos do Princ\u00edpio da Precau\u00e7\u00e3o nos Acordos Comerciais Bilaterais de nova gera\u00e7\u00e3o negociados pela Uni\u00e3o Europeia. Ao articular os dom\u00ednios do Direito Ambiental Internacional, do Direito da Integra\u00e7\u00e3o Regional e do Direito Comercial Internacional, a autora examina como o princ\u00edpio \u2014 consagrado no \u00e2mbito europeu e em instrumentos multilaterais \u2014 permeia compromissos ambientais e sanit\u00e1rios firmados em tratados contempor\u00e2neos.<\/p>\n<p style=\"text-align: justify;\">A partir de s\u00f3lida fundamenta\u00e7\u00e3o te\u00f3rica e normativa, o livro exp\u00f5e o percurso hist\u00f3rico do Princ\u00edpio da Precau\u00e7\u00e3o, desde sua g\u00eanese na sociedade de risco at\u00e9 sua consolida\u00e7\u00e3o no direito da Uni\u00e3o Europeia e sua intera\u00e7\u00e3o com as regras da Organiza\u00e7\u00e3o Mundial do Com\u00e9rcio. Destaca-se, ainda, a an\u00e1lise cr\u00edtica dos diferentes mecanismos de solu\u00e7\u00e3o de controv\u00e9rsias previstos nos acordos, enfatizando os desafios de conciliar a promo\u00e7\u00e3o do com\u00e9rcio internacional com a prote\u00e7\u00e3o ambiental e a sa\u00fade p\u00fablica, mesmo diante de incertezas cient\u00edficas.<\/p>\n<p style=\"text-align: justify;\">Ao confrontar teoria, pr\u00e1tica e jurisprud\u00eancia, a autora ilumina as tens\u00f5es entre interesses econ\u00f4micos e a salvaguarda de bens jur\u00eddicos coletivos, oferecendo ao leitor uma vis\u00e3o abrangente e rigorosa dos contornos e limites do Princ\u00edpio da Precau\u00e7\u00e3o no cen\u00e1rio jur\u00eddico internacional contempor\u00e2neo. Esta leitura convida pesquisadores, operadores do direito e formuladores de pol\u00edticas p\u00fablicas a refletirem sobre o papel estrat\u00e9gico da precau\u00e7\u00e3o na constru\u00e7\u00e3o de um com\u00e9rcio global mais sustent\u00e1vel e respons\u00e1vel.<\/p>","protected":false},"excerpt":{"rendered":"<p>Nath\u00e1lia Kovalski Cabral<\/p>\n<p><strong>Vers\u00e3o impressa &#8211; Em breve dispon\u00edvel na Amazon e em outros marketplaces.<\/strong><br \/><strong>Vers\u00e3o digital (e-book) &#8211; download gratuito &#8211; clique no bot\u00e3o comprar<\/strong><\/p>","protected":false},"featured_media":68203,"template":"","meta":{"_joinchat":[]},"product_brand":[],"product_cat":[57],"product_tag":[],"class_list":{"0":"post-68202","1":"product","2":"type-product","3":"status-publish","4":"has-post-thumbnail","6":"product_cat-ciencias-sociais-aplicadas","7":"align-center","8":"box-shadow-1","9":"box-shadow-3-hover","10":"ast-product-gallery-layout-horizontal","11":"ast-product-gallery-with-no-image","12":"ast-product-tabs-layout-horizontal","14":"first","15":"instock","16":"downloadable","17":"virtual","18":"purchasable","19":"product-type-simple"},"_links":{"self":[{"href":"https:\/\/www.dommodesto.com.br\/en\/wp-json\/wp\/v2\/product\/68202","targetHints":{"allow":["GET"]}}],"collection":[{"href":"https:\/\/www.dommodesto.com.br\/en\/wp-json\/wp\/v2\/product"}],"about":[{"href":"https:\/\/www.dommodesto.com.br\/en\/wp-json\/wp\/v2\/types\/product"}],"wp:featuredmedia":[{"embeddable":true,"href":"https:\/\/www.dommodesto.com.br\/en\/wp-json\/wp\/v2\/media\/68203"}],"wp:attachment":[{"href":"https:\/\/www.dommodesto.com.br\/en\/wp-json\/wp\/v2\/media?parent=68202"}],"wp:term":[{"taxonomy":"product_brand","embeddable":true,"href":"https:\/\/www.dommodesto.com.br\/en\/wp-json\/wp\/v2\/product_brand?post=68202"},{"taxonomy":"product_cat","embeddable":true,"href":"https:\/\/www.dommodesto.com.br\/en\/wp-json\/wp\/v2\/product_cat?post=68202"},{"taxonomy":"product_tag","embeddable":true,"href":"https:\/\/www.dommodesto.com.br\/en\/wp-json\/wp\/v2\/product_tag?post=68202"}],"curies":[{"name":"wp","href":"https:\/\/api.w.org\/{rel}","templated":true}]}}