{"id":68191,"date":"2025-07-14T12:42:54","date_gmt":"2025-07-14T15:42:54","guid":{"rendered":"https:\/\/www.dommodesto.com.br\/?post_type=product&#038;p=68191"},"modified":"2025-07-14T14:02:18","modified_gmt":"2025-07-14T17:02:18","slug":"anais-do-iv-seminario-politicas-publicas-de-acesso-a-justica-direitos-humanos-e-trabalho-promovendo-politicas-de-inclusao-e-diversidade","status":"publish","type":"product","link":"https:\/\/www.dommodesto.com.br\/en\/product\/anais-do-iv-seminario-politicas-publicas-de-acesso-a-justica-direitos-humanos-e-trabalho-promovendo-politicas-de-inclusao-e-diversidade\/","title":{"rendered":"Anais do V Semin\u00e1rio Pol\u00edticas P\u00fablicas de Acesso  \u00e0 Justi\u00e7a, Direitos Humanos e Trabalho:  promovendo pol\u00edticas de inclus\u00e3o e diversidade"},"content":{"rendered":"<p style=\"text-align: justify;\">Esta publica\u00e7\u00e3o apresenta \u00e0 comunidade acad\u00eamica os Anais do V SEMIN\u00c1RIO \u201cPOL\u00cdTICAS P\u00daBLICAS DE ACESSO \u00c0 JUSTI\u00c7A, DIREITOS HUMANOS E TRABALHO\u201d: promovendo pol\u00edticas de inclus\u00e3o e diversidade, realizado com o apoio financeiro da FAPERGS, por meio do Edital FAPERGS 09\/2024 \u2014 Aux\u00edlio para Organiza\u00e7\u00e3o de Eventos (AOE). O evento, em sua 5\u00aa edi\u00e7\u00e3o, ocorreu nos dias 7, 8 e 9 de maio de 2025, junto ao Programa de Mestrado e Doutorado em Direitos Humanos (PPGD-DH\/UNIJU\u00cd). Foram dois dias de palestras presenciais e um dia destinado \u00e0 apresenta\u00e7\u00e3o nos tr\u00eas grupos de trabalho (GTs), totalizando 64 trabalhos publicados na modalidade de resumo expandido.<\/p>\n<p style=\"text-align: justify;\">Os trabalhos aqui reunidos revelam um comprometimento profundo com a transforma\u00e7\u00e3o social, apontando para a urg\u00eancia de se repensar modelos de desenvolvimento, rela\u00e7\u00f5es de poder e estruturas institucionais que perpetuam desigualdades. As an\u00e1lises apresentadas transcendem a mera cr\u00edtica acad\u00eamica, convidando ao engajamento ativo e \u00e0 a\u00e7\u00e3o coletiva, fundamentadas na \u00e9tica, no respeito \u00e0 diversidade e no compromisso inegoci\u00e1vel com a dignidade humana. Ao explorar as intersec\u00e7\u00f5es entre justi\u00e7a, direitos humanos, diversidade, sa\u00fade e trabalho, os textos compilados reafirmam a relev\u00e2ncia de um di\u00e1logo interdisciplinar e a necessidade de alian\u00e7as para a constru\u00e7\u00e3o de uma sociedade verdadeiramente inclusiva e democr\u00e1tica.<\/p>\n<p style=\"text-align: justify;\">Esperamos que esta leitura seja provocadora, inspiradora e capaz de fomentar novas investiga\u00e7\u00f5es, debates e pr\u00e1ticas que fortale\u00e7am os la\u00e7os comunit\u00e1rios e ampliem horizontes para a efetiva\u00e7\u00e3o plena dos direitos humanos.<\/p>","protected":false},"excerpt":{"rendered":"<p>Jana\u00edna Machado Sturza<br \/>Joice Graciele Nielsson<br \/>Maiquel \u00c2ngelo Dezordi Wermuth<br \/>Rosane Teresinha Carvalho Porto<br \/>(Orgs.)<\/p>\n<p><strong>Download gratuito (e-book) &#8211; Clique no bot\u00e3o Download;<\/strong><br \/><strong>Vers\u00e3o impressa &#8211; indispon\u00edvel;<\/strong><\/p>","protected":false},"featured_media":68194,"template":"","meta":{"_joinchat":[]},"product_brand":[],"product_cat":[57],"product_tag":[],"class_list":{"0":"post-68191","1":"product","2":"type-product","3":"status-publish","4":"has-post-thumbnail","6":"product_cat-ciencias-sociais-aplicadas","7":"align-center","8":"box-shadow-1","9":"box-shadow-3-hover","10":"ast-product-gallery-layout-horizontal","11":"ast-product-gallery-with-no-image","12":"ast-product-tabs-layout-horizontal","14":"first","15":"instock","16":"downloadable","17":"virtual","18":"purchasable","19":"product-type-simple"},"_links":{"self":[{"href":"https:\/\/www.dommodesto.com.br\/en\/wp-json\/wp\/v2\/product\/68191","targetHints":{"allow":["GET"]}}],"collection":[{"href":"https:\/\/www.dommodesto.com.br\/en\/wp-json\/wp\/v2\/product"}],"about":[{"href":"https:\/\/www.dommodesto.com.br\/en\/wp-json\/wp\/v2\/types\/product"}],"wp:featuredmedia":[{"embeddable":true,"href":"https:\/\/www.dommodesto.com.br\/en\/wp-json\/wp\/v2\/media\/68194"}],"wp:attachment":[{"href":"https:\/\/www.dommodesto.com.br\/en\/wp-json\/wp\/v2\/media?parent=68191"}],"wp:term":[{"taxonomy":"product_brand","embeddable":true,"href":"https:\/\/www.dommodesto.com.br\/en\/wp-json\/wp\/v2\/product_brand?post=68191"},{"taxonomy":"product_cat","embeddable":true,"href":"https:\/\/www.dommodesto.com.br\/en\/wp-json\/wp\/v2\/product_cat?post=68191"},{"taxonomy":"product_tag","embeddable":true,"href":"https:\/\/www.dommodesto.com.br\/en\/wp-json\/wp\/v2\/product_tag?post=68191"}],"curies":[{"name":"wp","href":"https:\/\/api.w.org\/{rel}","templated":true}]}}