{"id":68173,"date":"2025-07-07T20:52:10","date_gmt":"2025-07-07T23:52:10","guid":{"rendered":"https:\/\/www.dommodesto.com.br\/?post_type=product&#038;p=68173"},"modified":"2025-07-07T20:54:55","modified_gmt":"2025-07-07T23:54:55","slug":"liberdade-garantias-homenagem-aos-mais-de-vinte-anos-de-magisterio-do-professor-miguel-tedesco-wedy","status":"publish","type":"product","link":"https:\/\/www.dommodesto.com.br\/en\/product\/liberdade-garantias-homenagem-aos-mais-de-vinte-anos-de-magisterio-do-professor-miguel-tedesco-wedy\/","title":{"rendered":"Liberdade &#038; garantias: homenagem aos mais de vinte anos de magist\u00e9rio do professor Miguel Tedesco Wedy"},"content":{"rendered":"<p style=\"text-align: justify;\">&#8220;Deste modo, e se bem vemos, este livro n\u00e3o \u00e9 apenas uma homenagem; \u00e9, antes de tudo, um gesto de continuidade. Para al\u00e9m de que alberga ainda uma outra caracter\u00edstica, n\u00e3o muito comum, pelo menos dentro da mundivid\u00eancia europeia continental, a de nos trazer bastos ensaios em co-autoria. Todavia, ao revisitar quest\u00f5es cruciais do direito penal contempor\u00e2neo, os autores aqui reunidos reafirmam o compromisso com uma tradi\u00e7\u00e3o que se recusa a sucumbir ao pragmatismo desmedido, \u00e0 flexibiliza\u00e7\u00e3o das garantias e \u00e0 eros\u00e3o dos direitos fundamentais. A melhor homenagem que se pode prestar a um pensador \u00e9 dar continuidade ao seu pensamento, como ponto de partida para novas inquieta\u00e7\u00f5es e novos desafios. Eis o que este livro nos traz e, desse jeito, presta a melhor homenagem que se pode dar a quem quer que seja homenageado no mundo da verdadeira juridicidade: repensar criticamente o pensamento pensado.<\/p>\n<p style=\"text-align: justify;\">Termino. Que esta obra, portanto, n\u00e3o seja apenas um marco comemorativo, mas um convite \u00e0 reflex\u00e3o e ao debate. Que os ensinamentos de Miguel Tedesco Wedy sigam a inspirar aqueles que, como ele, compreendem que o direito penal n\u00e3o pode ser reduzido a um instrumento de for\u00e7a, mas deve estar, antes de tudo, ao servi\u00e7o da liberdade.&#8221;<\/p>\n<p style=\"text-align: justify;\"><strong>Jos\u00e9 de Faria Costa <\/strong><\/p>","protected":false},"excerpt":{"rendered":"<p>Augusto Tarradt Vilela<br \/>Paulo Thiago Fernandes Dias<br \/>(Orgs.)<\/p>\n<p><strong>Download gratuito (e-book) &#8211; Clique no bot\u00e3o Download;<\/strong><br \/><strong>Vers\u00e3o impressa &#8211; indispon\u00edvel;<\/strong><\/p>","protected":false},"featured_media":68176,"template":"","meta":{"_joinchat":[]},"product_brand":[],"product_cat":[57],"product_tag":[],"class_list":{"0":"post-68173","1":"product","2":"type-product","3":"status-publish","4":"has-post-thumbnail","6":"product_cat-ciencias-sociais-aplicadas","7":"align-center","8":"box-shadow-1","9":"box-shadow-3-hover","10":"ast-product-gallery-layout-horizontal","11":"ast-product-gallery-with-no-image","12":"ast-product-tabs-layout-horizontal","14":"first","15":"instock","16":"downloadable","17":"virtual","18":"purchasable","19":"product-type-simple"},"_links":{"self":[{"href":"https:\/\/www.dommodesto.com.br\/en\/wp-json\/wp\/v2\/product\/68173","targetHints":{"allow":["GET"]}}],"collection":[{"href":"https:\/\/www.dommodesto.com.br\/en\/wp-json\/wp\/v2\/product"}],"about":[{"href":"https:\/\/www.dommodesto.com.br\/en\/wp-json\/wp\/v2\/types\/product"}],"wp:featuredmedia":[{"embeddable":true,"href":"https:\/\/www.dommodesto.com.br\/en\/wp-json\/wp\/v2\/media\/68176"}],"wp:attachment":[{"href":"https:\/\/www.dommodesto.com.br\/en\/wp-json\/wp\/v2\/media?parent=68173"}],"wp:term":[{"taxonomy":"product_brand","embeddable":true,"href":"https:\/\/www.dommodesto.com.br\/en\/wp-json\/wp\/v2\/product_brand?post=68173"},{"taxonomy":"product_cat","embeddable":true,"href":"https:\/\/www.dommodesto.com.br\/en\/wp-json\/wp\/v2\/product_cat?post=68173"},{"taxonomy":"product_tag","embeddable":true,"href":"https:\/\/www.dommodesto.com.br\/en\/wp-json\/wp\/v2\/product_tag?post=68173"}],"curies":[{"name":"wp","href":"https:\/\/api.w.org\/{rel}","templated":true}]}}