{"id":68149,"date":"2025-06-22T21:31:30","date_gmt":"2025-06-23T00:31:30","guid":{"rendered":"https:\/\/www.dommodesto.com.br\/?post_type=product&#038;p=68149"},"modified":"2025-09-02T12:40:07","modified_gmt":"2025-09-02T15:40:07","slug":"a-transversalidade-de-genero-nas-politicas-publicas-em-busca-da-concretizacao-do-direito-a-saude-das-mulheres-trabalhadoras-rurais-do-municipio-de-rio-pardo-rs","status":"publish","type":"product","link":"https:\/\/www.dommodesto.com.br\/en\/product\/a-transversalidade-de-genero-nas-politicas-publicas-em-busca-da-concretizacao-do-direito-a-saude-das-mulheres-trabalhadoras-rurais-do-municipio-de-rio-pardo-rs\/","title":{"rendered":"A transversalidade de g\u00eanero nas pol\u00edticas p\u00fablicas em busca da concretiza\u00e7\u00e3o do direito \u00e0 sa\u00fade das mulheres trabalhadoras rurais do munic\u00edpio de Rio Pardo\/RS"},"content":{"rendered":"<p style=\"text-align: justify;\">Este livro tem origem em pesquisa desenvolvida no \u00e2mbito do Mestrado do Programa de P\u00f3s-Gradua\u00e7\u00e3o em Direito da Universidade de Santa Cruz do Sul (UNISC), \u00c1rea de Concentra\u00e7\u00e3o em Direitos Sociais e Pol\u00edticas P\u00fablicas, Linha de Pesquisa Pol\u00edticas P\u00fablicas de Inclus\u00e3o Social. A obra foi financiada com o apoio do Programa de Apoio \u00e0 P\u00f3s-Gradua\u00e7\u00e3o (PROAP), da Coordena\u00e7\u00e3o de Aperfei\u00e7oamento de Pessoal de N\u00edvel Superior (CAPES), Processo n\u00ba 88881.987784\/2024-1.<\/p>\n<p style=\"text-align: justify;\">A partir de uma abordagem te\u00f3rica e emp\u00edrica, com destaque para a realiza\u00e7\u00e3o de relevante pesquisa de campo junto a mulheres trabalhadoras rurais do munic\u00edpio de Rio Pardo\/RS, a obra prop\u00f5e uma an\u00e1lise cr\u00edtica sobre a efetividade das pol\u00edticas p\u00fablicas voltadas \u00e0 sa\u00fade deste grupo social. A pesquisa busca responder \u00e0 seguinte quest\u00e3o central: qual \u00e9 a import\u00e2ncia da transversalidade de g\u00eanero nas pol\u00edticas p\u00fablicas que abrangem o direito \u00e0 sa\u00fade de mulheres trabalhadoras rurais frente aos desafios ainda enfrentados por elas?<\/p>\n<p style=\"text-align: justify;\">O estudo evidencia, com base em dados prim\u00e1rios e em referencial te\u00f3rico robusto e atualizado, as condi\u00e7\u00f5es sociais, os obst\u00e1culos estruturais e as insufici\u00eancias das pol\u00edticas p\u00fablicas que impactam diretamente a sa\u00fade das mulheres do campo. Ao final, oferece reflex\u00f5es e propostas para o aprimoramento das pol\u00edticas p\u00fablicas sob a perspectiva da inclus\u00e3o social e da igualdade de g\u00eanero.<\/p>","protected":false},"excerpt":{"rendered":"<p>St\u00e9ffani das Chagas Quintana<br \/>Marli Marlene Moraes da Costa<\/p>\n<p><strong>Download gratuito (e-book) &#8211; Clique no bot\u00e3o Download;<\/strong><br \/><strong>Vers\u00e3o impressa &#8211; indispon\u00edvel;<\/strong><\/p>","protected":false},"featured_media":68150,"template":"","meta":{"_joinchat":[]},"product_brand":[],"product_cat":[57],"product_tag":[],"class_list":{"0":"post-68149","1":"product","2":"type-product","3":"status-publish","4":"has-post-thumbnail","6":"product_cat-ciencias-sociais-aplicadas","7":"align-center","8":"box-shadow-1","9":"box-shadow-3-hover","10":"ast-product-gallery-layout-horizontal","11":"ast-product-gallery-with-no-image","12":"ast-product-tabs-layout-horizontal","14":"first","15":"instock","16":"downloadable","17":"virtual","18":"purchasable","19":"product-type-simple"},"_links":{"self":[{"href":"https:\/\/www.dommodesto.com.br\/en\/wp-json\/wp\/v2\/product\/68149","targetHints":{"allow":["GET"]}}],"collection":[{"href":"https:\/\/www.dommodesto.com.br\/en\/wp-json\/wp\/v2\/product"}],"about":[{"href":"https:\/\/www.dommodesto.com.br\/en\/wp-json\/wp\/v2\/types\/product"}],"wp:featuredmedia":[{"embeddable":true,"href":"https:\/\/www.dommodesto.com.br\/en\/wp-json\/wp\/v2\/media\/68150"}],"wp:attachment":[{"href":"https:\/\/www.dommodesto.com.br\/en\/wp-json\/wp\/v2\/media?parent=68149"}],"wp:term":[{"taxonomy":"product_brand","embeddable":true,"href":"https:\/\/www.dommodesto.com.br\/en\/wp-json\/wp\/v2\/product_brand?post=68149"},{"taxonomy":"product_cat","embeddable":true,"href":"https:\/\/www.dommodesto.com.br\/en\/wp-json\/wp\/v2\/product_cat?post=68149"},{"taxonomy":"product_tag","embeddable":true,"href":"https:\/\/www.dommodesto.com.br\/en\/wp-json\/wp\/v2\/product_tag?post=68149"}],"curies":[{"name":"wp","href":"https:\/\/api.w.org\/{rel}","templated":true}]}}