{"id":68093,"date":"2025-05-21T17:22:35","date_gmt":"2025-05-21T20:22:35","guid":{"rendered":"https:\/\/www.dommodesto.com.br\/?post_type=product&#038;p=68093"},"modified":"2025-05-21T17:37:43","modified_gmt":"2025-05-21T20:37:43","slug":"bem-viver-socio-humanista-sistemico-sistemico-um-desenvolvimento-economico-a-partir-do-bioterritorio","status":"publish","type":"product","link":"https:\/\/www.dommodesto.com.br\/en\/product\/bem-viver-socio-humanista-sistemico-sistemico-um-desenvolvimento-economico-a-partir-do-bioterritorio\/","title":{"rendered":"Bem viver s\u00f3cio-humanista sist\u00eamico sist\u00eamico:  um desenvolvimento econ\u00f4mico a partir do bioterrit\u00f3rio"},"content":{"rendered":"<p style=\"text-align: justify;\">A obra Bem Viver S\u00f3cio-Humanista Sist\u00eamico: um desenvolvimento econ\u00f4mico a partir do bioterrit\u00f3rio, de Jo\u00e3o Victor Magalh\u00e3es Mousquer, \u00e9 uma profunda reflex\u00e3o sobre os impasses do modelo capitalista contempor\u00e2neo frente \u00e0s m\u00faltiplas crises \u2013 ambientais, sociais e civilizat\u00f3rias \u2013 que atravessam o s\u00e9culo XXI. Articulando fundamentos filos\u00f3ficos, sociol\u00f3gicos, jur\u00eddicos e econ\u00f4micos, o autor prop\u00f5e uma ruptura com o paradigma ocidental de progresso, amparado na l\u00f3gica da acumula\u00e7\u00e3o e da explora\u00e7\u00e3o irrestrita dos recursos naturais, para reivindicar um novo horizonte civilizat\u00f3rio sustentado na interdepend\u00eancia entre ser humano, natureza e coletividade. O livro avan\u00e7a na cr\u00edtica ao produtivismo e ao esvaziamento do conceito de sustentabilidade, propondo o Bem Viver como eixo normativo, pol\u00edtico e \u00e9tico para reorganizar os modos de vida em di\u00e1logo com saberes ancestrais, justi\u00e7a intergeracional e direitos da natureza.<\/p>\n<p style=\"text-align: justify;\">Percorrendo temas como seletividade punitiva, necropol\u00edtica, desigualdade ambiental e injusti\u00e7a estrutural, a obra revela os paradoxos da modernidade liberal e os limites do Estado capitalista enquanto mediador do bem comum. A partir de um referencial sist\u00eamico e humanista, a an\u00e1lise prop\u00f5e alternativas ao modelo de desenvolvimento dominante, centradas em bioterrit\u00f3rios e economias solid\u00e1rias. Com s\u00f3lida base te\u00f3rica e bibliogr\u00e1fica \u2013 que inclui autores como Hannah Arendt, Judith Butler, David Harvey, Boaventura de Sousa Santos e Eduardo Gudynas \u2013 a obra se destaca pela profundidade cr\u00edtica e densidade argumentativa, constituindo-se como leitura essencial para pesquisadores, formuladores de pol\u00edticas p\u00fablicas e estudiosos comprometidos com a constru\u00e7\u00e3o de umasociedade democr\u00e1tica, justa e ambientalmente equilibrada.<\/p>","protected":false},"excerpt":{"rendered":"<p>Jo\u00e3o Victor Magalh\u00e3es Mousquer<\/p>\n<p><strong>Vers\u00e3o impressa &#8211; Em breve dispon\u00edvel na Amazon e em outros marketplaces.<\/strong><br \/><strong>Vers\u00e3o digital (e-book) &#8211; clique no bot\u00e3o comprar<\/strong><\/p>","protected":false},"featured_media":68094,"template":"","meta":{"_joinchat":[]},"product_brand":[],"product_cat":[57],"product_tag":[],"class_list":{"0":"post-68093","1":"product","2":"type-product","3":"status-publish","4":"has-post-thumbnail","6":"product_cat-ciencias-sociais-aplicadas","7":"align-center","8":"box-shadow-1","9":"box-shadow-3-hover","10":"ast-product-gallery-layout-horizontal","11":"ast-product-gallery-with-no-image","12":"ast-product-tabs-layout-horizontal","14":"first","15":"instock","16":"downloadable","17":"virtual","18":"purchasable","19":"product-type-simple"},"_links":{"self":[{"href":"https:\/\/www.dommodesto.com.br\/en\/wp-json\/wp\/v2\/product\/68093","targetHints":{"allow":["GET"]}}],"collection":[{"href":"https:\/\/www.dommodesto.com.br\/en\/wp-json\/wp\/v2\/product"}],"about":[{"href":"https:\/\/www.dommodesto.com.br\/en\/wp-json\/wp\/v2\/types\/product"}],"wp:featuredmedia":[{"embeddable":true,"href":"https:\/\/www.dommodesto.com.br\/en\/wp-json\/wp\/v2\/media\/68094"}],"wp:attachment":[{"href":"https:\/\/www.dommodesto.com.br\/en\/wp-json\/wp\/v2\/media?parent=68093"}],"wp:term":[{"taxonomy":"product_brand","embeddable":true,"href":"https:\/\/www.dommodesto.com.br\/en\/wp-json\/wp\/v2\/product_brand?post=68093"},{"taxonomy":"product_cat","embeddable":true,"href":"https:\/\/www.dommodesto.com.br\/en\/wp-json\/wp\/v2\/product_cat?post=68093"},{"taxonomy":"product_tag","embeddable":true,"href":"https:\/\/www.dommodesto.com.br\/en\/wp-json\/wp\/v2\/product_tag?post=68093"}],"curies":[{"name":"wp","href":"https:\/\/api.w.org\/{rel}","templated":true}]}}