{"id":68038,"date":"2025-04-17T17:08:01","date_gmt":"2025-04-17T20:08:01","guid":{"rendered":"https:\/\/www.dommodesto.com.br\/?post_type=product&#038;p=68038"},"modified":"2025-04-17T17:08:01","modified_gmt":"2025-04-17T20:08:01","slug":"o-campo-como-paradigma-politico-reflexoes-a-luz-de-giorgio-agamben","status":"publish","type":"product","link":"https:\/\/www.dommodesto.com.br\/en\/product\/o-campo-como-paradigma-politico-reflexoes-a-luz-de-giorgio-agamben\/","title":{"rendered":"O campo como paradigma pol\u00edtico: reflex\u00f5es \u00e0 luz de Giorgio Agamben"},"content":{"rendered":"<p style=\"text-align: justify;\">\u201cEsta obra, O campo como paradigma, instiga o tempo presente, o escova a contrapelo em situa\u00e7\u00f5es que aparecem comumente normalizadas. Ao transitarmos por suas reflex\u00f5es, seremos deslocados das vis\u00f5es simplistas para nos introduzir em terrenos de uma complexidade sinuosa, que constitui nossa realidade. Walter Benjamin diz que \u201co instante \u00e9 a porta por onde pode entrar o messias\u201d. O instante \u00e9 constru\u00eddo. A oportunidade \u00e9 criada e assumida. Perante n\u00f3s temos uma obra que cria um instante, uma oportunidade de pensar o real de forma diferente, para propiciar uma pr\u00e1tica alternativa. O risco de querer entrar pela porta desse instante que se nos oferece corresponde ao leitor.\u201d<br \/><em><br \/>Castor M. M. Bartolom\u00e9 Ruiz <\/em><\/p>","protected":false},"excerpt":{"rendered":"<p>Joice Graciele Nielsson<br \/>Maiquel \u00c2ngelo Dezordi Wermuth<\/p>\n<p><strong>Vers\u00e3o digital (e-book) &#8211; Clique no bot\u00e3o comprar<\/strong><br \/><strong>Vers\u00e3o impressa &#8211; INDISPON\u00cdVEL<\/strong><\/p>","protected":false},"featured_media":68040,"template":"","meta":{"_joinchat":[]},"product_brand":[],"product_cat":[57],"product_tag":[],"class_list":{"0":"post-68038","1":"product","2":"type-product","3":"status-publish","4":"has-post-thumbnail","6":"product_cat-ciencias-sociais-aplicadas","7":"align-center","8":"box-shadow-1","9":"box-shadow-3-hover","10":"ast-product-gallery-layout-horizontal","11":"ast-product-gallery-with-no-image","12":"ast-product-tabs-layout-horizontal","14":"first","15":"instock","16":"downloadable","17":"virtual","18":"purchasable","19":"product-type-simple"},"_links":{"self":[{"href":"https:\/\/www.dommodesto.com.br\/en\/wp-json\/wp\/v2\/product\/68038","targetHints":{"allow":["GET"]}}],"collection":[{"href":"https:\/\/www.dommodesto.com.br\/en\/wp-json\/wp\/v2\/product"}],"about":[{"href":"https:\/\/www.dommodesto.com.br\/en\/wp-json\/wp\/v2\/types\/product"}],"wp:featuredmedia":[{"embeddable":true,"href":"https:\/\/www.dommodesto.com.br\/en\/wp-json\/wp\/v2\/media\/68040"}],"wp:attachment":[{"href":"https:\/\/www.dommodesto.com.br\/en\/wp-json\/wp\/v2\/media?parent=68038"}],"wp:term":[{"taxonomy":"product_brand","embeddable":true,"href":"https:\/\/www.dommodesto.com.br\/en\/wp-json\/wp\/v2\/product_brand?post=68038"},{"taxonomy":"product_cat","embeddable":true,"href":"https:\/\/www.dommodesto.com.br\/en\/wp-json\/wp\/v2\/product_cat?post=68038"},{"taxonomy":"product_tag","embeddable":true,"href":"https:\/\/www.dommodesto.com.br\/en\/wp-json\/wp\/v2\/product_tag?post=68038"}],"curies":[{"name":"wp","href":"https:\/\/api.w.org\/{rel}","templated":true}]}}