{"id":68035,"date":"2025-04-17T16:59:36","date_gmt":"2025-04-17T19:59:36","guid":{"rendered":"https:\/\/www.dommodesto.com.br\/?post_type=product&#038;p=68035"},"modified":"2025-04-17T16:59:36","modified_gmt":"2025-04-17T19:59:36","slug":"direitos-humanos-saude-e-educacao-reflexoes-sobre-politicas-de-inclusao-e-acessibilidade-para-pessoas-com-deficiencia","status":"publish","type":"product","link":"https:\/\/www.dommodesto.com.br\/en\/product\/direitos-humanos-saude-e-educacao-reflexoes-sobre-politicas-de-inclusao-e-acessibilidade-para-pessoas-com-deficiencia\/","title":{"rendered":"Direitos humanos, sa\u00fade e educa\u00e7\u00e3o: reflex\u00f5es sobre pol\u00edticas de inclus\u00e3o e acessibilidade para pessoas com defici\u00eancia"},"content":{"rendered":"<p style=\"text-align: justify;\">\u201cAs reflex\u00f5es apresentadas nesta obra mostram-se de suma import\u00e2ncia a partir do momento em que ainda evidenciamos uma sociedade marcada por preconceitos e, portanto, a luta por direitos e promo\u00e7\u00e3o da diversidade e inclus\u00e3o apresentam-se como pautas urgentes. Diante de tal realidade, n\u00e3o se pode olvidar que h\u00e1 um desafio para efetivamente promover-se a inclus\u00e3o e integra\u00e7\u00e3o da pessoa com defici\u00eancia no ambiente social, educacional e laboral, principalmente quando se atesta que as desvantagens enfrentadas pelas pessoas com defici\u00eancia s\u00e3o um problema de toda a sociedade.<\/p>\n<p style=\"text-align: justify;\">A obra aborda in\u00fameros aspectos da inclus\u00e3o da pessoa com defici\u00eancia, tendo como fundamento primordial o direito de acesso \u00e0 educa\u00e7\u00e3o e \u00e0 sa\u00fade, enquanto direitos humanos fundamentais e, consequentemente, essenciais para garantir a inclus\u00e3o da pessoa com defici\u00eancia na sociedade como um todo. Para tanto, os autores e autoras partilham suas experi\u00eancias, trazem uma an\u00e1lise da legisla\u00e7\u00e3o e pol\u00edticas p\u00fablicas existentes para ao final, sem pretens\u00e3o de esgotar o tema, oferecerem uma vis\u00e3o abrangente e multidisciplinar sobre a tem\u00e1tica.\u201d<\/p>\n<p><em>Fab\u00edola Bessa Salmito<\/em><\/p>","protected":false},"excerpt":{"rendered":"<p>Jana\u00edna Machado Sturza<br \/>Joice Graciele Nielsson<br \/>Maiquel \u00c2ngelo Dezordi Wermuth<br \/>(Orgs.)<\/p>\n<p>&lt;strong&gt;Download gratuito (e-book) &ndash; Clique no bot&atilde;o Download\/Comprar&lt;\/strong&gt;<br \/>&lt;strong&gt;Vers&atilde;o impressa &ndash; indispon&iacute;vel&lt;\/strong&gt;<\/p>","protected":false},"featured_media":68037,"template":"","meta":{"_joinchat":[]},"product_brand":[],"product_cat":[57],"product_tag":[],"class_list":{"0":"post-68035","1":"product","2":"type-product","3":"status-publish","4":"has-post-thumbnail","6":"product_cat-ciencias-sociais-aplicadas","7":"align-center","8":"box-shadow-1","9":"box-shadow-3-hover","10":"ast-product-gallery-layout-horizontal","11":"ast-product-gallery-with-no-image","12":"ast-product-tabs-layout-horizontal","14":"first","15":"instock","16":"downloadable","17":"virtual","18":"purchasable","19":"product-type-simple"},"_links":{"self":[{"href":"https:\/\/www.dommodesto.com.br\/en\/wp-json\/wp\/v2\/product\/68035","targetHints":{"allow":["GET"]}}],"collection":[{"href":"https:\/\/www.dommodesto.com.br\/en\/wp-json\/wp\/v2\/product"}],"about":[{"href":"https:\/\/www.dommodesto.com.br\/en\/wp-json\/wp\/v2\/types\/product"}],"wp:featuredmedia":[{"embeddable":true,"href":"https:\/\/www.dommodesto.com.br\/en\/wp-json\/wp\/v2\/media\/68037"}],"wp:attachment":[{"href":"https:\/\/www.dommodesto.com.br\/en\/wp-json\/wp\/v2\/media?parent=68035"}],"wp:term":[{"taxonomy":"product_brand","embeddable":true,"href":"https:\/\/www.dommodesto.com.br\/en\/wp-json\/wp\/v2\/product_brand?post=68035"},{"taxonomy":"product_cat","embeddable":true,"href":"https:\/\/www.dommodesto.com.br\/en\/wp-json\/wp\/v2\/product_cat?post=68035"},{"taxonomy":"product_tag","embeddable":true,"href":"https:\/\/www.dommodesto.com.br\/en\/wp-json\/wp\/v2\/product_tag?post=68035"}],"curies":[{"name":"wp","href":"https:\/\/api.w.org\/{rel}","templated":true}]}}