{"id":68031,"date":"2025-04-17T16:45:43","date_gmt":"2025-04-17T19:45:43","guid":{"rendered":"https:\/\/www.dommodesto.com.br\/?post_type=product&#038;p=68031"},"modified":"2025-04-17T16:45:43","modified_gmt":"2025-04-17T19:45:43","slug":"direito-humano-a-saude-genero-e-migracao-dialogos-a-partir-do-projeto-saude-e-genero-limites-e-possibilidades-da-mediacao-sanitaria-enquanto-mecanismo-de-efetivacao-do-direito-humano-a-sau","status":"publish","type":"product","link":"https:\/\/www.dommodesto.com.br\/en\/product\/direito-humano-a-saude-genero-e-migracao-dialogos-a-partir-do-projeto-saude-e-genero-limites-e-possibilidades-da-mediacao-sanitaria-enquanto-mecanismo-de-efetivacao-do-direito-humano-a-sau\/","title":{"rendered":"Direito humano \u00e0 sa\u00fade, g\u00eanero e migra\u00e7\u00e3o: di\u00e1logos a partir do projeto \u201cSa\u00fade e G\u00eanero: limites e possibilidades da media\u00e7\u00e3o sanit\u00e1ria enquanto mecanismo de efetiva\u00e7\u00e3o do direito humano \u00e0 sa\u00fade para mulheres migrantes no Estado do Rio Grande do Sul (RS)&#8221;"},"content":{"rendered":"<p style=\"text-align: justify;\">\u201cO direito humano \u00e0 sa\u00fade, previsto em instrumentos internacionais como a Declara\u00e7\u00e3o Universal dos Direitos Humanos (1948), deveria ser garantido a todos sem distin\u00e7\u00e3o. No entanto, os obst\u00e1culos impostos \u00e0s mulheres migrantes revelam um hiato entre o que est\u00e1 consagrado no papel e a realidade vivida por aquelas que se deslocam em busca de uma vida melhor. A exclus\u00e3o sanit\u00e1ria dessas popula\u00e7\u00f5es n\u00e3o \u00e9 apenas uma falha administrativa, mas um problema estrutural que exige respostas urgentes e eficazes.<\/p>\n<p style=\"text-align: justify;\">A proposta desta obra \u00e9, portanto, n\u00e3o apenas denunciar essas desigualdades, mas contribuir para a constru\u00e7\u00e3o de um horizonte mais justo. As discuss\u00f5es aqui apresentadas desafiam as leitoras e os leitores a refletir sobre como as pol\u00edticas p\u00fablicas podem ser aprimoradas para garantir que o acesso \u00e0 sa\u00fade seja, de fato, um direito humano universal. A media\u00e7\u00e3o sanit\u00e1ria surge como um mecanismo promissor, capaz de reduzir barreiras e fortalecer redes de prote\u00e7\u00e3o.\u201d<\/p>\n<p><em>Patricia Gorisch<\/em><\/p>","protected":false},"excerpt":{"rendered":"<p>Gabrielle Scola Dutra<br \/>\nJana\u00edna Machado Sturza<br \/>\nCl\u00e1udia Mar\u00edlia Fran\u00e7a Lima Marques<\/p>\n<p><strong>Download gratuito (e-book) &#8211; Clique no bot\u00e3o Download\/Comprar<\/strong><br \/>\n<strong>Vers\u00e3o impressa &#8211; indispon\u00edvel<\/strong><\/p>","protected":false},"featured_media":68034,"template":"","meta":{"_joinchat":[]},"product_brand":[],"product_cat":[57],"product_tag":[],"class_list":{"0":"post-68031","1":"product","2":"type-product","3":"status-publish","4":"has-post-thumbnail","6":"product_cat-ciencias-sociais-aplicadas","7":"align-center","8":"box-shadow-1","9":"box-shadow-3-hover","10":"ast-product-gallery-layout-horizontal","11":"ast-product-gallery-with-no-image","12":"ast-product-tabs-layout-horizontal","14":"first","15":"instock","16":"downloadable","17":"virtual","18":"purchasable","19":"product-type-simple"},"_links":{"self":[{"href":"https:\/\/www.dommodesto.com.br\/en\/wp-json\/wp\/v2\/product\/68031","targetHints":{"allow":["GET"]}}],"collection":[{"href":"https:\/\/www.dommodesto.com.br\/en\/wp-json\/wp\/v2\/product"}],"about":[{"href":"https:\/\/www.dommodesto.com.br\/en\/wp-json\/wp\/v2\/types\/product"}],"wp:featuredmedia":[{"embeddable":true,"href":"https:\/\/www.dommodesto.com.br\/en\/wp-json\/wp\/v2\/media\/68034"}],"wp:attachment":[{"href":"https:\/\/www.dommodesto.com.br\/en\/wp-json\/wp\/v2\/media?parent=68031"}],"wp:term":[{"taxonomy":"product_brand","embeddable":true,"href":"https:\/\/www.dommodesto.com.br\/en\/wp-json\/wp\/v2\/product_brand?post=68031"},{"taxonomy":"product_cat","embeddable":true,"href":"https:\/\/www.dommodesto.com.br\/en\/wp-json\/wp\/v2\/product_cat?post=68031"},{"taxonomy":"product_tag","embeddable":true,"href":"https:\/\/www.dommodesto.com.br\/en\/wp-json\/wp\/v2\/product_tag?post=68031"}],"curies":[{"name":"wp","href":"https:\/\/api.w.org\/{rel}","templated":true}]}}