{"id":67930,"date":"2025-02-28T19:48:00","date_gmt":"2025-02-28T22:48:00","guid":{"rendered":"https:\/\/www.dommodesto.com.br\/?post_type=product&#038;p=67930"},"modified":"2025-02-28T19:50:02","modified_gmt":"2025-02-28T22:50:02","slug":"a-ineficacia-das-politicas-publicas-para-a-dignidade-do-animal-nao-humano-em-situacoes-de-desastres-uma-analise-a-partir-da-teoria-das-capacidades","status":"publish","type":"product","link":"https:\/\/www.dommodesto.com.br\/en\/product\/a-ineficacia-das-politicas-publicas-para-a-dignidade-do-animal-nao-humano-em-situacoes-de-desastres-uma-analise-a-partir-da-teoria-das-capacidades\/","title":{"rendered":"A (in)efic\u00e1cia das pol\u00edticas p\u00fablicas para a dignidade do animal n\u00e3o humano em situa\u00e7\u00f5es de desastres: uma an\u00e1lise a partir da teoria das capacidades"},"content":{"rendered":"<p style=\"text-align: justify;\">&#8220;Este trabalho n\u00e3o apenas contribui para o campo acad\u00eamico do Direito P\u00fablico, mas tamb\u00e9m instiga um debate necess\u00e1rio sobre a coisifica\u00e7\u00e3o\/reifica\u00e7\u00e3o dos animais n\u00e3o humanos no ordenamento jur\u00eddico brasileiro. Ao destacar as falhas nas pol\u00edticas atuais e propor diretrizes para sua melhoria, Gabrielly Saiber Lopes oferece uma perspectiva inovadora que pode influenciar tanto legisladores quanto operadores do direito.<br \/>A pesquisa de Gabrielly Saiber Lopes, ora publicada, \u00e9 mais do que uma an\u00e1lise acad\u00eamica; \u00e9 um chamado \u00e0 a\u00e7\u00e3o. Ao enfatizar a import\u00e2ncia de pol\u00edticas p\u00fablicas eficazes para a prote\u00e7\u00e3o dos animais n\u00e3o humanos em desastres, a autora nos convida a refletir sobre nossas responsabilidades \u00e9ticas e legais em rela\u00e7\u00e3o aos seres que compartilham nosso planeta. Este trabalho \u00e9 uma leitura essencial para todos aqueles que desejam compreender e atuar na promo\u00e7\u00e3o dos direitos fundamentais em um mundo cada vez mais desafiador.&#8221;<\/p>\n<p style=\"text-align: justify;\"><em>Marcelino da Silva Meleu<\/em><\/p>","protected":false},"excerpt":{"rendered":"<p>Gabrielly Saiber Lopes<\/p>\n<p><strong>Vers\u00e3o impressa &#8211; em breve dispon\u00edvel na Amazon e em outros grandes marketplaces.<\/strong><br \/>\n<strong>Vers\u00e3o digital (e-book) &#8211; Clique no bot\u00e3o comprar<\/strong><\/p>","protected":false},"featured_media":67932,"template":"","meta":{"_joinchat":[]},"product_brand":[],"product_cat":[57],"product_tag":[],"class_list":{"0":"post-67930","1":"product","2":"type-product","3":"status-publish","4":"has-post-thumbnail","6":"product_cat-ciencias-sociais-aplicadas","7":"align-center","8":"box-shadow-1","9":"box-shadow-3-hover","10":"ast-product-gallery-layout-horizontal","11":"ast-product-gallery-with-no-image","12":"ast-product-tabs-layout-horizontal","14":"first","15":"instock","16":"downloadable","17":"virtual","18":"purchasable","19":"product-type-simple"},"_links":{"self":[{"href":"https:\/\/www.dommodesto.com.br\/en\/wp-json\/wp\/v2\/product\/67930","targetHints":{"allow":["GET"]}}],"collection":[{"href":"https:\/\/www.dommodesto.com.br\/en\/wp-json\/wp\/v2\/product"}],"about":[{"href":"https:\/\/www.dommodesto.com.br\/en\/wp-json\/wp\/v2\/types\/product"}],"wp:featuredmedia":[{"embeddable":true,"href":"https:\/\/www.dommodesto.com.br\/en\/wp-json\/wp\/v2\/media\/67932"}],"wp:attachment":[{"href":"https:\/\/www.dommodesto.com.br\/en\/wp-json\/wp\/v2\/media?parent=67930"}],"wp:term":[{"taxonomy":"product_brand","embeddable":true,"href":"https:\/\/www.dommodesto.com.br\/en\/wp-json\/wp\/v2\/product_brand?post=67930"},{"taxonomy":"product_cat","embeddable":true,"href":"https:\/\/www.dommodesto.com.br\/en\/wp-json\/wp\/v2\/product_cat?post=67930"},{"taxonomy":"product_tag","embeddable":true,"href":"https:\/\/www.dommodesto.com.br\/en\/wp-json\/wp\/v2\/product_tag?post=67930"}],"curies":[{"name":"wp","href":"https:\/\/api.w.org\/{rel}","templated":true}]}}