{"id":67921,"date":"2025-02-26T20:46:40","date_gmt":"2025-02-26T23:46:40","guid":{"rendered":"https:\/\/www.dommodesto.com.br\/?post_type=product&#038;p=67921"},"modified":"2025-02-26T20:46:40","modified_gmt":"2025-02-26T23:46:40","slug":"direito-humano-a-saude-sob-a-matriz-biopolitica-do-direito-fraterno-biotecnologias-de-genero-na-era-farmacopornografica","status":"publish","type":"product","link":"https:\/\/www.dommodesto.com.br\/en\/product\/direito-humano-a-saude-sob-a-matriz-biopolitica-do-direito-fraterno-biotecnologias-de-genero-na-era-farmacopornografica\/","title":{"rendered":"Direito humano \u00e0 sa\u00fade sob a matriz biopol\u00edtica do Direito Fraterno: biotecnologias de g\u00eanero na era farmacopornogr\u00e1fica"},"content":{"rendered":"<p>&#8220;O livro revela coragem e enorme mobiliza\u00e7\u00e3o para dispor de capacidade te\u00f3rica e social, em que as autoras tra\u00e7am, por diversos caminhos, respostas para um direito vivo, em que vicejam novas ra\u00edzes e redes para a constru\u00e7\u00e3o de uma sociedade despatriarcalizada, mais justa e democr\u00e1tica. Neste sentido, a urg\u00eancia de uma nova agenda te\u00f3rico-epist\u00eamica, revelada pela obra, demonstra a capacidade do direito de se reinventar em prol das lutas sociais a que tanto lhe importa. Enfim, um texto essencial.&#8221;<\/p>\n<p><em>Prof. Dr. Renato Duro Dias<\/em><\/p>","protected":false},"excerpt":{"rendered":"<p>Jana\u00edna Machado Sturza<br \/>Gabrielle Scola Dutra<br \/>Paula Fab\u00edola Cigana<\/p>\n<p><strong>Download gratuito (e-book) &#8211; Clique no bot\u00e3o Download\/Comprar<\/strong><br \/><strong>Vers\u00e3o impressa &#8211; indispon\u00edvel<\/strong><\/p>","protected":false},"featured_media":67924,"template":"","meta":{"_joinchat":[]},"product_brand":[],"product_cat":[15],"product_tag":[],"class_list":{"0":"post-67921","1":"product","2":"type-product","3":"status-publish","4":"has-post-thumbnail","6":"product_cat-sem-categoria","7":"align-center","8":"box-shadow-1","9":"box-shadow-3-hover","10":"ast-product-gallery-layout-horizontal","11":"ast-product-gallery-with-no-image","12":"ast-product-tabs-layout-horizontal","14":"first","15":"instock","16":"downloadable","17":"virtual","18":"purchasable","19":"product-type-simple"},"_links":{"self":[{"href":"https:\/\/www.dommodesto.com.br\/en\/wp-json\/wp\/v2\/product\/67921","targetHints":{"allow":["GET"]}}],"collection":[{"href":"https:\/\/www.dommodesto.com.br\/en\/wp-json\/wp\/v2\/product"}],"about":[{"href":"https:\/\/www.dommodesto.com.br\/en\/wp-json\/wp\/v2\/types\/product"}],"wp:featuredmedia":[{"embeddable":true,"href":"https:\/\/www.dommodesto.com.br\/en\/wp-json\/wp\/v2\/media\/67924"}],"wp:attachment":[{"href":"https:\/\/www.dommodesto.com.br\/en\/wp-json\/wp\/v2\/media?parent=67921"}],"wp:term":[{"taxonomy":"product_brand","embeddable":true,"href":"https:\/\/www.dommodesto.com.br\/en\/wp-json\/wp\/v2\/product_brand?post=67921"},{"taxonomy":"product_cat","embeddable":true,"href":"https:\/\/www.dommodesto.com.br\/en\/wp-json\/wp\/v2\/product_cat?post=67921"},{"taxonomy":"product_tag","embeddable":true,"href":"https:\/\/www.dommodesto.com.br\/en\/wp-json\/wp\/v2\/product_tag?post=67921"}],"curies":[{"name":"wp","href":"https:\/\/api.w.org\/{rel}","templated":true}]}}