{"id":67874,"date":"2025-01-14T17:59:48","date_gmt":"2025-01-14T20:59:48","guid":{"rendered":"https:\/\/www.dommodesto.com.br\/?post_type=product&#038;p=67874"},"modified":"2025-01-14T17:59:49","modified_gmt":"2025-01-14T20:59:49","slug":"o-estado-social-em-xeque-vol-iv","status":"publish","type":"product","link":"https:\/\/www.dommodesto.com.br\/en\/product\/o-estado-social-em-xeque-vol-iv\/","title":{"rendered":"O Estado Social em xeque \u2013 vol. IV"},"content":{"rendered":"<p style=\"text-align: justify;\">A obra re\u00fane uma pluralidade de vozes acad\u00eamicas que exploram, de forma cr\u00edtica e inovadora, as tens\u00f5es, transforma\u00e7\u00f5es e incertezas que permeiam o Estado Social e sua intersec\u00e7\u00e3o com a democracia no Brasil e no mundo. A publica\u00e7\u00e3o reafirma seu compromisso com a produ\u00e7\u00e3o cient\u00edfica de qualidade, oferecendo espa\u00e7o para o di\u00e1logo entre temas como constitucionalismo, direitos sociais, governan\u00e7a democr\u00e1tica, inclus\u00e3o, liberdade de express\u00e3o nas redes sociais, a judicializa\u00e7\u00e3o da pol\u00edtica, justi\u00e7a social e desafios institucionais.<\/p>","protected":false},"excerpt":{"rendered":"<p>Giancarlo Montagner Copelli<br \/>Mario Di Stefano Filho<br \/>Marcelo Dias Jaques<br \/>(Orgs.)<\/p>\n<p><strong>Vers\u00e3o digital (e-book) &#8211; Clique no bot\u00e3o Comprar<\/strong><br \/><strong>Vers\u00e3o impressa &#8211; em breve na Amazon e em outros marketplaces<\/strong><\/p>","protected":false},"featured_media":67876,"template":"","meta":{"_joinchat":[]},"product_brand":[],"product_cat":[15],"product_tag":[],"class_list":{"0":"post-67874","1":"product","2":"type-product","3":"status-publish","4":"has-post-thumbnail","6":"product_cat-sem-categoria","7":"align-center","8":"box-shadow-1","9":"box-shadow-3-hover","10":"ast-product-gallery-layout-horizontal","11":"ast-product-gallery-with-no-image","12":"ast-product-tabs-layout-horizontal","14":"first","15":"instock","16":"shipping-taxable","17":"product-type-simple"},"_links":{"self":[{"href":"https:\/\/www.dommodesto.com.br\/en\/wp-json\/wp\/v2\/product\/67874","targetHints":{"allow":["GET"]}}],"collection":[{"href":"https:\/\/www.dommodesto.com.br\/en\/wp-json\/wp\/v2\/product"}],"about":[{"href":"https:\/\/www.dommodesto.com.br\/en\/wp-json\/wp\/v2\/types\/product"}],"wp:featuredmedia":[{"embeddable":true,"href":"https:\/\/www.dommodesto.com.br\/en\/wp-json\/wp\/v2\/media\/67876"}],"wp:attachment":[{"href":"https:\/\/www.dommodesto.com.br\/en\/wp-json\/wp\/v2\/media?parent=67874"}],"wp:term":[{"taxonomy":"product_brand","embeddable":true,"href":"https:\/\/www.dommodesto.com.br\/en\/wp-json\/wp\/v2\/product_brand?post=67874"},{"taxonomy":"product_cat","embeddable":true,"href":"https:\/\/www.dommodesto.com.br\/en\/wp-json\/wp\/v2\/product_cat?post=67874"},{"taxonomy":"product_tag","embeddable":true,"href":"https:\/\/www.dommodesto.com.br\/en\/wp-json\/wp\/v2\/product_tag?post=67874"}],"curies":[{"name":"wp","href":"https:\/\/api.w.org\/{rel}","templated":true}]}}