{"id":67838,"date":"2024-12-13T09:30:44","date_gmt":"2024-12-13T12:30:44","guid":{"rendered":"https:\/\/www.dommodesto.com.br\/?post_type=product&#038;p=67838"},"modified":"2025-01-23T09:38:08","modified_gmt":"2025-01-23T12:38:08","slug":"mudancas-climaticas-adaptacao-do-direito-de-propriedade-a-elevacao-do-nivel-do-mar-na-zona-costeira-do-brasil","status":"publish","type":"product","link":"https:\/\/www.dommodesto.com.br\/en\/product\/mudancas-climaticas-adaptacao-do-direito-de-propriedade-a-elevacao-do-nivel-do-mar-na-zona-costeira-do-brasil\/","title":{"rendered":"Mudan\u00e7as clim\u00e1ticas: adapta\u00e7\u00e3o do direito de propriedade \u00e0 eleva\u00e7\u00e3o do n\u00edvel do mar na zona costeira do Brasil"},"content":{"rendered":"<p style=\"text-align: justify;\">\u201cO presente livro \u00e9 fruto de uma s\u00f3lida carreira jur\u00eddica combinada a uma densa pesquisa sobre as transforma\u00e7\u00f5es que o direito de propriedade privada come\u00e7a a sofrer ante o avan\u00e7o das mudan\u00e7as clim\u00e1ticas, destacadamente em virtude da eleva\u00e7\u00e3o do n\u00edvel do mar nas zonas costeiras. A obra n\u00e3o se limita a fazer um atento diagn\u00f3stico, mas tamb\u00e9m prop\u00f5e uma reinterpreta\u00e7\u00e3o \u2013 absolutamente necess\u00e1ria \u2013 a ser dada a instrumentos urban\u00edsticos para a adapta\u00e7\u00e3o clim\u00e1tica das cidades brasileiras, especialmente aquelas litor\u00e2neas.\u201d<\/p>\n<p><strong>Prof. Dr. D\u00e9lton Winter de Carvalho<\/strong><\/p>","protected":false},"excerpt":{"rendered":"<p>\u00c2ngela Molin<\/p>\n<p><strong>Vers\u00e3o digital (e-book) &#8211; clique no bot\u00e3o comprar.<\/strong><br \/><strong>Vers\u00e3o impressa &#8211; <a href=\"https:\/\/www.amazon.com.br\/Mudan%C3%A7as-clim%C3%A1ticas-%C3%82ngela-Molin\/dp\/6552350295\/ref=sr_1_1?__mk_pt_BR=%C3%85M%C3%85%C5%BD%C3%95%C3%91&amp;crid=3J2QTUQ6UR9MR&amp;dib=eyJ2IjoiMSJ9.eVPRFxxbhOFhWusiw-ITqLtfqkyrnPUiilFrGZliNaTqos6AgFdsMU80bU_TU5-QC0cYEAIXt1e2-E1uYoI_Nbt63quPZWblfALKqOkFdYeQOzFFYd5lqvpwoSUAg167DsEXS6ZAzcZHTxSS0BxP3FniJXE_H-__wrOgutS7bvJeyVtRCT2D7Wu_dxIUyVna1Ls0MwvWvJ4H11cJvIQDS4XJTF6NmHBxch0uxlhECXq8OifutVOAeW4kAY3ZKT2cCGQNtT_eLL1rhadVckiicmsqKlJcAMxpf9-ezhhVcU54fIe5TBf6RilVwk5ULx4lE1xWqBQFeiMJp48BZiuOxGrmZ0JzkYwrtWhk0uKk_cU_oe-txMzExj6Pu038dn6GLkWlpwXJAnkxYxOo5ycuZbClVRWkeWcjOtbx597b7q9TgwZ9Jpz8-bh2Vn21b2jV.XZfCBsN_fvgKEb85BeJmDiuOsPyZa4pqwWklDo_YHtM&amp;dib_tag=se&amp;keywords=%22angela+molin%22&amp;qid=1737635825&amp;sprefix=angela+molin+%2Caps%2C246&amp;sr=8-1&amp;ufe=app_do%3Aamzn1.fos.6d798eae-cadf-45de-946a-f477d47705b9\">Clique aqui<\/a><\/strong><\/p>","protected":false},"featured_media":67840,"template":"","meta":{"_joinchat":[]},"product_brand":[],"product_cat":[57],"product_tag":[],"class_list":{"0":"post-67838","1":"product","2":"type-product","3":"status-publish","4":"has-post-thumbnail","6":"product_cat-ciencias-sociais-aplicadas","7":"align-center","8":"box-shadow-1","9":"box-shadow-3-hover","10":"ast-product-gallery-layout-horizontal","11":"ast-product-gallery-with-no-image","12":"ast-product-tabs-layout-horizontal","14":"first","15":"instock","16":"downloadable","17":"virtual","18":"purchasable","19":"product-type-simple"},"_links":{"self":[{"href":"https:\/\/www.dommodesto.com.br\/en\/wp-json\/wp\/v2\/product\/67838","targetHints":{"allow":["GET"]}}],"collection":[{"href":"https:\/\/www.dommodesto.com.br\/en\/wp-json\/wp\/v2\/product"}],"about":[{"href":"https:\/\/www.dommodesto.com.br\/en\/wp-json\/wp\/v2\/types\/product"}],"wp:featuredmedia":[{"embeddable":true,"href":"https:\/\/www.dommodesto.com.br\/en\/wp-json\/wp\/v2\/media\/67840"}],"wp:attachment":[{"href":"https:\/\/www.dommodesto.com.br\/en\/wp-json\/wp\/v2\/media?parent=67838"}],"wp:term":[{"taxonomy":"product_brand","embeddable":true,"href":"https:\/\/www.dommodesto.com.br\/en\/wp-json\/wp\/v2\/product_brand?post=67838"},{"taxonomy":"product_cat","embeddable":true,"href":"https:\/\/www.dommodesto.com.br\/en\/wp-json\/wp\/v2\/product_cat?post=67838"},{"taxonomy":"product_tag","embeddable":true,"href":"https:\/\/www.dommodesto.com.br\/en\/wp-json\/wp\/v2\/product_tag?post=67838"}],"curies":[{"name":"wp","href":"https:\/\/api.w.org\/{rel}","templated":true}]}}