{"id":67832,"date":"2024-12-11T17:48:50","date_gmt":"2024-12-11T20:48:50","guid":{"rendered":"https:\/\/www.dommodesto.com.br\/?post_type=product&#038;p=67832"},"modified":"2024-12-13T14:09:16","modified_gmt":"2024-12-13T17:09:16","slug":"acoes-afirmativas-como-instrumento-de-inclusao-etnico-racial-o-papel-do-direito-na-construcao-de-uma-educacao-antirracista","status":"publish","type":"product","link":"https:\/\/www.dommodesto.com.br\/en\/product\/acoes-afirmativas-como-instrumento-de-inclusao-etnico-racial-o-papel-do-direito-na-construcao-de-uma-educacao-antirracista\/","title":{"rendered":"A\u00e7\u00f5es afirmativas como instrumento de inclus\u00e3o \u00e9tnico-racial: o papel do Direito na constru\u00e7\u00e3o de uma educa\u00e7\u00e3o antirracista"},"content":{"rendered":"<p style=\"text-align: justify;\">\u201cAo mergulharmos nas p\u00e1ginas deste livro, convido voc\u00ea, leitor, a se engajar em um di\u00e1logo rico e significativo sobre cotas afirmativas, justi\u00e7a e igualdade. Este livro n\u00e3o apenas esclarece os debates em torno desses t\u00f3picos, mas tamb\u00e9m nos inspira a combater a desigualdade t\u00e3o presente em nosso cotidiano e a promover a justi\u00e7a social. Enquanto juristas, o livro nos estimula a lutar por um direito n\u00e3o-discriminat\u00f3rio e igualit\u00e1rio, caracterizando-se, assim, como uma contribui\u00e7\u00e3o not\u00e1vel para a \u00e1rea do Direito, sobretudo por versar acerca de uma tem\u00e1tica que deveria ser muito mais explorada e trabalhada nos textos acad\u00eamicos. <span style=\"font-size: 16px;\">Espero que sua leitura inspire e provoque reflex\u00f5es profundas sobre o racismo, no anseio de que a legisla\u00e7\u00e3o e a jurisprud\u00eancia sejam usadas para promover a igualdade e a justi\u00e7a social, motivando-nos a buscar sempre um mundo mais justo, inclusivo e igualit\u00e1rio.<\/span><\/p>\n<p style=\"text-align: justify;\">A voz de Carem Barbosa de Castro nesta obra \u00e9 inegavelmente poderosa e esclarecedora ao nos convidar a compreender o caminho em dire\u00e7\u00e3o a uma sociedade mais equitativa e plural, em que a igualdade racial n\u00e3o seja mais do que uma utopia, mas, sim, uma realidade tang\u00edvel e concreta.\u201d<\/p>\n<p><strong>Andr\u00e9 Olivier<\/strong><\/p>","protected":false},"excerpt":{"rendered":"<p>Carem Barbosa de Castro<\/p>\n<p><strong>Vers\u00e3o digital (e-book) &#8211; indispon\u00edvel<\/strong><br \/><strong>Vers\u00e3o impressa &#8211; em breve na Amazon e nos principais marketplaces<\/strong><\/p>","protected":false},"featured_media":67835,"template":"","meta":{"_joinchat":[]},"product_brand":[],"product_cat":[57],"product_tag":[],"class_list":{"0":"post-67832","1":"product","2":"type-product","3":"status-publish","4":"has-post-thumbnail","6":"product_cat-ciencias-sociais-aplicadas","7":"align-center","8":"box-shadow-1","9":"box-shadow-3-hover","10":"ast-product-gallery-layout-horizontal","11":"ast-product-gallery-with-no-image","12":"ast-product-tabs-layout-horizontal","14":"first","15":"instock","16":"shipping-taxable","17":"product-type-simple"},"_links":{"self":[{"href":"https:\/\/www.dommodesto.com.br\/en\/wp-json\/wp\/v2\/product\/67832","targetHints":{"allow":["GET"]}}],"collection":[{"href":"https:\/\/www.dommodesto.com.br\/en\/wp-json\/wp\/v2\/product"}],"about":[{"href":"https:\/\/www.dommodesto.com.br\/en\/wp-json\/wp\/v2\/types\/product"}],"wp:featuredmedia":[{"embeddable":true,"href":"https:\/\/www.dommodesto.com.br\/en\/wp-json\/wp\/v2\/media\/67835"}],"wp:attachment":[{"href":"https:\/\/www.dommodesto.com.br\/en\/wp-json\/wp\/v2\/media?parent=67832"}],"wp:term":[{"taxonomy":"product_brand","embeddable":true,"href":"https:\/\/www.dommodesto.com.br\/en\/wp-json\/wp\/v2\/product_brand?post=67832"},{"taxonomy":"product_cat","embeddable":true,"href":"https:\/\/www.dommodesto.com.br\/en\/wp-json\/wp\/v2\/product_cat?post=67832"},{"taxonomy":"product_tag","embeddable":true,"href":"https:\/\/www.dommodesto.com.br\/en\/wp-json\/wp\/v2\/product_tag?post=67832"}],"curies":[{"name":"wp","href":"https:\/\/api.w.org\/{rel}","templated":true}]}}