{"id":67800,"date":"2024-11-22T08:58:03","date_gmt":"2024-11-22T11:58:03","guid":{"rendered":"https:\/\/www.dommodesto.com.br\/?post_type=product&#038;p=67800"},"modified":"2024-12-13T14:09:42","modified_gmt":"2024-12-13T17:09:42","slug":"perspectivas-constitucionais-interdisciplinares-sobre-a-tutela-dos-direitos-de-personalidade","status":"publish","type":"product","link":"https:\/\/www.dommodesto.com.br\/en\/product\/perspectivas-constitucionais-interdisciplinares-sobre-a-tutela-dos-direitos-de-personalidade\/","title":{"rendered":"Perspectivas constitucionais interdisciplinares sobre a  tutela dos direitos de personalidade"},"content":{"rendered":"<p style=\"text-align: justify;\">Os direitos de personalidade \u2013 incluindo a honra, a privacidade, a imagem e a integridade f\u00edsica e moral \u2013 representam fundamentos imprescind\u00edveis para a constru\u00e7\u00e3o de uma sociedade justa e igualit\u00e1ria. No entanto, em uma \u00e9poca marcada pela complexidade tecnol\u00f3gica, pelas transforma\u00e7\u00f5es sociais e pela crescente exposi\u00e7\u00e3o do indiv\u00edduo em espa\u00e7os p\u00fablicos e privados, a tutela desses direitos exige uma abordagem robusta e atualizada, que contemple as novas demandas sociais e tecnol\u00f3gicas. Esta obra busca exatamente isso: promover uma an\u00e1lise profunda e detalhada dos direitos de personalidade sob o prisma da Constitui\u00e7\u00e3o de 1988, que trouxe a prote\u00e7\u00e3o desses direitos ao centro do ordenamento jur\u00eddico brasileiro.<\/p>\n<p style=\"text-align: justify;\">Ao longo dos cap\u00edtulos, a obra oferece uma vis\u00e3o ampla e interdisciplinar sobre os direitos de personalidade, discutindo desde as quest\u00f5es te\u00f3ricas e os fundamentos jur\u00eddicos at\u00e9 os desafios pr\u00e1ticos na sua aplica\u00e7\u00e3o. A Defensoria P\u00fablica, como institui\u00e7\u00e3o constitucionalmente incumbida da defesa dos mais vulner\u00e1veis, \u00e9 discutida em suas atribui\u00e7\u00f5es e limita\u00e7\u00f5es na garantia desses direitos, mostrando-se como uma protagonista relevante na constru\u00e7\u00e3o de uma justi\u00e7a social efetiva.<\/p>","protected":false},"excerpt":{"rendered":"<p>Rog\u00e9rio Borges Freitas<br \/>Rodrigo Valente Giublin Teixeira<br \/>(Orgs.)<\/p>\n<p><strong>Vers\u00e3o digital (e-book) &#8211; Clique no bot\u00e3o Comprar<\/strong><br \/><strong>Vers\u00e3o impressa &#8211; indispon\u00edvel<\/strong><\/p>","protected":false},"featured_media":67802,"template":"","meta":{"_joinchat":[]},"product_brand":[],"product_cat":[57],"product_tag":[],"class_list":{"0":"post-67800","1":"product","2":"type-product","3":"status-publish","4":"has-post-thumbnail","6":"product_cat-ciencias-sociais-aplicadas","7":"align-center","8":"box-shadow-1","9":"box-shadow-3-hover","10":"ast-product-gallery-layout-horizontal","11":"ast-product-gallery-with-no-image","12":"ast-product-tabs-layout-horizontal","14":"first","15":"instock","16":"downloadable","17":"virtual","18":"purchasable","19":"product-type-simple"},"_links":{"self":[{"href":"https:\/\/www.dommodesto.com.br\/en\/wp-json\/wp\/v2\/product\/67800","targetHints":{"allow":["GET"]}}],"collection":[{"href":"https:\/\/www.dommodesto.com.br\/en\/wp-json\/wp\/v2\/product"}],"about":[{"href":"https:\/\/www.dommodesto.com.br\/en\/wp-json\/wp\/v2\/types\/product"}],"wp:featuredmedia":[{"embeddable":true,"href":"https:\/\/www.dommodesto.com.br\/en\/wp-json\/wp\/v2\/media\/67802"}],"wp:attachment":[{"href":"https:\/\/www.dommodesto.com.br\/en\/wp-json\/wp\/v2\/media?parent=67800"}],"wp:term":[{"taxonomy":"product_brand","embeddable":true,"href":"https:\/\/www.dommodesto.com.br\/en\/wp-json\/wp\/v2\/product_brand?post=67800"},{"taxonomy":"product_cat","embeddable":true,"href":"https:\/\/www.dommodesto.com.br\/en\/wp-json\/wp\/v2\/product_cat?post=67800"},{"taxonomy":"product_tag","embeddable":true,"href":"https:\/\/www.dommodesto.com.br\/en\/wp-json\/wp\/v2\/product_tag?post=67800"}],"curies":[{"name":"wp","href":"https:\/\/api.w.org\/{rel}","templated":true}]}}