{"id":67797,"date":"2024-11-22T08:38:44","date_gmt":"2024-11-22T11:38:44","guid":{"rendered":"https:\/\/www.dommodesto.com.br\/?post_type=product&#038;p=67797"},"modified":"2024-11-22T08:38:44","modified_gmt":"2024-11-22T11:38:44","slug":"marcos-legais-dos-direitos-das-mulheres","status":"publish","type":"product","link":"https:\/\/www.dommodesto.com.br\/en\/product\/marcos-legais-dos-direitos-das-mulheres\/","title":{"rendered":"Marcos legais dos direitos das mulheres"},"content":{"rendered":"<p style=\"text-align: justify;\">\u201cAtualmente, a luta pelos direitos das mulheres \u00e9 imperativa e premente, n\u00e3o havendo mais espa\u00e7o para discrimina\u00e7\u00e3o de g\u00eanero e organiza\u00e7\u00e3o social estruturalmente machista. Portanto, \u00e9 com grande honra, felicidade e entusiasmo que apresento este livro, resultado do trabalho comprometido da Comiss\u00e3o dos Direitos da Mulher do Instituto dos Advogados Brasileiros, que confere a este trabalho um marco importante para o IAB.<\/p>\n<p>Iniciativas como este livro, promovidas pela Comiss\u00e3o dos Direitos da Mulher do Instituto dos Advogados Brasileiros, conduzida de forma combativa por sua presidente e ex-presidente do IAB, Dra. Rita Cortez, s\u00e3o indispens\u00e1veis para que possamos avan\u00e7ar na constru\u00e7\u00e3o de uma sociedade mais justa e igualit\u00e1ria.<\/p>\n<p>Nesta obra, a segunda organizada pela Comiss\u00e3o, encontramos n\u00e3o apenas uma compila\u00e7\u00e3o de conhecimento, mas um verdadeiro ordenamento em prol da equidade de g\u00eanero. Ao longo dos artigos, as autoras apresentam dados, que ilustram a realidade enfrentada pelos direitos das mulheres no Brasil e ao redor do mundo. Assuntos como o acesso \u00e0 justi\u00e7a, os desafios nas condi\u00e7\u00f5es de trabalho, a sa\u00fade integral da mulher e a viol\u00eancia de g\u00eanero s\u00e3o tratados com raro talento e nos leva reflexionar sobre todos os temas atinentes ao vasto universo dos direitos das mulheres.<\/p>\n<p>Cada cap\u00edtulo deste livro aborda diferentes aspectos dessa batalha, oferecendo uma vis\u00e3o abrangente e cr\u00edtica sobre a realidade enfrentada pelas mulheres globalmente.\u201d<\/p>\n<p style=\"text-align: justify;\"><em>Sydney Limeira Sanches<\/em><br \/>Presidente Nacional do IAB<\/p>","protected":false},"excerpt":{"rendered":"<p>Dire\u00e7\u00e3o<br \/>Rita de C\u00e1ssia Sant\u2019anna Cortez<br \/>Adriana Brasil Guimar\u00e3es<br \/>D\u00e9bora Batista Martins<br \/>Maria da Gl\u00f3ria Costa Gon\u00e7alves de Sousa Aquino<\/p>\n<p><strong>Vers\u00e3o e-book &#8211; em breve<\/strong><br \/><strong>Vers\u00e3o impressa &#8211; indispon\u00edvel<\/strong><\/p>","protected":false},"featured_media":67798,"template":"","meta":{"_joinchat":[]},"product_brand":[],"product_cat":[15],"product_tag":[],"class_list":{"0":"post-67797","1":"product","2":"type-product","3":"status-publish","4":"has-post-thumbnail","6":"product_cat-sem-categoria","7":"align-center","8":"box-shadow-1","9":"box-shadow-3-hover","10":"ast-product-gallery-layout-horizontal","11":"ast-product-gallery-with-no-image","12":"ast-product-tabs-layout-horizontal","14":"first","15":"instock","16":"shipping-taxable","17":"product-type-simple"},"_links":{"self":[{"href":"https:\/\/www.dommodesto.com.br\/en\/wp-json\/wp\/v2\/product\/67797","targetHints":{"allow":["GET"]}}],"collection":[{"href":"https:\/\/www.dommodesto.com.br\/en\/wp-json\/wp\/v2\/product"}],"about":[{"href":"https:\/\/www.dommodesto.com.br\/en\/wp-json\/wp\/v2\/types\/product"}],"wp:featuredmedia":[{"embeddable":true,"href":"https:\/\/www.dommodesto.com.br\/en\/wp-json\/wp\/v2\/media\/67798"}],"wp:attachment":[{"href":"https:\/\/www.dommodesto.com.br\/en\/wp-json\/wp\/v2\/media?parent=67797"}],"wp:term":[{"taxonomy":"product_brand","embeddable":true,"href":"https:\/\/www.dommodesto.com.br\/en\/wp-json\/wp\/v2\/product_brand?post=67797"},{"taxonomy":"product_cat","embeddable":true,"href":"https:\/\/www.dommodesto.com.br\/en\/wp-json\/wp\/v2\/product_cat?post=67797"},{"taxonomy":"product_tag","embeddable":true,"href":"https:\/\/www.dommodesto.com.br\/en\/wp-json\/wp\/v2\/product_tag?post=67797"}],"curies":[{"name":"wp","href":"https:\/\/api.w.org\/{rel}","templated":true}]}}