{"id":67749,"date":"2024-11-12T00:37:04","date_gmt":"2024-11-12T03:37:04","guid":{"rendered":"https:\/\/www.dommodesto.com.br\/?post_type=product&#038;p=67749"},"modified":"2024-11-12T00:37:56","modified_gmt":"2024-11-12T03:37:56","slug":"direitos-intergeracionais-desafios-para-o-seculo-xxi","status":"publish","type":"product","link":"https:\/\/www.dommodesto.com.br\/en\/product\/direitos-intergeracionais-desafios-para-o-seculo-xxi\/","title":{"rendered":"Direitos intergeracionais: desafios para o s\u00e9culo XXI"},"content":{"rendered":"<p style=\"text-align: justify;\">A presente obra que se entrega agora \u00e0 comunidade acad\u00eamica aborda, de algum modo ou de outro, a tem\u00e1tica dos direitos intergeracionais. Na forma de colet\u00e2nea de artigos, a obra \u00e9 fruto do longo processo de internacionaliza\u00e7\u00e3o do Programa de P\u00f3s-Gradua\u00e7\u00e3o em Direito da Universidade do Vale do Rio dos Sinos \u2013 UNISINOS, envolvendo pesquisadores, estudantes e professores, do Brasil e de Portugal. Trata-se de uma obra coletiva que re\u00fane os trabalhos desenvolvidos e apresentados in loco no \u201cII Semin\u00e1rio Internacional Direitos Intergeracionais: Desafios para o S\u00e9culo XXI\u201d, evento organizado pelo <em>Cat\u00f3lica Research Centre for the Future of Law<\/em>, vinculado \u00e0 Faculdade de Direito da Universidade Cat\u00f3lica Portuguesa, em parceria com a Unisinos, entre os dias 29 de fevereiro a 1\u00ba de mar\u00e7o de 2024, em Lisboa \u2013 Portugal.<\/p>","protected":false},"excerpt":{"rendered":"<p>Andr\u00e9 Luiz Olivier da Silva<br \/>J\u00e2nia Maria Lopes Saldanha<br \/>Muriele De Conto Boscatto<br \/>(Orgs.)<\/p>\n<p><strong>Download gratuito (e-book) &#8211; Clique no bot\u00e3o Download\/Comprar<\/strong><br \/><strong>Vers\u00e3o impressa &#8211; indispon\u00edvel<\/strong><\/p>","protected":false},"featured_media":67753,"template":"","meta":{"_joinchat":[]},"product_brand":[],"product_cat":[57],"product_tag":[],"class_list":{"0":"post-67749","1":"product","2":"type-product","3":"status-publish","4":"has-post-thumbnail","6":"product_cat-ciencias-sociais-aplicadas","7":"align-center","8":"box-shadow-1","9":"box-shadow-3-hover","10":"ast-product-gallery-layout-horizontal","11":"ast-product-gallery-with-no-image","12":"ast-product-tabs-layout-horizontal","14":"first","15":"instock","16":"downloadable","17":"virtual","18":"purchasable","19":"product-type-simple"},"_links":{"self":[{"href":"https:\/\/www.dommodesto.com.br\/en\/wp-json\/wp\/v2\/product\/67749","targetHints":{"allow":["GET"]}}],"collection":[{"href":"https:\/\/www.dommodesto.com.br\/en\/wp-json\/wp\/v2\/product"}],"about":[{"href":"https:\/\/www.dommodesto.com.br\/en\/wp-json\/wp\/v2\/types\/product"}],"wp:featuredmedia":[{"embeddable":true,"href":"https:\/\/www.dommodesto.com.br\/en\/wp-json\/wp\/v2\/media\/67753"}],"wp:attachment":[{"href":"https:\/\/www.dommodesto.com.br\/en\/wp-json\/wp\/v2\/media?parent=67749"}],"wp:term":[{"taxonomy":"product_brand","embeddable":true,"href":"https:\/\/www.dommodesto.com.br\/en\/wp-json\/wp\/v2\/product_brand?post=67749"},{"taxonomy":"product_cat","embeddable":true,"href":"https:\/\/www.dommodesto.com.br\/en\/wp-json\/wp\/v2\/product_cat?post=67749"},{"taxonomy":"product_tag","embeddable":true,"href":"https:\/\/www.dommodesto.com.br\/en\/wp-json\/wp\/v2\/product_tag?post=67749"}],"curies":[{"name":"wp","href":"https:\/\/api.w.org\/{rel}","templated":true}]}}