{"id":67748,"date":"2024-11-11T23:51:54","date_gmt":"2024-11-12T02:51:54","guid":{"rendered":"https:\/\/www.dommodesto.com.br\/?post_type=product&#038;p=67748"},"modified":"2024-11-11T23:51:54","modified_gmt":"2024-11-12T02:51:54","slug":"direitos-de-personalidade-abordagens-contemporaneas-e-constitucionalidade","status":"publish","type":"product","link":"https:\/\/www.dommodesto.com.br\/en\/product\/direitos-de-personalidade-abordagens-contemporaneas-e-constitucionalidade\/","title":{"rendered":"Direitos de personalidade: abordagens contempor\u00e2neas e constitucionalidade"},"content":{"rendered":"<p style=\"text-align: justify;\">Cada cap\u00edtulo desta obra foi pensado para oferecer ao leitor uma vis\u00e3o aprofundada sobre diferentes aspectos dos direitos de personalidade, incluindo suas bases te\u00f3ricas, desafios pr\u00e1ticos e perspectivas de evolu\u00e7\u00e3o dentro do cen\u00e1rio jur\u00eddico atual. A abordagem interdisciplinar permite ao leitor transitar por temas que v\u00e3o desde os aspectos constitucionais at\u00e9 os impactos da inova\u00e7\u00e3o digital e os lit\u00edgios estrat\u00e9gicos para a prote\u00e7\u00e3o de indiv\u00edduos e coletividades. A obra oferece um panorama completo das demandas que emergem diante das novas realidades sociais e do papel da justi\u00e7a em assegurar a prote\u00e7\u00e3o dos valores mais caros \u00e0 dignidade humana.<\/p>\n<p style=\"text-align: justify;\">Com esta colet\u00e2nea, esperamos contribuir para o fortalecimento do debate acad\u00eamico e profissional sobre os direitos de personalidade e inspirar defensores p\u00fablicos, advogados, magistrados, estudantes e demais operadores do direito a refletirem sobre o papel fundamental desses direitos na constru\u00e7\u00e3o de uma sociedade justa e democr\u00e1tica. Que este trabalho possa fomentar a reflex\u00e3o e servir como base para novas pesquisas e pr\u00e1ticas que valorizem a dignidade humana e promovam a justi\u00e7a.<\/p>","protected":false},"excerpt":{"rendered":"<p>Rog\u00e9rio Borges Freitas<br \/>Rodrigo Valente Giublin Teixeira<br \/>(Orgs.)<\/p>\n<p><strong>Vers\u00e3o digital (e-book) &#8211; Clique no bot\u00e3o Comprar<\/strong><br \/><strong>Vers\u00e3o impressa &#8211; indispon\u00edvel<\/strong><\/p>","protected":false},"featured_media":67751,"template":"","meta":{"_joinchat":[]},"product_brand":[],"product_cat":[57],"product_tag":[],"class_list":{"0":"post-67748","1":"product","2":"type-product","3":"status-publish","4":"has-post-thumbnail","6":"product_cat-ciencias-sociais-aplicadas","7":"align-center","8":"box-shadow-1","9":"box-shadow-3-hover","10":"ast-product-gallery-layout-horizontal","11":"ast-product-gallery-with-no-image","12":"ast-product-tabs-layout-horizontal","14":"first","15":"instock","16":"downloadable","17":"virtual","18":"purchasable","19":"product-type-simple"},"_links":{"self":[{"href":"https:\/\/www.dommodesto.com.br\/en\/wp-json\/wp\/v2\/product\/67748","targetHints":{"allow":["GET"]}}],"collection":[{"href":"https:\/\/www.dommodesto.com.br\/en\/wp-json\/wp\/v2\/product"}],"about":[{"href":"https:\/\/www.dommodesto.com.br\/en\/wp-json\/wp\/v2\/types\/product"}],"wp:featuredmedia":[{"embeddable":true,"href":"https:\/\/www.dommodesto.com.br\/en\/wp-json\/wp\/v2\/media\/67751"}],"wp:attachment":[{"href":"https:\/\/www.dommodesto.com.br\/en\/wp-json\/wp\/v2\/media?parent=67748"}],"wp:term":[{"taxonomy":"product_brand","embeddable":true,"href":"https:\/\/www.dommodesto.com.br\/en\/wp-json\/wp\/v2\/product_brand?post=67748"},{"taxonomy":"product_cat","embeddable":true,"href":"https:\/\/www.dommodesto.com.br\/en\/wp-json\/wp\/v2\/product_cat?post=67748"},{"taxonomy":"product_tag","embeddable":true,"href":"https:\/\/www.dommodesto.com.br\/en\/wp-json\/wp\/v2\/product_tag?post=67748"}],"curies":[{"name":"wp","href":"https:\/\/api.w.org\/{rel}","templated":true}]}}