{"id":67731,"date":"2024-11-09T12:51:43","date_gmt":"2024-11-09T15:51:43","guid":{"rendered":"https:\/\/www.dommodesto.com.br\/?post_type=product&#038;p=67731"},"modified":"2024-11-11T23:52:41","modified_gmt":"2024-11-12T02:52:41","slug":"litigios-estrategicos-a-defensoria-publica-como-instrumento-de-protecao-dos-direitos-de-personalidade","status":"publish","type":"product","link":"https:\/\/www.dommodesto.com.br\/en\/product\/litigios-estrategicos-a-defensoria-publica-como-instrumento-de-protecao-dos-direitos-de-personalidade\/","title":{"rendered":"Lit\u00edgios estrat\u00e9gicos: a Defensoria P\u00fablica como instrumento de prote\u00e7\u00e3o dos direitos de personalidade"},"content":{"rendered":"<p style=\"text-align: justify;\">\u201c<em>Lit\u00edgios estrat\u00e9gicos: a Defensoria P\u00fablica como instrumento de prote\u00e7\u00e3o dos direitos de personalidade<\/em>\u201d oferece uma an\u00e1lise aprofundada sobre o papel da Defensoria P\u00fablica na promo\u00e7\u00e3o dos direitos fundamentais e no acesso \u00e0 justi\u00e7a para pessoas em situa\u00e7\u00e3o de vulnerabilidade, explorando os lit\u00edgios estrat\u00e9gicos como uma ferramenta vital para a efetiva\u00e7\u00e3o dos direitos de personalidade, temas que s\u00e3o analisados com rigor a partir de uma base te\u00f3rica e pr\u00e1tica.<\/p>\n<p style=\"text-align: justify;\">A Defensoria P\u00fablica, destacada por sua miss\u00e3o constitucional, adota lit\u00edgios estrat\u00e9gicos como m\u00e9todo para alcan\u00e7ar impactos sociais que v\u00e3o al\u00e9m dos casos individuais, buscando tamb\u00e9m a transforma\u00e7\u00e3o de pol\u00edticas p\u00fablicas e a cria\u00e7\u00e3o de precedentes que promovem a justi\u00e7a social e a igualdade de direitos. Ao longo de seus cap\u00edtulos, a obra examina casos emblem\u00e1ticos e o contexto institucional da Defensoria P\u00fablica no Brasil, oferecendo uma leitura essencial para profissionais do direito, acad\u00eamicos e defensores dos direitos humanos interessados na promo\u00e7\u00e3o de uma justi\u00e7a inclusiva e eficaz.<\/p>\n<p style=\"text-align: justify;\">Este livro convida o leitor a refletir sobre os desafios e as possibilidades da litig\u00e2ncia estrat\u00e9gica, afirmando a import\u00e2ncia da Defensoria P\u00fablica como agente transformador e guardi\u00e3o dos direitos humanos no cen\u00e1rio jur\u00eddico brasileiro.<\/p>","protected":false},"excerpt":{"rendered":"<p>Rog\u00e9rio Borges Freitas<br \/>Rodrigo Valente Giublin Teixeira<\/p>\n<p><strong>Vers\u00e3o digital (e-book) &#8211; Clique no bot\u00e3o Comprar<\/strong><br \/><strong>Vers\u00e3o impressa &#8211; indispon\u00edvel<\/strong><\/p>","protected":false},"featured_media":67734,"template":"","meta":{"_joinchat":[]},"product_brand":[],"product_cat":[57],"product_tag":[],"class_list":{"0":"post-67731","1":"product","2":"type-product","3":"status-publish","4":"has-post-thumbnail","6":"product_cat-ciencias-sociais-aplicadas","7":"align-center","8":"box-shadow-1","9":"box-shadow-3-hover","10":"ast-product-gallery-layout-horizontal","11":"ast-product-gallery-with-no-image","12":"ast-product-tabs-layout-horizontal","14":"first","15":"instock","16":"downloadable","17":"virtual","18":"purchasable","19":"product-type-simple"},"_links":{"self":[{"href":"https:\/\/www.dommodesto.com.br\/en\/wp-json\/wp\/v2\/product\/67731","targetHints":{"allow":["GET"]}}],"collection":[{"href":"https:\/\/www.dommodesto.com.br\/en\/wp-json\/wp\/v2\/product"}],"about":[{"href":"https:\/\/www.dommodesto.com.br\/en\/wp-json\/wp\/v2\/types\/product"}],"wp:featuredmedia":[{"embeddable":true,"href":"https:\/\/www.dommodesto.com.br\/en\/wp-json\/wp\/v2\/media\/67734"}],"wp:attachment":[{"href":"https:\/\/www.dommodesto.com.br\/en\/wp-json\/wp\/v2\/media?parent=67731"}],"wp:term":[{"taxonomy":"product_brand","embeddable":true,"href":"https:\/\/www.dommodesto.com.br\/en\/wp-json\/wp\/v2\/product_brand?post=67731"},{"taxonomy":"product_cat","embeddable":true,"href":"https:\/\/www.dommodesto.com.br\/en\/wp-json\/wp\/v2\/product_cat?post=67731"},{"taxonomy":"product_tag","embeddable":true,"href":"https:\/\/www.dommodesto.com.br\/en\/wp-json\/wp\/v2\/product_tag?post=67731"}],"curies":[{"name":"wp","href":"https:\/\/api.w.org\/{rel}","templated":true}]}}