{"id":67720,"date":"2024-11-07T19:00:16","date_gmt":"2024-11-07T22:00:16","guid":{"rendered":"https:\/\/www.dommodesto.com.br\/?post_type=product&#038;p=67720"},"modified":"2024-11-11T23:53:04","modified_gmt":"2024-11-12T02:53:04","slug":"politicas-publicas-no-brasil-ensaios-para-uma-gestao-publica-voltada-a-tutela-dos-direitos-humanos-vol-vi","status":"publish","type":"product","link":"https:\/\/www.dommodesto.com.br\/en\/product\/politicas-publicas-no-brasil-ensaios-para-uma-gestao-publica-voltada-a-tutela-dos-direitos-humanos-vol-vi\/","title":{"rendered":"Pol\u00edticas p\u00fablicas no Brasil: ensaios para uma gest\u00e3o p\u00fablica voltada \u00e0 tutela dos Direitos Humanos \u2013 vol. VI"},"content":{"rendered":"<p>Com grande satisfa\u00e7\u00e3o apresentamos o sexto volume da obra \u201c<em>Pol\u00edticas p\u00fablicas no Brasil: ensaios para uma gest\u00e3o p\u00fablica voltada \u00e0 tutela dos Direitos Humanos<\/em>\u201d. Fruto de um projeto, consolidado ao longo dos anos, a colet\u00e2nea emerge como um marco relevante no cen\u00e1rio acad\u00eamico e profissional, refletindo o compromisso cont\u00ednuo com o estudo e o aprimoramento das pol\u00edticas p\u00fablicas voltadas para os Direitos Humanos no Brasil.<\/p>\n<p>Ao longo de seis edi\u00e7\u00f5es, a obra se consolidou como uma refer\u00eancia para pesquisadores, gestores p\u00fablicos, juristas e profissionais comprometidos com a promo\u00e7\u00e3o da justi\u00e7a social e a prote\u00e7\u00e3o dos direitos fundamentais. Cada volume ficou marcado por estudos multidisciplinares de muita relev\u00e2ncia, sempre relacionados a quest\u00f5es emergentes e focados na complexidade do cen\u00e1rio brasileiro. Nesta edi\u00e7\u00e3o, publicada no final de 2024, os pesquisadores novamente debru\u00e7am suas pesquisas sobre temas contempor\u00e2neos e desafiadores, que abarcam desde a sa\u00fade e assist\u00eancia social at\u00e9 a educa\u00e7\u00e3o e a prote\u00e7\u00e3o ambiental, refletindo sobre o papel do Estado e da sociedade na constru\u00e7\u00e3o de uma gest\u00e3o p\u00fablica inclusiva e eficaz.<\/p>","protected":false},"excerpt":{"rendered":"<p>Anderson Vichinkeski Teixeira<br \/>Giancarlo Montagner Copelli<br \/>Marcelo Dias Jaques<br \/>(Orgs.)<\/p>\n<p><strong>Vers\u00e3o digital (e-book) &#8211; Clique no bot\u00e3o Comprar<\/strong><br \/><strong>Vers\u00e3o impressa &#8211; indispon\u00edvel<\/strong><\/p>","protected":false},"featured_media":67722,"template":"","meta":{"_joinchat":[]},"product_brand":[],"product_cat":[57],"product_tag":[],"class_list":{"0":"post-67720","1":"product","2":"type-product","3":"status-publish","4":"has-post-thumbnail","6":"product_cat-ciencias-sociais-aplicadas","7":"align-center","8":"box-shadow-1","9":"box-shadow-3-hover","10":"ast-product-gallery-layout-horizontal","11":"ast-product-gallery-with-no-image","12":"ast-product-tabs-layout-horizontal","14":"first","15":"instock","16":"downloadable","17":"virtual","18":"purchasable","19":"product-type-simple"},"_links":{"self":[{"href":"https:\/\/www.dommodesto.com.br\/en\/wp-json\/wp\/v2\/product\/67720","targetHints":{"allow":["GET"]}}],"collection":[{"href":"https:\/\/www.dommodesto.com.br\/en\/wp-json\/wp\/v2\/product"}],"about":[{"href":"https:\/\/www.dommodesto.com.br\/en\/wp-json\/wp\/v2\/types\/product"}],"wp:featuredmedia":[{"embeddable":true,"href":"https:\/\/www.dommodesto.com.br\/en\/wp-json\/wp\/v2\/media\/67722"}],"wp:attachment":[{"href":"https:\/\/www.dommodesto.com.br\/en\/wp-json\/wp\/v2\/media?parent=67720"}],"wp:term":[{"taxonomy":"product_brand","embeddable":true,"href":"https:\/\/www.dommodesto.com.br\/en\/wp-json\/wp\/v2\/product_brand?post=67720"},{"taxonomy":"product_cat","embeddable":true,"href":"https:\/\/www.dommodesto.com.br\/en\/wp-json\/wp\/v2\/product_cat?post=67720"},{"taxonomy":"product_tag","embeddable":true,"href":"https:\/\/www.dommodesto.com.br\/en\/wp-json\/wp\/v2\/product_tag?post=67720"}],"curies":[{"name":"wp","href":"https:\/\/api.w.org\/{rel}","templated":true}]}}