{"id":67715,"date":"2024-11-07T15:29:40","date_gmt":"2024-11-07T18:29:40","guid":{"rendered":"https:\/\/www.dommodesto.com.br\/?post_type=product&#038;p=67715"},"modified":"2024-11-11T23:53:26","modified_gmt":"2024-11-12T02:53:26","slug":"defensoria-publica-e-acesso-a-justica-desafios-perspectivas-e-a-protecao-dos-direitos-de-personalidade-no-contexto-constitucional-brasileiro","status":"publish","type":"product","link":"https:\/\/www.dommodesto.com.br\/en\/product\/defensoria-publica-e-acesso-a-justica-desafios-perspectivas-e-a-protecao-dos-direitos-de-personalidade-no-contexto-constitucional-brasileiro\/","title":{"rendered":"Defensoria P\u00fablica e acesso \u00e0 justi\u00e7a: desafios, perspectivas e a prote\u00e7\u00e3o dos direitos de personalidade no contexto constitucional brasileiro"},"content":{"rendered":"<p style=\"text-align: justify;\">O tema do acesso \u00e0 justi\u00e7a, tratado de maneira abrangente na obra, encontra ra\u00edzes nas mudan\u00e7as constitucionais brasileiras que ressignificaram o papel da Defensoria P\u00fablica, especialmente a partir da Constitui\u00e7\u00e3o de 1988. A Defensoria P\u00fablica, reconhecida como institui\u00e7\u00e3o permanente e essencial \u00e0 fun\u00e7\u00e3o jurisdicional do Estado, assume a responsabilidade de defender, judicial e extrajudicialmente, os direitos de personalidade daqueles em situa\u00e7\u00e3o de vulnerabilidade, proporcionando-lhes a tutela de direitos fundamentais. No cen\u00e1rio atual, onde o sistema jur\u00eddico \u00e9 constantemente desafiado pela complexidade dos lit\u00edgios e pela desigualdade social, a atua\u00e7\u00e3o da Defensoria destaca-se como um pilar para a realiza\u00e7\u00e3o de uma justi\u00e7a inclusiva.<\/p>","protected":false},"excerpt":{"rendered":"<p>Rog\u00e9rio Borges Freitas<br \/>Rodrigo Valente Giublin Teixeira<\/p>\n<p><strong>Vers\u00e3o digital (e-book) &#8211; Clique no bot\u00e3o Comprar<\/strong><br \/><strong>Vers\u00e3o impressa &#8211; indispon\u00edvel<\/strong><\/p>","protected":false},"featured_media":67719,"template":"","meta":{"_joinchat":[]},"product_brand":[],"product_cat":[57],"product_tag":[],"class_list":{"0":"post-67715","1":"product","2":"type-product","3":"status-publish","4":"has-post-thumbnail","6":"product_cat-ciencias-sociais-aplicadas","7":"align-center","8":"box-shadow-1","9":"box-shadow-3-hover","10":"ast-product-gallery-layout-horizontal","11":"ast-product-gallery-with-no-image","12":"ast-product-tabs-layout-horizontal","14":"first","15":"instock","16":"downloadable","17":"virtual","18":"purchasable","19":"product-type-simple"},"_links":{"self":[{"href":"https:\/\/www.dommodesto.com.br\/en\/wp-json\/wp\/v2\/product\/67715","targetHints":{"allow":["GET"]}}],"collection":[{"href":"https:\/\/www.dommodesto.com.br\/en\/wp-json\/wp\/v2\/product"}],"about":[{"href":"https:\/\/www.dommodesto.com.br\/en\/wp-json\/wp\/v2\/types\/product"}],"wp:featuredmedia":[{"embeddable":true,"href":"https:\/\/www.dommodesto.com.br\/en\/wp-json\/wp\/v2\/media\/67719"}],"wp:attachment":[{"href":"https:\/\/www.dommodesto.com.br\/en\/wp-json\/wp\/v2\/media?parent=67715"}],"wp:term":[{"taxonomy":"product_brand","embeddable":true,"href":"https:\/\/www.dommodesto.com.br\/en\/wp-json\/wp\/v2\/product_brand?post=67715"},{"taxonomy":"product_cat","embeddable":true,"href":"https:\/\/www.dommodesto.com.br\/en\/wp-json\/wp\/v2\/product_cat?post=67715"},{"taxonomy":"product_tag","embeddable":true,"href":"https:\/\/www.dommodesto.com.br\/en\/wp-json\/wp\/v2\/product_tag?post=67715"}],"curies":[{"name":"wp","href":"https:\/\/api.w.org\/{rel}","templated":true}]}}