{"id":67593,"date":"2024-10-03T23:56:47","date_gmt":"2024-10-04T02:56:47","guid":{"rendered":"https:\/\/www.dommodesto.com.br\/?post_type=product&#038;p=67593"},"modified":"2024-10-03T23:56:47","modified_gmt":"2024-10-04T02:56:47","slug":"acesso-a-justica-no-seculo-xxi-por-uma-justica-da-reciprocidade","status":"publish","type":"product","link":"https:\/\/www.dommodesto.com.br\/en\/product\/acesso-a-justica-no-seculo-xxi-por-uma-justica-da-reciprocidade\/","title":{"rendered":"Acesso \u00e0 justi\u00e7a no s\u00e9culo XXI: por uma justi\u00e7a da reciprocidade"},"content":{"rendered":"<p style=\"text-align: justify;\"><strong>Acesso \u00e0 justi\u00e7a no s\u00e9culo XXI: por uma justi\u00e7a da reciprocidade<\/strong> explora as novas fronteiras do direito e da justi\u00e7a em um mundo cada vez mais interconectado e complexo. Sob a organiza\u00e7\u00e3o de Karinne Emanoela Goettems dos Santos, Miguel S\u00e1vio \u00c1vila da Rocha e Viviani Trapp Heitling, a obra re\u00fane textos inovadores que discutem as demandas por uma justi\u00e7a efetiva, acess\u00edvel e inclusiva, baseada na reciprocidade e no acolhimento das diversidades sociais.<br \/>Com uma abordagem que ultrapassa os conceitos tradicionais de justi\u00e7a, este livro reflete as profundas transforma\u00e7\u00f5es nas esferas jur\u00eddica, social e tecnol\u00f3gica, destacando a emerg\u00eancia de um novo paradigma de enfrentamento de conflitos, especialmente no contexto da desinforma\u00e7\u00e3o e das fake news, fen\u00f4menos amplificados pela era digital.<br \/>Ao longo dos cap\u00edtulos, renomados acad\u00eamicos e especialistas dissecam os desafios e as solu\u00e7\u00f5es para garantir que a justi\u00e7a n\u00e3o seja apenas uma promessa formal, mas uma experi\u00eancia vivida e compartilhada por todos os cidad\u00e3os, de forma equitativa e digna. Baseando-se no conceito de \u201cjusti\u00e7a da reciprocidade\u201d, os autores prop\u00f5em caminhos para que o direito se torne um instrumento de inclus\u00e3o, prote\u00e7\u00e3o e solidariedade em um mundo que demanda novas formas de coopera\u00e7\u00e3o.<br \/>Esta obra \u00e9 essencial para profissionais e estudiosos do direito, das ci\u00eancias sociais e das pol\u00edticas p\u00fablicas, bem como para todos que buscam entender o papel da justi\u00e7a no s\u00e9culo XXI.<\/p>","protected":false},"excerpt":{"rendered":"<p>Karinne Emanoela Goettems dos Santos<br \/>Miguel S\u00e1vio \u00c1vila da Rocha<br \/>Viviani Trapp Heitling<br \/>(Orgs.)<\/p>\n<p><strong>Vers\u00e3o digital (e-book) &#8211; Clique no bot\u00e3o Comprar<\/strong><br \/><strong>Vers\u00e3o impressa &#8211; indispon\u00edvel<\/strong><\/p>","protected":false},"featured_media":67595,"template":"","meta":{"_joinchat":[]},"product_brand":[],"product_cat":[57],"product_tag":[],"class_list":{"0":"post-67593","1":"product","2":"type-product","3":"status-publish","4":"has-post-thumbnail","6":"product_cat-ciencias-sociais-aplicadas","7":"align-center","8":"box-shadow-1","9":"box-shadow-3-hover","10":"ast-product-gallery-layout-horizontal","11":"ast-product-gallery-with-no-image","12":"ast-product-tabs-layout-horizontal","14":"first","15":"instock","16":"downloadable","17":"virtual","18":"purchasable","19":"product-type-simple"},"_links":{"self":[{"href":"https:\/\/www.dommodesto.com.br\/en\/wp-json\/wp\/v2\/product\/67593","targetHints":{"allow":["GET"]}}],"collection":[{"href":"https:\/\/www.dommodesto.com.br\/en\/wp-json\/wp\/v2\/product"}],"about":[{"href":"https:\/\/www.dommodesto.com.br\/en\/wp-json\/wp\/v2\/types\/product"}],"wp:featuredmedia":[{"embeddable":true,"href":"https:\/\/www.dommodesto.com.br\/en\/wp-json\/wp\/v2\/media\/67595"}],"wp:attachment":[{"href":"https:\/\/www.dommodesto.com.br\/en\/wp-json\/wp\/v2\/media?parent=67593"}],"wp:term":[{"taxonomy":"product_brand","embeddable":true,"href":"https:\/\/www.dommodesto.com.br\/en\/wp-json\/wp\/v2\/product_brand?post=67593"},{"taxonomy":"product_cat","embeddable":true,"href":"https:\/\/www.dommodesto.com.br\/en\/wp-json\/wp\/v2\/product_cat?post=67593"},{"taxonomy":"product_tag","embeddable":true,"href":"https:\/\/www.dommodesto.com.br\/en\/wp-json\/wp\/v2\/product_tag?post=67593"}],"curies":[{"name":"wp","href":"https:\/\/api.w.org\/{rel}","templated":true}]}}