{"id":67575,"date":"2024-10-03T18:08:19","date_gmt":"2024-10-03T21:08:19","guid":{"rendered":"https:\/\/www.dommodesto.com.br\/?post_type=product&#038;p=67575"},"modified":"2024-10-03T18:08:19","modified_gmt":"2024-10-03T21:08:19","slug":"saude-e-migracao-a-complexa-in-efetivacao-dos-direitos-humanos","status":"publish","type":"product","link":"https:\/\/www.dommodesto.com.br\/en\/product\/saude-e-migracao-a-complexa-in-efetivacao-dos-direitos-humanos\/","title":{"rendered":"Sa\u00fade e migra\u00e7\u00e3o: a complexa (in) efetiva\u00e7\u00e3o dos direitos humanos"},"content":{"rendered":"<p style=\"text-align: justify;\">\u201cSA\u00daDE, G\u00caNERO E MIGRA\u00c7\u00c3O: A Complexa (In)Efetiva\u00e7\u00e3o dos Direitos Humanos\u201d possibilita ao leitor ter em m\u00e3os textos de grande relev\u00e2ncia, os quais apresentam nas suas singularidades, um contorno cr\u00edtico e atual sobre as tem\u00e1ticas da sa\u00fade, g\u00eanero e migra\u00e7\u00e3o, articulados em torno da interface da (in)efetiva\u00e7\u00e3o dos Direitos Humanos. O embasamento conceitual da obra se encontra alicer\u00e7ado na Metateoria do Direito Fraterno, concebida e defendida pelo renomado professor italiano Eligio Resta, a qual lan\u00e7a luz sobre os paradoxos presentes na sociedade contempor\u00e2nea.<\/p>\n<p>Os assuntos discutidos nesta obra se destacam pela forma brilhante como s\u00e3o abordados, oferecendo uma perspectiva cr\u00edtica e embasada em teorias aprofundadas, o que nos permite realizar uma reflex\u00e3o essencial e contempor\u00e2nea, conduzindo-nos a (re)pensar a realidade na qual estamos inseridos, pois s\u00e3o problemas que perpassam as fronteiras e que exigem solu\u00e7\u00f5es que somente podem ser equacionados de forma coletiva e global.<\/p>\n<p>Portanto, com o objetivo de analisar a complexidade dos Direitos Humanos, a obra realiza uma conex\u00e3o perfeita entre o direito \u00e0 sa\u00fade, o elemento de g\u00eanero e o fen\u00f4meno migrat\u00f3rio. As pesquisas que a fundamentam, trazem perspectivas que possibilitam ao leitor reconsiderar a vida na atualidade, buscando e oferecendo solu\u00e7\u00f5es para o mundo diversificado em que estamos inseridos.\u201d<\/p>\n<p>Evandro Luis Sippert<\/p>","protected":false},"excerpt":{"rendered":"<p>Jana\u00edna Machado Sturza<br \/>Gabrielle Scola Dutra<br \/>Cl\u00e1udia Mar\u00edlia Fran\u00e7a Lima Marques<\/p>\n<p><strong>E-book gratuito &#8211; Clique no bot\u00e3o Download<\/strong><br \/><strong>Vers\u00e3o impressa &#8211; indispon\u00edvel<\/strong><\/p>","protected":false},"featured_media":67577,"template":"","meta":{"_joinchat":[]},"product_brand":[],"product_cat":[57],"product_tag":[],"class_list":{"0":"post-67575","1":"product","2":"type-product","3":"status-publish","4":"has-post-thumbnail","6":"product_cat-ciencias-sociais-aplicadas","7":"align-center","8":"box-shadow-1","9":"box-shadow-3-hover","10":"ast-product-gallery-layout-horizontal","11":"ast-product-gallery-with-no-image","12":"ast-product-tabs-layout-horizontal","14":"first","15":"instock","16":"downloadable","17":"virtual","18":"purchasable","19":"product-type-simple"},"_links":{"self":[{"href":"https:\/\/www.dommodesto.com.br\/en\/wp-json\/wp\/v2\/product\/67575","targetHints":{"allow":["GET"]}}],"collection":[{"href":"https:\/\/www.dommodesto.com.br\/en\/wp-json\/wp\/v2\/product"}],"about":[{"href":"https:\/\/www.dommodesto.com.br\/en\/wp-json\/wp\/v2\/types\/product"}],"wp:featuredmedia":[{"embeddable":true,"href":"https:\/\/www.dommodesto.com.br\/en\/wp-json\/wp\/v2\/media\/67577"}],"wp:attachment":[{"href":"https:\/\/www.dommodesto.com.br\/en\/wp-json\/wp\/v2\/media?parent=67575"}],"wp:term":[{"taxonomy":"product_brand","embeddable":true,"href":"https:\/\/www.dommodesto.com.br\/en\/wp-json\/wp\/v2\/product_brand?post=67575"},{"taxonomy":"product_cat","embeddable":true,"href":"https:\/\/www.dommodesto.com.br\/en\/wp-json\/wp\/v2\/product_cat?post=67575"},{"taxonomy":"product_tag","embeddable":true,"href":"https:\/\/www.dommodesto.com.br\/en\/wp-json\/wp\/v2\/product_tag?post=67575"}],"curies":[{"name":"wp","href":"https:\/\/api.w.org\/{rel}","templated":true}]}}