{"id":67479,"date":"2024-09-23T14:04:00","date_gmt":"2024-09-23T17:04:00","guid":{"rendered":"https:\/\/www.dommodesto.com.br\/?post_type=product&#038;p=67479"},"modified":"2024-10-03T18:46:55","modified_gmt":"2024-10-03T21:46:55","slug":"coletanea-de-resumos-apresentados-no-seminario-internacional-dignidade-humana-e-justica-tecnopoder-direito-e-democracia-no-brasil-contemporaneo","status":"publish","type":"product","link":"https:\/\/www.dommodesto.com.br\/en\/product\/coletanea-de-resumos-apresentados-no-seminario-internacional-dignidade-humana-e-justica-tecnopoder-direito-e-democracia-no-brasil-contemporaneo\/","title":{"rendered":"Colet\u00e2nea de resumos apresentados no Semin\u00e1rio Internacional Dignidade humana e Justi\u00e7a: Tecnopoder, Direito e Democracia no Brasil Contempor\u00e2neo"},"content":{"rendered":"<p style=\"text-align: justify;\">A Colet\u00e2nea ora apresentada compila resumos expandidos, apresentados no Semin\u00e1rio Internacional \u201cDIGNIDADE HUMANA E JUSTI\u00c7A: Tecnopoder, direito e democracia no Brasil contempor\u00e2neo\u201d, realizado de forma h\u00edbrida no per\u00edodo de 07 a 10 de maio de 2024, pelo PPGDFURB com apoio e fomento da Funda\u00e7\u00e3o de Amparo \u00e0 Pesquisa e Inova\u00e7\u00e3o do Estado de Santa Catarina (FAPESC). Esse semin\u00e1rio teve como objetivo geral, identificar e discutir o atual est\u00e1gio do desenvolvimento de inova\u00e7\u00f5es cient\u00edficas no campo das ci\u00eancias jur\u00eddicas, especialmente no campo dos direitos fundamentais, por interm\u00e9dio da socializa\u00e7\u00e3o de pesquisas e experi\u00eancias empreendedoras na revis\u00e3o e atualiza\u00e7\u00e3o de instrumentos pol\u00edtico-jur\u00eddicos potencialmente capazes de propiciar ambientes normativos estruturados para o enfrentamento dos impactos e consequ\u00eancias de um ambiente p\u00f3smoderno atravessado pelo avan\u00e7o da tecnologia, que, por sua vez, vem demandando estudos visando perscrutar o necess\u00e1rio equil\u00edbrio dessa nova onda tecnol\u00f3gica com a concretiza\u00e7\u00e3o do conte\u00fado dos direitos humanos e o compromisso relativo ao cumprimento das metas de desenvolvimento sustent\u00e1vel estabelecidas na Agenda 2030 da ONU.<\/p>","protected":false},"excerpt":{"rendered":"<p>Marcelino Meleu<br \/>Ivone Fernandes Morcilo Lixa<br \/>K\u00e1tia Ragnini Scherer<br \/>(Orgs.)<\/p>\n<p><strong>E-book gratuito &#8211; Clique no bot\u00e3o Download<\/strong><br \/><strong>Vers\u00e3o impressa &#8211; indispon\u00edvel<\/strong><\/p>","protected":false},"featured_media":67480,"template":"","meta":{"_joinchat":[]},"product_brand":[],"product_cat":[57],"product_tag":[],"class_list":{"0":"post-67479","1":"product","2":"type-product","3":"status-publish","4":"has-post-thumbnail","6":"product_cat-ciencias-sociais-aplicadas","7":"align-center","8":"box-shadow-1","9":"box-shadow-3-hover","10":"ast-product-gallery-layout-horizontal","11":"ast-product-gallery-with-no-image","12":"ast-product-tabs-layout-horizontal","14":"first","15":"instock","16":"downloadable","17":"virtual","18":"purchasable","19":"product-type-simple"},"_links":{"self":[{"href":"https:\/\/www.dommodesto.com.br\/en\/wp-json\/wp\/v2\/product\/67479","targetHints":{"allow":["GET"]}}],"collection":[{"href":"https:\/\/www.dommodesto.com.br\/en\/wp-json\/wp\/v2\/product"}],"about":[{"href":"https:\/\/www.dommodesto.com.br\/en\/wp-json\/wp\/v2\/types\/product"}],"wp:featuredmedia":[{"embeddable":true,"href":"https:\/\/www.dommodesto.com.br\/en\/wp-json\/wp\/v2\/media\/67480"}],"wp:attachment":[{"href":"https:\/\/www.dommodesto.com.br\/en\/wp-json\/wp\/v2\/media?parent=67479"}],"wp:term":[{"taxonomy":"product_brand","embeddable":true,"href":"https:\/\/www.dommodesto.com.br\/en\/wp-json\/wp\/v2\/product_brand?post=67479"},{"taxonomy":"product_cat","embeddable":true,"href":"https:\/\/www.dommodesto.com.br\/en\/wp-json\/wp\/v2\/product_cat?post=67479"},{"taxonomy":"product_tag","embeddable":true,"href":"https:\/\/www.dommodesto.com.br\/en\/wp-json\/wp\/v2\/product_tag?post=67479"}],"curies":[{"name":"wp","href":"https:\/\/api.w.org\/{rel}","templated":true}]}}