{"id":67459,"date":"2024-09-12T12:15:22","date_gmt":"2024-09-12T15:15:22","guid":{"rendered":"https:\/\/www.dommodesto.com.br\/?post_type=product&#038;p=67459"},"modified":"2025-10-14T11:46:05","modified_gmt":"2025-10-14T14:46:05","slug":"constituic%cc%a7a%cc%83o-sistemas-sociais-e-hermeneutica-anuario-do-programa-de-pos-graduac%cc%a7a%cc%83o-em-direito-da-unisinos-n-21","status":"publish","type":"product","link":"https:\/\/www.dommodesto.com.br\/en\/product\/constituic%cc%a7a%cc%83o-sistemas-sociais-e-hermeneutica-anuario-do-programa-de-pos-graduac%cc%a7a%cc%83o-em-direito-da-unisinos-n-21\/","title":{"rendered":"Constituic\u0327a\u0303o, Sistemas Sociais e Hermen\u00eautica: Anu\u00e1rio do Programa de Po\u0301s-Graduac\u0327a\u0303o em Direito da Unisinos \u2013 n. 21"},"content":{"rendered":"<p style=\"text-align: justify;\">O Anu\u00e1rio do Programa de Po\u0301s-Graduac\u0327a\u0303o em Direito da Unisinos, Constituic\u0327a\u0303o, Sistemas Sociais e Hermen\u00eautica, chega a sua vig\u00e9sima edi\u00e7\u00e3o com muito f\u00f4lego para seguir apresentando a\u0300 comunidade acad\u00eamica brasileira a produ\u00e7\u00e3o cientifica de suas linhas de pesquisa, marcando a tradi\u00e7\u00e3o de excel\u00eancia da pesquisa realizada pelos professores deste Programa.<br \/>A presente colet\u00e2nea est\u00e1 inserida em um percurso de 27 anos marcado pelo esfor\u00e7o de um grupo de professores organizados no ano de 1997, que criou um Programa de Po\u0301s-Graduac\u0327a\u0303o com a pretens\u00e3o de se tornar um polo irradiador de pr\u00e1ticas e pensadores inovadores na \u00e1rea do Direito, abrigados em uma Universidade de forte orienta\u00e7\u00e3o humanista. Um quarto de s\u00e9culo depois, verifica-se que esse Programa se afirmou com a contribui\u00e7\u00e3o de in\u00fameros outros pesquisadores que se somaram a essa iniciativa e que, juntos, ve\u0302m produzindo trabalhos de alt\u00edssima qualidade te\u00f3rica e de repercuss\u00e3o nacional e internacional, refletindo na consolida\u00e7\u00e3o de sua nota 6 nas avalia\u00e7\u00f5es da CAPES.<\/p>","protected":false},"excerpt":{"rendered":"<p>Anderson Vichinkeski Teixeira<br \/>Lenio Luiz Streck<br \/>Leonel Severo Rocha<br \/>(Orgs.)<\/p>\n<p><strong>E-book gratuito &#8211; Clique no bot\u00e3o Download<\/strong><br \/><strong>Vers\u00e3o impressa &#8211; indispon\u00edvel<\/strong><\/p>","protected":false},"featured_media":67461,"template":"","meta":{"_joinchat":[]},"product_brand":[],"product_cat":[57],"product_tag":[],"class_list":{"0":"post-67459","1":"product","2":"type-product","3":"status-publish","4":"has-post-thumbnail","6":"product_cat-ciencias-sociais-aplicadas","7":"align-center","8":"box-shadow-1","9":"box-shadow-3-hover","10":"ast-product-gallery-layout-horizontal","11":"ast-product-gallery-with-no-image","12":"ast-product-tabs-layout-horizontal","14":"first","15":"instock","16":"downloadable","17":"virtual","18":"purchasable","19":"product-type-simple"},"_links":{"self":[{"href":"https:\/\/www.dommodesto.com.br\/en\/wp-json\/wp\/v2\/product\/67459","targetHints":{"allow":["GET"]}}],"collection":[{"href":"https:\/\/www.dommodesto.com.br\/en\/wp-json\/wp\/v2\/product"}],"about":[{"href":"https:\/\/www.dommodesto.com.br\/en\/wp-json\/wp\/v2\/types\/product"}],"wp:featuredmedia":[{"embeddable":true,"href":"https:\/\/www.dommodesto.com.br\/en\/wp-json\/wp\/v2\/media\/67461"}],"wp:attachment":[{"href":"https:\/\/www.dommodesto.com.br\/en\/wp-json\/wp\/v2\/media?parent=67459"}],"wp:term":[{"taxonomy":"product_brand","embeddable":true,"href":"https:\/\/www.dommodesto.com.br\/en\/wp-json\/wp\/v2\/product_brand?post=67459"},{"taxonomy":"product_cat","embeddable":true,"href":"https:\/\/www.dommodesto.com.br\/en\/wp-json\/wp\/v2\/product_cat?post=67459"},{"taxonomy":"product_tag","embeddable":true,"href":"https:\/\/www.dommodesto.com.br\/en\/wp-json\/wp\/v2\/product_tag?post=67459"}],"curies":[{"name":"wp","href":"https:\/\/api.w.org\/{rel}","templated":true}]}}