{"id":67455,"date":"2024-09-12T11:51:56","date_gmt":"2024-09-12T14:51:56","guid":{"rendered":"https:\/\/www.dommodesto.com.br\/?post_type=product&#038;p=67455"},"modified":"2024-09-12T11:51:57","modified_gmt":"2024-09-12T14:51:57","slug":"orfaos-do-feminicidio-a-justica-restaurativa-como-politica-publica-no-atendimento-e-protecao-a-adolescentes-em-familias-com-situacao-de-violencia-domestica-no-rio-grande-do-sul","status":"publish","type":"product","link":"https:\/\/www.dommodesto.com.br\/en\/product\/orfaos-do-feminicidio-a-justica-restaurativa-como-politica-publica-no-atendimento-e-protecao-a-adolescentes-em-familias-com-situacao-de-violencia-domestica-no-rio-grande-do-sul\/","title":{"rendered":"\u00d3rf\u00e3os do feminic\u00eddio: a justi\u00e7a restaurativa como pol\u00edtica p\u00fablica no atendimento e prote\u00e7\u00e3o a adolescentes em fam\u00edlias com situa\u00e7\u00e3o de viol\u00eancia dom\u00e9stica no Rio Grande do Sul"},"content":{"rendered":"<p>\u201cA obra &#8216;<em>\u00d3rf\u00e3os do feminic\u00eddio: a Justi\u00e7a Restaurativa como pol\u00edtica p\u00fablica para atendimento e prote\u00e7\u00e3o a adolescentes em fam\u00edlias com situa\u00e7\u00e3o de viol\u00eancia dom\u00e9stica no Rio Grande do Sul<\/em>&#8216; nos traz a hist\u00f3ria que se segue mergulhando nas profundezas do dor e da resili\u00eancia, onde a triste realidade dos \u00f3rf\u00e3os do feminic\u00eddio se entrela\u00e7a com a esperan\u00e7a de um futuro mais digno.<br \/>Nestas p\u00e1ginas, as autoras Juliana Tozzi Tietb\u00f6hl e Rosane Teresinha Carvalho Porto nos convidam a refletir sobre a urg\u00eancia de uma abordagem inovadora e compassiva para lidar com a devasta\u00e7\u00e3o deixada pelo feminic\u00eddio, especialmente quando atinge adolescentes vulner\u00e1veis.\u201d<\/p>\n<p><strong>Mariana Queiroz Aquino<\/strong><br \/>Ju\u00edza Federal da Justi\u00e7a Militar e Membra da Rede FEM<\/p>","protected":false},"excerpt":{"rendered":"<p>Juliana Tozzi Tietb\u00f6hl<br \/>Rosane Teresinha Carvalho Porto<\/p>\n<p><strong>Vers\u00e3o impressa &#8211; <a href=\"https:\/\/www.amazon.com.br\/%C3%93rf%C3%A3os-feminic%C3%ADdio-Juliana-Tozzi-Tietb%C3%B6hl\/dp\/6581399868\/ref=sr_1_8?__mk_pt_BR=%C3%85M%C3%85%C5%BD%C3%95%C3%91&amp;crid=BQEAHR276CLW&amp;dib=eyJ2IjoiMSJ9.CJaxqVKEVu8tQ9vZMeOGNpOYSxZzDV94iSMwdgvhugb6AxoOPTgBuX0vN2rRFCFBg_tbeN_AidG9xQuKL4_JNVoY6rvIerj0Sjeq67bsOXuuTH8LnNGbMxIRpAxFplf5nI_6TKRYJ2xQSjvCc1-KEJWkjuQWgrRyuMKse7EbOcsSMGcPYHDSCg82CFwPhBevKz2Zj6926ej4dh7X1jXh7w.ZDZf9cRpqmdV1ZU8eFDXrz-60BWgGHSq4BEIRIBQrM0&amp;dib_tag=se&amp;keywords=%22dom+modesto%22&amp;qid=1726152612&amp;sprefix=dom+modesto+%2Caps%2C271&amp;sr=8-8\">Clique aqui<\/a><\/strong><br \/><strong>Vers\u00e3o digital (e-book) &#8211; ainda n\u00e3o dispon\u00edvel<\/strong><\/p>","protected":false},"featured_media":67456,"template":"","meta":{"_joinchat":[]},"product_brand":[],"product_cat":[57],"product_tag":[],"class_list":{"0":"post-67455","1":"product","2":"type-product","3":"status-publish","4":"has-post-thumbnail","6":"product_cat-ciencias-sociais-aplicadas","7":"align-center","8":"box-shadow-1","9":"box-shadow-3-hover","10":"ast-product-gallery-layout-horizontal","11":"ast-product-gallery-with-no-image","12":"ast-product-tabs-layout-horizontal","14":"first","15":"instock","16":"shipping-taxable","17":"product-type-simple"},"_links":{"self":[{"href":"https:\/\/www.dommodesto.com.br\/en\/wp-json\/wp\/v2\/product\/67455","targetHints":{"allow":["GET"]}}],"collection":[{"href":"https:\/\/www.dommodesto.com.br\/en\/wp-json\/wp\/v2\/product"}],"about":[{"href":"https:\/\/www.dommodesto.com.br\/en\/wp-json\/wp\/v2\/types\/product"}],"wp:featuredmedia":[{"embeddable":true,"href":"https:\/\/www.dommodesto.com.br\/en\/wp-json\/wp\/v2\/media\/67456"}],"wp:attachment":[{"href":"https:\/\/www.dommodesto.com.br\/en\/wp-json\/wp\/v2\/media?parent=67455"}],"wp:term":[{"taxonomy":"product_brand","embeddable":true,"href":"https:\/\/www.dommodesto.com.br\/en\/wp-json\/wp\/v2\/product_brand?post=67455"},{"taxonomy":"product_cat","embeddable":true,"href":"https:\/\/www.dommodesto.com.br\/en\/wp-json\/wp\/v2\/product_cat?post=67455"},{"taxonomy":"product_tag","embeddable":true,"href":"https:\/\/www.dommodesto.com.br\/en\/wp-json\/wp\/v2\/product_tag?post=67455"}],"curies":[{"name":"wp","href":"https:\/\/api.w.org\/{rel}","templated":true}]}}