{"id":67453,"date":"2024-09-12T11:32:43","date_gmt":"2024-09-12T14:32:43","guid":{"rendered":"https:\/\/www.dommodesto.com.br\/?post_type=product&#038;p=67453"},"modified":"2024-09-12T11:32:43","modified_gmt":"2024-09-12T14:32:43","slug":"aborto-sentimental-garantia-dos-direitos-fundamentais-das-meninas-menores-de-catorze-anos-face-a-desigualdade-social-no-brasil","status":"publish","type":"product","link":"https:\/\/www.dommodesto.com.br\/en\/product\/aborto-sentimental-garantia-dos-direitos-fundamentais-das-meninas-menores-de-catorze-anos-face-a-desigualdade-social-no-brasil\/","title":{"rendered":"Aborto sentimental: garantia dos direitos fundamentais das meninas menores de catorze anos face \u00e0 desigualdade social no Brasil"},"content":{"rendered":"<p style=\"text-align: justify;\">\u201cA pesquisa da autora demonstra que a maternidade precoce aprofunda a desigualdade social e econ\u00f4mica, em que j\u00e1 se encontra a maior parte dessas meninas, concluindo que \u00e9 necess\u00e1rio concretizar a prote\u00e7\u00e3o integral \u00e0s meninas e \u00e0s adolescentes, protegendo-as da viol\u00eancia e abuso sexual, garantindo-lhes as informa\u00e7\u00f5es necess\u00e1rias, a fim de que possam decidir sobre suas vidas, possibilitando-lhes a conclus\u00e3o dos estudos, para que entrem no mundo adulto, com autonomia e a capacita\u00e7\u00e3o suficiente para o exerc\u00edcio de uma profiss\u00e3o e da plena cidadania.<br \/>Trata-se de um trabalho profundo que evidencia a import\u00e2ncia de se perceber um problema social que impacta diretamente na vida de muitas mulheres e suas fam\u00edlias, que nos leva a refletir como sociedade acerca de como proceder para evitar que essas viola\u00e7\u00f5es se perpetuem, cientes de que s\u00f3 um ambiente manifestamente a favor do respeito pela dignidade e da prote\u00e7\u00e3o absoluta e completa das meninas e das adolescentes poder\u00e1 garantir que essas viola\u00e7\u00f5es cessem.\u201d<\/p>\n<p><strong>Helena de Azeredo Orselli <\/strong><\/p>","protected":false},"excerpt":{"rendered":"<p>Ana Paula Floriani de Andrade<\/p>\n<p><strong>Vers\u00e3o impressa &#8211; <a href=\"https:\/\/www.amazon.com.br\/Aborto-sentimental-Paula-Floriani-Andrade\/dp\/6552350023\/ref=sr_1_10?__mk_pt_BR=%C3%85M%C3%85%C5%BD%C3%95%C3%91&amp;crid=BQEAHR276CLW&amp;dib=eyJ2IjoiMSJ9.hKGeKdzxiIa2bHcqCclZ4HWbvc5bZLE8ecpfbm7_ZAD6AxoOPTgBuX0vN2rRFCFBYbov3QnykUCDwc07wRiFfTOtw5ddAM-EzixhY-210nnN-UW_Ckw3iKSQRQFpEQW9fzRhdtics29tq0pUuwsnbf7-d3nWzCdG3ErWaG3LzRYRkJfeIsEYfz7FWSOv39OvKz2Zj6926ej4dh7X1jXh7w.yW4pdobvqPibIk_tbn2CZZvTqO7SP2suD6pZXY50yrg&amp;dib_tag=se&amp;keywords=%22dom+modesto%22&amp;qid=1726083465&amp;sprefix=dom+modesto+%2Caps%2C271&amp;sr=8-10\">Clique aqui<\/a><\/strong><br \/><strong>Vers\u00e3o digital (e-book) &#8211; ainda n\u00e3o dispon\u00edvel<\/strong><\/p>","protected":false},"featured_media":67454,"template":"","meta":{"_joinchat":[]},"product_brand":[],"product_cat":[57],"product_tag":[],"class_list":{"0":"post-67453","1":"product","2":"type-product","3":"status-publish","4":"has-post-thumbnail","6":"product_cat-ciencias-sociais-aplicadas","7":"align-center","8":"box-shadow-1","9":"box-shadow-3-hover","10":"ast-product-gallery-layout-horizontal","11":"ast-product-gallery-with-no-image","12":"ast-product-tabs-layout-horizontal","14":"first","15":"instock","16":"shipping-taxable","17":"product-type-simple"},"_links":{"self":[{"href":"https:\/\/www.dommodesto.com.br\/en\/wp-json\/wp\/v2\/product\/67453","targetHints":{"allow":["GET"]}}],"collection":[{"href":"https:\/\/www.dommodesto.com.br\/en\/wp-json\/wp\/v2\/product"}],"about":[{"href":"https:\/\/www.dommodesto.com.br\/en\/wp-json\/wp\/v2\/types\/product"}],"wp:featuredmedia":[{"embeddable":true,"href":"https:\/\/www.dommodesto.com.br\/en\/wp-json\/wp\/v2\/media\/67454"}],"wp:attachment":[{"href":"https:\/\/www.dommodesto.com.br\/en\/wp-json\/wp\/v2\/media?parent=67453"}],"wp:term":[{"taxonomy":"product_brand","embeddable":true,"href":"https:\/\/www.dommodesto.com.br\/en\/wp-json\/wp\/v2\/product_brand?post=67453"},{"taxonomy":"product_cat","embeddable":true,"href":"https:\/\/www.dommodesto.com.br\/en\/wp-json\/wp\/v2\/product_cat?post=67453"},{"taxonomy":"product_tag","embeddable":true,"href":"https:\/\/www.dommodesto.com.br\/en\/wp-json\/wp\/v2\/product_tag?post=67453"}],"curies":[{"name":"wp","href":"https:\/\/api.w.org\/{rel}","templated":true}]}}