{"id":67451,"date":"2024-09-12T08:43:06","date_gmt":"2024-09-12T11:43:06","guid":{"rendered":"https:\/\/www.dommodesto.com.br\/?post_type=product&#038;p=67451"},"modified":"2024-09-12T08:43:06","modified_gmt":"2024-09-12T11:43:06","slug":"revista-da-oab-rio-do-sul-ano-i-vol-i","status":"publish","type":"product","link":"https:\/\/www.dommodesto.com.br\/en\/product\/revista-da-oab-rio-do-sul-ano-i-vol-i\/","title":{"rendered":"Revista da OAB Rio do Sul &#8211; ano I &#8211; vol. I"},"content":{"rendered":"<p>\u201cEstamos vivendo uma mudan\u00e7a de \u00e9poca em que uma etapa est\u00e1 se encerrando e outra est\u00e1 se abrindo, mas a primeira n\u00e3o est\u00e1 resignada a se encerrar e a nova ainda n\u00e3o est\u00e1 totalmente aberta, o que gera uma incerteza anunciada h\u00e1 d\u00e9cadas, mas que agora est\u00e1 se tornando mais aguda. Os seres humanos desenvolveram um poder tecnol\u00f3gico cada vez maior, mas n\u00e3o foram capazes de desenvolver uma \u00e9tica que acompanhe o crescimento desse poder.<br \/>(&#8230;)<br \/>\u00c9 por isso que lan\u00e7ar uma revista para advogados neste momento \u00e9 uma aventura e, ao mesmo tempo, um ato de f\u00e9 na recupera\u00e7\u00e3o do potencial limitador do direito. \u00c9 mais um esfor\u00e7o em um campo de luta pela racionalidade, que n\u00e3o pode deixar de ser parabenizado. Ao unirmos nossas for\u00e7as, talvez consigamos, se n\u00e3o apagar o fogo, pelo menos limit\u00e1-lo.\u201d<\/p>\n<p><strong>E. Ra\u00fal Zaffaroni<\/strong><\/p>","protected":false},"excerpt":{"rendered":"<p>Giovane Fernando Medeiros<br \/>(Coord. da Revista da OAB Rio do Sul)<\/p>\n<p>Rui Cesar Voltolini<br \/>(Presidente da OAB Rio do Sul)<\/p>\n<p><strong>E-book gratuito &#8211; em breve<\/strong><br \/><strong>Vers\u00e3o impressa &#8211; indispon\u00edvel<\/strong><\/p>","protected":false},"featured_media":67452,"template":"","meta":{"_joinchat":[]},"product_brand":[],"product_cat":[57],"product_tag":[],"class_list":{"0":"post-67451","1":"product","2":"type-product","3":"status-publish","4":"has-post-thumbnail","6":"product_cat-ciencias-sociais-aplicadas","7":"align-center","8":"box-shadow-1","9":"box-shadow-3-hover","10":"ast-product-gallery-layout-horizontal","11":"ast-product-gallery-with-no-image","12":"ast-product-tabs-layout-horizontal","14":"first","15":"instock","16":"shipping-taxable","17":"product-type-simple"},"_links":{"self":[{"href":"https:\/\/www.dommodesto.com.br\/en\/wp-json\/wp\/v2\/product\/67451","targetHints":{"allow":["GET"]}}],"collection":[{"href":"https:\/\/www.dommodesto.com.br\/en\/wp-json\/wp\/v2\/product"}],"about":[{"href":"https:\/\/www.dommodesto.com.br\/en\/wp-json\/wp\/v2\/types\/product"}],"wp:featuredmedia":[{"embeddable":true,"href":"https:\/\/www.dommodesto.com.br\/en\/wp-json\/wp\/v2\/media\/67452"}],"wp:attachment":[{"href":"https:\/\/www.dommodesto.com.br\/en\/wp-json\/wp\/v2\/media?parent=67451"}],"wp:term":[{"taxonomy":"product_brand","embeddable":true,"href":"https:\/\/www.dommodesto.com.br\/en\/wp-json\/wp\/v2\/product_brand?post=67451"},{"taxonomy":"product_cat","embeddable":true,"href":"https:\/\/www.dommodesto.com.br\/en\/wp-json\/wp\/v2\/product_cat?post=67451"},{"taxonomy":"product_tag","embeddable":true,"href":"https:\/\/www.dommodesto.com.br\/en\/wp-json\/wp\/v2\/product_tag?post=67451"}],"curies":[{"name":"wp","href":"https:\/\/api.w.org\/{rel}","templated":true}]}}