{"id":67445,"date":"2024-09-11T18:22:15","date_gmt":"2024-09-11T21:22:15","guid":{"rendered":"https:\/\/www.dommodesto.com.br\/?post_type=product&#038;p=67445"},"modified":"2024-09-23T22:40:08","modified_gmt":"2024-09-24T01:40:08","slug":"67445","status":"publish","type":"product","link":"https:\/\/www.dommodesto.com.br\/en\/product\/67445\/","title":{"rendered":"Desigualdades interseccionais e a busca por justi\u00e7a social"},"content":{"rendered":"<p style=\"text-align: justify;\">&#8220;Desigualdades Interseccionais e a Busca por Justi\u00e7a Social&#8221; aborda a complexidade das desigualdades que permeiam as sociedades contempor\u00e2neas. Os autores exploram as intersec\u00e7\u00f5es de discrimina\u00e7\u00e3o baseadas em g\u00eanero, ra\u00e7a, classe e outras identidades, revelando como essas intera\u00e7\u00f5es produzem efeitos cumulativos que exacerbam a exclus\u00e3o e a marginaliza\u00e7\u00e3o.<\/p>\n<p style=\"text-align: justify;\">Estruturado em tr\u00eas eixos principais de estudo, o livro fornece uma an\u00e1lise aprofundada de cada aspecto das desigualdades interseccionais: teorias e conceitos, estudos de caso e pol\u00edticas p\u00fablicas. Esta abordagem tripartida n\u00e3o s\u00f3 facilita uma compreens\u00e3o hol\u00edstica dos desafios enfrentados, mas tamb\u00e9m oferece insights valiosos sobre como as interven\u00e7\u00f5es podem ser mais efetivamente direcionadas.<\/p>\n<p style=\"text-align: justify;\">Financiado pela FAPERGS, este trabalho reflete um compromisso com a pesquisa aplicada que busca informar e influenciar as pr\u00e1ticas de desenvolvimento social. \u00c9 uma leitura indispens\u00e1vel para acad\u00eamicos, formuladores de pol\u00edticas e ativistas sociais empenhados em promover justi\u00e7a social e equidade, inspirando uma reflex\u00e3o cr\u00edtica e a\u00e7\u00e3o pr\u00e1tica para transformar as estruturas que sustentam as desigualdades em nossa sociedade.<\/p>","protected":false},"excerpt":{"rendered":"<p>Anna Paula Bagetti Zeifert<br \/>(Org.)<\/p>\n<p><strong>E-book gratuito &#8211; Clique no bot\u00e3o Download<\/strong><br \/><strong>Vers\u00e3o impressa &#8211; indispon\u00edvel<\/strong><\/p>","protected":false},"featured_media":67446,"template":"","meta":{"_joinchat":[]},"product_brand":[],"product_cat":[57],"product_tag":[329],"class_list":{"0":"post-67445","1":"product","2":"type-product","3":"status-publish","4":"has-post-thumbnail","6":"product_cat-ciencias-sociais-aplicadas","7":"product_tag-https-www-dommodesto-com-br-wp-content-uploads-woocommerce_uploads-2024-09-9786552350084_ebook-zv9bhe-pdf","8":"align-center","9":"box-shadow-1","10":"box-shadow-3-hover","11":"ast-product-gallery-layout-horizontal","12":"ast-product-gallery-with-no-image","13":"ast-product-tabs-layout-horizontal","15":"first","16":"instock","17":"downloadable","18":"virtual","19":"purchasable","20":"product-type-simple"},"_links":{"self":[{"href":"https:\/\/www.dommodesto.com.br\/en\/wp-json\/wp\/v2\/product\/67445","targetHints":{"allow":["GET"]}}],"collection":[{"href":"https:\/\/www.dommodesto.com.br\/en\/wp-json\/wp\/v2\/product"}],"about":[{"href":"https:\/\/www.dommodesto.com.br\/en\/wp-json\/wp\/v2\/types\/product"}],"wp:featuredmedia":[{"embeddable":true,"href":"https:\/\/www.dommodesto.com.br\/en\/wp-json\/wp\/v2\/media\/67446"}],"wp:attachment":[{"href":"https:\/\/www.dommodesto.com.br\/en\/wp-json\/wp\/v2\/media?parent=67445"}],"wp:term":[{"taxonomy":"product_brand","embeddable":true,"href":"https:\/\/www.dommodesto.com.br\/en\/wp-json\/wp\/v2\/product_brand?post=67445"},{"taxonomy":"product_cat","embeddable":true,"href":"https:\/\/www.dommodesto.com.br\/en\/wp-json\/wp\/v2\/product_cat?post=67445"},{"taxonomy":"product_tag","embeddable":true,"href":"https:\/\/www.dommodesto.com.br\/en\/wp-json\/wp\/v2\/product_tag?post=67445"}],"curies":[{"name":"wp","href":"https:\/\/api.w.org\/{rel}","templated":true}]}}