{"id":67439,"date":"2024-09-11T17:48:52","date_gmt":"2024-09-11T20:48:52","guid":{"rendered":"https:\/\/www.dommodesto.com.br\/?post_type=product&#038;p=67439"},"modified":"2024-10-03T18:28:33","modified_gmt":"2024-10-03T21:28:33","slug":"anais-do-iv-seminario-politicas-publicas-de-acesso-a-justica-e-direitos-humanos","status":"publish","type":"product","link":"https:\/\/www.dommodesto.com.br\/en\/product\/anais-do-iv-seminario-politicas-publicas-de-acesso-a-justica-e-direitos-humanos\/","title":{"rendered":"Anais do IV Semin\u00e1rio Pol\u00edticas P\u00fablicas de Acesso \u00e0 Justi\u00e7a e Direitos Humanos"},"content":{"rendered":"<p style=\"text-align: justify;\">Em um mundo onde a busca pela justi\u00e7a e pela prote\u00e7\u00e3o dos direitos humanos se faz urgente, a compreens\u00e3o sobre as pol\u00edticas p\u00fablicas a fim de efetivar essas mudan\u00e7as se torna essencial. Nessa toada, \u00e9 com grande entusiasmo que apresentamos o livro \u201cDesafios e Avan\u00e7os: Pol\u00edticas P\u00fablicas de Acesso \u00e0 Justi\u00e7a e Direitos Humanos\u201d, que re\u00fane as reflex\u00f5es e debates promovidos durante o IV Semin\u00e1rio de pol\u00edticas p\u00fablicas e acesso \u00e0 Justi\u00e7a e Direitos Humanos, promovido pela UNIJU\u00cd.<\/p>\n<p style=\"text-align: justify;\">Este semin\u00e1rio foi um ponto de encontro para especialistas, acad\u00eamicos, profissionais do direito, gestores p\u00fablicos e ativistas que, unidos pelo prop\u00f3sito de fortalecer o sistema de justi\u00e7a e garantir a equidade de direitos, compartilharam experi\u00eancias, desafios e solu\u00e7\u00f5es inovadoras. O livro \u00e9 um reflexo rico e detalhado desses di\u00e1logos e oferece uma vis\u00e3o abrangente sobre como as pol\u00edticas p\u00fablicas podem ser desenhadas e implementadas para assegurar o acesso universal \u00e0 justi\u00e7a e a prote\u00e7\u00e3o dos direitos fundamentais.<\/p>\n<p>Dividido em se\u00e7\u00f5es que cobrem uma ampla gama de t\u00f3picos, desde a an\u00e1lise cr\u00edtica das pol\u00edticas existentes at\u00e9 propostas para novas abordagens, o volume inclui contribui\u00e7\u00f5es de renomados especialistas e pr\u00e1ticos na \u00e1rea.<\/p>","protected":false},"excerpt":{"rendered":"<p>Rosane Teresinha Carvalho Porto<br \/>Jana\u00edna Machado Sturza<br \/>Maiquel \u00c2ngelo Dezordi Wermuth<br \/>Joice Graciele Nielsson<\/p>\n<p><strong>E-book gratuito &#8211; Clique no bot\u00e3o Download<\/strong><br \/><strong>Vers\u00e3o impressa &#8211; indispon\u00edvel<\/strong><\/p>","protected":false},"featured_media":67441,"template":"","meta":{"_joinchat":[]},"product_brand":[],"product_cat":[57],"product_tag":[],"class_list":{"0":"post-67439","1":"product","2":"type-product","3":"status-publish","4":"has-post-thumbnail","6":"product_cat-ciencias-sociais-aplicadas","7":"align-center","8":"box-shadow-1","9":"box-shadow-3-hover","10":"ast-product-gallery-layout-horizontal","11":"ast-product-gallery-with-no-image","12":"ast-product-tabs-layout-horizontal","14":"first","15":"instock","16":"downloadable","17":"virtual","18":"purchasable","19":"product-type-simple"},"_links":{"self":[{"href":"https:\/\/www.dommodesto.com.br\/en\/wp-json\/wp\/v2\/product\/67439","targetHints":{"allow":["GET"]}}],"collection":[{"href":"https:\/\/www.dommodesto.com.br\/en\/wp-json\/wp\/v2\/product"}],"about":[{"href":"https:\/\/www.dommodesto.com.br\/en\/wp-json\/wp\/v2\/types\/product"}],"wp:featuredmedia":[{"embeddable":true,"href":"https:\/\/www.dommodesto.com.br\/en\/wp-json\/wp\/v2\/media\/67441"}],"wp:attachment":[{"href":"https:\/\/www.dommodesto.com.br\/en\/wp-json\/wp\/v2\/media?parent=67439"}],"wp:term":[{"taxonomy":"product_brand","embeddable":true,"href":"https:\/\/www.dommodesto.com.br\/en\/wp-json\/wp\/v2\/product_brand?post=67439"},{"taxonomy":"product_cat","embeddable":true,"href":"https:\/\/www.dommodesto.com.br\/en\/wp-json\/wp\/v2\/product_cat?post=67439"},{"taxonomy":"product_tag","embeddable":true,"href":"https:\/\/www.dommodesto.com.br\/en\/wp-json\/wp\/v2\/product_tag?post=67439"}],"curies":[{"name":"wp","href":"https:\/\/api.w.org\/{rel}","templated":true}]}}