{"id":67339,"date":"2024-08-09T14:47:00","date_gmt":"2024-08-09T17:47:00","guid":{"rendered":"https:\/\/www.dommodesto.com.br\/?post_type=product&#038;p=67339"},"modified":"2024-08-09T14:47:00","modified_gmt":"2024-08-09T17:47:00","slug":"responsabilidade-civil-por-desastres-e-emergencia-climatica","status":"publish","type":"product","link":"https:\/\/www.dommodesto.com.br\/en\/product\/responsabilidade-civil-por-desastres-e-emergencia-climatica\/","title":{"rendered":"Responsabilidade civil por desastres e emerg\u00eancia clim\u00e1tica"},"content":{"rendered":"<p style=\"text-align: justify;\">Em &#8220;Responsabilidade Civil por Desastres e Emerg\u00eancia Clim\u00e1tica&#8221;, os autores exploram a complexa interse\u00e7\u00e3o entre o direito ambiental e a responsabilidade civil diante dos crescentes desafios impostos pelas mudan\u00e7as clim\u00e1ticas. A obra detalha como as leis podem ser aplicadas para buscar justi\u00e7a e compensa\u00e7\u00e3o para aqueles afetados por desastres ambientais, que est\u00e3o se tornando cada vez mais frequentes e severos devido \u00e0s altera\u00e7\u00f5es no clima global.<\/p>\n<p style=\"text-align: justify;\">Atrav\u00e9s de uma an\u00e1lise detalhada de casos, legisla\u00e7\u00e3o e pol\u00edticas atuais, o livro discute a urg\u00eancia de adaptar os princ\u00edpios de responsabilidade civil para efetivamente responder \u00e0s cat\u00e1strofes naturais e antropog\u00eanicas. Com um foco especial na preven\u00e7\u00e3o e mitiga\u00e7\u00e3o de riscos, a obra \u00e9 essencial para legisladores, juristas, acad\u00eamicos e todos os profissionais envolvidos na gest\u00e3o de riscos ambientais.<\/p>\n<p style=\"text-align: justify;\">Este trabalho n\u00e3o apenas ilumina as responsabilidades legais existentes, mas tamb\u00e9m prop\u00f5e novos frameworks jur\u00eddicos para melhorar a resili\u00eancia e a capacidade de resposta das sociedades frente \u00e0 inevitabilidade das crises clim\u00e1ticas. &#8220;Responsabilidade Civil por Desastres e Emerg\u00eancia Clim\u00e1tica&#8221; \u00e9 uma leitura obrigat\u00f3ria para quem busca compreender e moldar o futuro da legisla\u00e7\u00e3o ambiental em um mundo em transforma\u00e7\u00e3o.<\/p>","protected":false},"excerpt":{"rendered":"<p><strong>Coordenadores Gerais<\/strong><br \/>Daniel A. Farber<br \/>D\u00e9lton Winter de Carvalho<br \/>Anderson Vichinkeski Teixeira<\/p>\n<p><strong>Coordenadores da Obra<\/strong><br \/>\u00c2ngela Molin<br \/>Francisca Cec\u00edlia de Carvalho Moura F\u00e9<br \/>Henrique Oliveira Freire<br \/>Juliana Lopes Scariot<br \/>K\u00e1tia Ragnini Scherer<br \/>Pery Saraiva Neto<br \/>Rafaela Santos Martins da Rosa<\/p>\n<p><strong>E-book gratuito &#8211; Clique no bot\u00e3o Download.<\/strong><br \/><strong>Vers\u00e3o impressa &#8211; indispon\u00edvel.<\/strong><\/p>","protected":false},"featured_media":67342,"template":"","meta":{"_joinchat":[]},"product_brand":[],"product_cat":[57],"product_tag":[],"class_list":{"0":"post-67339","1":"product","2":"type-product","3":"status-publish","4":"has-post-thumbnail","6":"product_cat-ciencias-sociais-aplicadas","7":"align-center","8":"box-shadow-1","9":"box-shadow-3-hover","10":"ast-product-gallery-layout-horizontal","11":"ast-product-gallery-with-no-image","12":"ast-product-tabs-layout-horizontal","14":"first","15":"instock","16":"downloadable","17":"virtual","18":"purchasable","19":"product-type-simple"},"_links":{"self":[{"href":"https:\/\/www.dommodesto.com.br\/en\/wp-json\/wp\/v2\/product\/67339","targetHints":{"allow":["GET"]}}],"collection":[{"href":"https:\/\/www.dommodesto.com.br\/en\/wp-json\/wp\/v2\/product"}],"about":[{"href":"https:\/\/www.dommodesto.com.br\/en\/wp-json\/wp\/v2\/types\/product"}],"wp:featuredmedia":[{"embeddable":true,"href":"https:\/\/www.dommodesto.com.br\/en\/wp-json\/wp\/v2\/media\/67342"}],"wp:attachment":[{"href":"https:\/\/www.dommodesto.com.br\/en\/wp-json\/wp\/v2\/media?parent=67339"}],"wp:term":[{"taxonomy":"product_brand","embeddable":true,"href":"https:\/\/www.dommodesto.com.br\/en\/wp-json\/wp\/v2\/product_brand?post=67339"},{"taxonomy":"product_cat","embeddable":true,"href":"https:\/\/www.dommodesto.com.br\/en\/wp-json\/wp\/v2\/product_cat?post=67339"},{"taxonomy":"product_tag","embeddable":true,"href":"https:\/\/www.dommodesto.com.br\/en\/wp-json\/wp\/v2\/product_tag?post=67339"}],"curies":[{"name":"wp","href":"https:\/\/api.w.org\/{rel}","templated":true}]}}