{"id":67330,"date":"2024-07-19T18:20:10","date_gmt":"2024-07-19T21:20:10","guid":{"rendered":"https:\/\/www.dommodesto.com.br\/?post_type=product&#038;p=67330"},"modified":"2024-07-19T18:20:10","modified_gmt":"2024-07-19T21:20:10","slug":"o-cadastro-ambiental-rural-car-como-instrumento-de-regularizacao-fundiaria-no-matopiba-amazonia-legal-e-estado-de-goias","status":"publish","type":"product","link":"https:\/\/www.dommodesto.com.br\/en\/product\/o-cadastro-ambiental-rural-car-como-instrumento-de-regularizacao-fundiaria-no-matopiba-amazonia-legal-e-estado-de-goias\/","title":{"rendered":"O Cadastro Ambiental Rural (CAR) como instrumento de regulariza\u00e7\u00e3o fundi\u00e1ria no Matopiba, Amaz\u00f4nia Legal e Estado de Goi\u00e1s"},"content":{"rendered":"<p style=\"text-align: justify;\">O livro faz uma an\u00e1lise minuciosa acerca do Cadastro Ambiental Rural (CAR) nas regi\u00f5es do MATOPIBA, Amaz\u00f4nia Legal e Estado de Goi\u00e1s e sua utiliza\u00e7\u00e3o tanto como instrumento de gest\u00e3o ambiental e regulariza\u00e7\u00e3o fundi\u00e1ria como, antagonicamente, mecanismo de grilagem e sobreposi\u00e7\u00f5es de terra. Com uma abordagem detalhada e criteriosa, o texto apresenta uma vis\u00e3o abrangente dos desafios legais e impactos socioambientais relacionados \u00e0 implementa\u00e7\u00e3o do CAR nessas regi\u00f5es cr\u00edticas. Ideal para acad\u00eamicos, profissionais do direito, gestores p\u00fablicos e todos aqueles interessados na intersec\u00e7\u00e3o entre desenvolvimento, conserva\u00e7\u00e3o ambiental e direitos de propriedade.<\/p>","protected":false},"excerpt":{"rendered":"<p>Cezar Augusto Mendes J\u00fanior<\/p>\n<p><strong>Vers\u00e3o impressa &#8211; <a href=\"https:\/\/www.amazon.com.br\/Cadastro-Ambiental-instrumento-regulariza%C3%A7%C3%A3o-fundi%C3%A1ria\/dp\/6552350007\/ref=sr_1_14?__mk_pt_BR=%C3%85M%C3%85%C5%BD%C3%95%C3%91&amp;crid=SGC0RHJXQ1YJ&amp;dib=eyJ2IjoiMSJ9.ker-vZOQfTYMRDaMF8a-Vpf1owmfw_Ktvwe8ym44hI-2z78iOr3j4j9z_TLFYvEKkNKg56BgDnOePF6NAXMYbw04ThO2doGmcxKtl4q4UnJ7ZitUYBZly2vUjIY1M4hOWUemMe2Ignqbl0ci-rGGr5xxv4VB8lJS1Mp9ziVLYCAHShG4efxLAyJCpdzCBMeWs34lqQ3IbltGBfByWX7y6Il_CMYQkFvSAIzuueWnmbezalb0OKfm2yXD6TyNadtnEHYNnjTxPpcPizwjLem_FAv5WR0A-vxBpmeX8KL8Jrk.oUNiix1ny8k97PwipP91SPl_J4xs8vlf7wNdAkqI7cw&amp;dib_tag=se&amp;keywords=%22dom+modesto%22&amp;qid=1721423491&amp;sprefix=dom+modesto+%2Caps%2C1815&amp;sr=8-14\">Clique aqui<\/a><\/strong><br \/><strong>Vers\u00e3o digital (e-book) &#8211; ainda n\u00e3o dispon\u00edvel<\/strong><\/p>","protected":false},"featured_media":67331,"template":"","meta":{"_joinchat":[]},"product_brand":[],"product_cat":[57],"product_tag":[],"class_list":{"0":"post-67330","1":"product","2":"type-product","3":"status-publish","4":"has-post-thumbnail","6":"product_cat-ciencias-sociais-aplicadas","7":"align-center","8":"box-shadow-1","9":"box-shadow-3-hover","10":"ast-product-gallery-layout-horizontal","11":"ast-product-gallery-with-no-image","12":"ast-product-tabs-layout-horizontal","14":"first","15":"instock","16":"downloadable","17":"virtual","18":"product-type-simple"},"_links":{"self":[{"href":"https:\/\/www.dommodesto.com.br\/en\/wp-json\/wp\/v2\/product\/67330","targetHints":{"allow":["GET"]}}],"collection":[{"href":"https:\/\/www.dommodesto.com.br\/en\/wp-json\/wp\/v2\/product"}],"about":[{"href":"https:\/\/www.dommodesto.com.br\/en\/wp-json\/wp\/v2\/types\/product"}],"wp:featuredmedia":[{"embeddable":true,"href":"https:\/\/www.dommodesto.com.br\/en\/wp-json\/wp\/v2\/media\/67331"}],"wp:attachment":[{"href":"https:\/\/www.dommodesto.com.br\/en\/wp-json\/wp\/v2\/media?parent=67330"}],"wp:term":[{"taxonomy":"product_brand","embeddable":true,"href":"https:\/\/www.dommodesto.com.br\/en\/wp-json\/wp\/v2\/product_brand?post=67330"},{"taxonomy":"product_cat","embeddable":true,"href":"https:\/\/www.dommodesto.com.br\/en\/wp-json\/wp\/v2\/product_cat?post=67330"},{"taxonomy":"product_tag","embeddable":true,"href":"https:\/\/www.dommodesto.com.br\/en\/wp-json\/wp\/v2\/product_tag?post=67330"}],"curies":[{"name":"wp","href":"https:\/\/api.w.org\/{rel}","templated":true}]}}