{"id":67328,"date":"2024-07-19T17:33:22","date_gmt":"2024-07-19T20:33:22","guid":{"rendered":"https:\/\/www.dommodesto.com.br\/?post_type=product&#038;p=67328"},"modified":"2024-07-19T17:33:22","modified_gmt":"2024-07-19T20:33:22","slug":"smart-cities-uma-perspectiva-de-cidades-humanas-mais-inclusivas-e-democraticas","status":"publish","type":"product","link":"https:\/\/www.dommodesto.com.br\/en\/product\/smart-cities-uma-perspectiva-de-cidades-humanas-mais-inclusivas-e-democraticas\/","title":{"rendered":"Smart cities: uma perspectiva de cidades humanas mais inclusivas e democr\u00e1ticas"},"content":{"rendered":"<p style=\"text-align: justify;\">\u201cA depender da perspectiva adotada de modelo de cidade inteligente, se hol\u00edstica ou t\u00e9cnica, os resultados podem ser muito distintos. Todavia, a busca por cidades mais humanas, sustent\u00e1veis e inclusivas, n\u00e3o pode se limitar a uma meta ou objetivo de desenvolvimento a ser alcan\u00e7ado pelas autoridades locais, pelos cidad\u00e3os e os diversos setores presentes nos territ\u00f3rios urbanos, mas sim, convergir para um modo de vida menos discriminat\u00f3rio e segregacionista. Em que a ado\u00e7\u00e3o das tecnologias de informa\u00e7\u00e3o e comunica\u00e7\u00e3o, em rede e de dados abertos podem contribuir para a melhoria da qualidade de vida no ambiente urbano? Ser\u00e1 que a aposta na expertise t\u00e9cnica poder\u00e1 prescindir da experi\u00eancia citadina? Bem, a resposta a estas indaga\u00e7\u00f5es e outras que possam surgir encontram-se nas p\u00e1ginas que seguem. Assim, a leitura da presente obra \u00e9 um convite \u00e0 reflex\u00e3o e a constru\u00e7\u00e3o de poss\u00edveis solu\u00e7\u00f5es para a implanta\u00e7\u00e3o ou n\u00e3o de projetos de smart cities.\u201d<\/p>\n<p><em>Prof. Dra. Elenise Felzke Schonardie<\/em><\/p>","protected":false},"excerpt":{"rendered":"<p>K\u00e9sia M\u00e1bia Campana<\/p>\n<p><strong>Vers\u00e3o impressa &#8211; em breve dispon\u00edvel na Amazon e em outros grandes marketplaces<br \/><strong>Vers\u00e3o digital (e-book) &#8211; ainda n\u00e3o dispon\u00edvel<\/strong><\/strong><\/p>","protected":false},"featured_media":67329,"template":"","meta":{"_joinchat":[]},"product_brand":[],"product_cat":[57],"product_tag":[],"class_list":{"0":"post-67328","1":"product","2":"type-product","3":"status-publish","4":"has-post-thumbnail","6":"product_cat-ciencias-sociais-aplicadas","7":"align-center","8":"box-shadow-1","9":"box-shadow-3-hover","10":"ast-product-gallery-layout-horizontal","11":"ast-product-gallery-with-no-image","12":"ast-product-tabs-layout-horizontal","14":"first","15":"instock","16":"downloadable","17":"virtual","18":"product-type-simple"},"_links":{"self":[{"href":"https:\/\/www.dommodesto.com.br\/en\/wp-json\/wp\/v2\/product\/67328","targetHints":{"allow":["GET"]}}],"collection":[{"href":"https:\/\/www.dommodesto.com.br\/en\/wp-json\/wp\/v2\/product"}],"about":[{"href":"https:\/\/www.dommodesto.com.br\/en\/wp-json\/wp\/v2\/types\/product"}],"wp:featuredmedia":[{"embeddable":true,"href":"https:\/\/www.dommodesto.com.br\/en\/wp-json\/wp\/v2\/media\/67329"}],"wp:attachment":[{"href":"https:\/\/www.dommodesto.com.br\/en\/wp-json\/wp\/v2\/media?parent=67328"}],"wp:term":[{"taxonomy":"product_brand","embeddable":true,"href":"https:\/\/www.dommodesto.com.br\/en\/wp-json\/wp\/v2\/product_brand?post=67328"},{"taxonomy":"product_cat","embeddable":true,"href":"https:\/\/www.dommodesto.com.br\/en\/wp-json\/wp\/v2\/product_cat?post=67328"},{"taxonomy":"product_tag","embeddable":true,"href":"https:\/\/www.dommodesto.com.br\/en\/wp-json\/wp\/v2\/product_tag?post=67328"}],"curies":[{"name":"wp","href":"https:\/\/api.w.org\/{rel}","templated":true}]}}