{"id":67320,"date":"2024-07-09T08:42:09","date_gmt":"2024-07-09T11:42:09","guid":{"rendered":"https:\/\/www.dommodesto.com.br\/?post_type=product&#038;p=67320"},"modified":"2024-07-09T08:42:10","modified_gmt":"2024-07-09T11:42:10","slug":"genero-em-rede-mulheres-direitos-humanos-e-politicas-publicas","status":"publish","type":"product","link":"https:\/\/www.dommodesto.com.br\/en\/product\/genero-em-rede-mulheres-direitos-humanos-e-politicas-publicas\/","title":{"rendered":"G\u00eanero em rede: mulheres, direitos humanos e pol\u00edticas p\u00fablicas"},"content":{"rendered":"<p style=\"text-align: justify;\">&#8220;G\u00eanero em Rede: Mulheres, Direitos Humanos e Pol\u00edticas P\u00fablicas&#8221; oferece uma jornada reveladora atrav\u00e9s das complexas interse\u00e7\u00f5es de g\u00eanero, ra\u00e7a e classe na sociedade contempor\u00e2nea. Organizado por Rosane Teresinha Carvalho Porto, T\u00e2nia Regina Silva Reckziegel e Daniela Silva Fontoura de Barcellos, este livro \u00e9 um mosaico vibrante de ensaios que desvendam as din\u00e2micas que moldam as experi\u00eancias das mulheres em diversos contextos pol\u00edticos e sociais.<\/p>\n<p style=\"text-align: justify;\">Neste volume, os leitores encontrar\u00e3o uma cole\u00e7\u00e3o enriquecedora de cap\u00edtulos que abordam desde a sub-representa\u00e7\u00e3o das mulheres na pol\u00edtica at\u00e9 a influ\u00eancia das redes sociais nas narrativas judiciais sobre ass\u00e9dio. Cada cap\u00edtulo \u00e9 uma pe\u00e7a chave para entender como as pol\u00edticas p\u00fablicas podem e devem evoluir para promover a igualdade de g\u00eanero e combater a viol\u00eancia pol\u00edtica, proporcionando um entendimento mais profundo e cr\u00edtico sobre a luta cont\u00ednua pelos direitos das mulheres.<\/p>\n<p style=\"text-align: justify;\">Essencial para estudiosos, ativistas e qualquer pessoa interessada em direitos humanos e justi\u00e7a social, &#8220;G\u00eanero em Rede&#8221; n\u00e3o \u00e9 apenas uma leitura acad\u00eamica; \u00e9 um chamado \u00e0 a\u00e7\u00e3o. Ao oferecer uma an\u00e1lise profunda e interdisciplinar, este livro motiva a reflex\u00e3o e inspira a busca por um mundo mais justo e equitativo.<\/p>\n<p style=\"text-align: justify;\">Prepare-se para ter suas concep\u00e7\u00f5es desafiadas e seu entendimento ampliado com este trabalho fundamental que ilumina caminhos para a constru\u00e7\u00e3o de pol\u00edticas mais inclusivas e eficazes. &#8220;G\u00eanero em Rede&#8221; \u00e9 mais do que um livro, \u00e9 um instrumento de transforma\u00e7\u00e3o na luta pela equidade de g\u00eanero.<\/p>","protected":false},"excerpt":{"rendered":"<p>Rosane Teresinha Carvalho Porto<br \/>T\u00e2nia Regina Silva Reckziegel<br \/>Daniela Silva Fontoura de Barcellos<br \/>(Orgs.)<\/p>\n<p><strong>Vers\u00e3o impressa &#8211; em breve na Amazon e nos principais marketplaces da internet<\/strong><br \/><strong>Vers\u00e3o digital (e-book) &#8211; Clique no bot\u00e3o Comprar<\/strong><\/p>","protected":false},"featured_media":67323,"template":"","meta":{"_joinchat":[]},"product_brand":[],"product_cat":[57],"product_tag":[],"class_list":{"0":"post-67320","1":"product","2":"type-product","3":"status-publish","4":"has-post-thumbnail","6":"product_cat-ciencias-sociais-aplicadas","7":"align-center","8":"box-shadow-1","9":"box-shadow-3-hover","10":"ast-product-gallery-layout-horizontal","11":"ast-product-gallery-with-no-image","12":"ast-product-tabs-layout-horizontal","14":"first","15":"instock","16":"downloadable","17":"virtual","18":"purchasable","19":"product-type-simple"},"_links":{"self":[{"href":"https:\/\/www.dommodesto.com.br\/en\/wp-json\/wp\/v2\/product\/67320","targetHints":{"allow":["GET"]}}],"collection":[{"href":"https:\/\/www.dommodesto.com.br\/en\/wp-json\/wp\/v2\/product"}],"about":[{"href":"https:\/\/www.dommodesto.com.br\/en\/wp-json\/wp\/v2\/types\/product"}],"wp:featuredmedia":[{"embeddable":true,"href":"https:\/\/www.dommodesto.com.br\/en\/wp-json\/wp\/v2\/media\/67323"}],"wp:attachment":[{"href":"https:\/\/www.dommodesto.com.br\/en\/wp-json\/wp\/v2\/media?parent=67320"}],"wp:term":[{"taxonomy":"product_brand","embeddable":true,"href":"https:\/\/www.dommodesto.com.br\/en\/wp-json\/wp\/v2\/product_brand?post=67320"},{"taxonomy":"product_cat","embeddable":true,"href":"https:\/\/www.dommodesto.com.br\/en\/wp-json\/wp\/v2\/product_cat?post=67320"},{"taxonomy":"product_tag","embeddable":true,"href":"https:\/\/www.dommodesto.com.br\/en\/wp-json\/wp\/v2\/product_tag?post=67320"}],"curies":[{"name":"wp","href":"https:\/\/api.w.org\/{rel}","templated":true}]}}