{"id":67316,"date":"2024-07-03T13:21:45","date_gmt":"2024-07-03T16:21:45","guid":{"rendered":"https:\/\/www.dommodesto.com.br\/?post_type=product&#038;p=67316"},"modified":"2024-07-03T13:21:45","modified_gmt":"2024-07-03T16:21:45","slug":"o-ministerio-publico-como-organizacao-perspectivas-pragmatico-sistemicas","status":"publish","type":"product","link":"https:\/\/www.dommodesto.com.br\/en\/product\/o-ministerio-publico-como-organizacao-perspectivas-pragmatico-sistemicas\/","title":{"rendered":"O Minist\u00e9rio P\u00fablico como organiza\u00e7\u00e3o: perspectivas pragm\u00e1tico-sist\u00eamicas"},"content":{"rendered":"<p style=\"text-align: justify;\">&#8220;O Minist\u00e9rio P\u00fablico como Organiza\u00e7\u00e3o: Perspectivas Pragm\u00e1tico-Sist\u00eamicas&#8221; revela uma an\u00e1lise profunda e inovadora sobre o papel e a estrutura do Minist\u00e9rio P\u00fablico (MP) no Brasil e seu paralelismo com sistemas internacionais. Atrav\u00e9s de uma abordagem pragm\u00e1tico-sist\u00eamica, Marcelo Veiga Beckhausen e Leonel Severo Rocha exploram a complexidade das intera\u00e7\u00f5es do MP com o Estado Constitucional brasileiro e suas implica\u00e7\u00f5es para a democracia e a ordem jur\u00eddica.<\/p>\n<p>Com rigor acad\u00eamico e perspectiva cr\u00edtica, a obra desdobra a evolu\u00e7\u00e3o hist\u00f3rica do MP desde suas ra\u00edzes at\u00e9 sua consolida\u00e7\u00e3o na Constitui\u00e7\u00e3o de 1988, evidenciando paradoxos e incoer\u00eancias surgidas ao longo de sua trajet\u00f3ria. Os autores prop\u00f5em um olhar sistem\u00e1tico sobre a independ\u00eancia funcional e a unidade institucional, discutindo suas consequ\u00eancias para a fun\u00e7\u00e3o judicial e extrajudicial do \u00f3rg\u00e3o.<\/p>\n<p>Destinado a acad\u00eamicos, juristas e profissionais do Direito, este livro \u00e9 essencial para todos que buscam entender as din\u00e2micas internas do Minist\u00e9rio P\u00fablico e sua rela\u00e7\u00e3o com os mecanismos de poder e justi\u00e7a no Brasil, oferecendo uma rica an\u00e1lise comparativa com modelos de outros pa\u00edses da Am\u00e9rica Latina e da Fran\u00e7a. Uma obra que desafia o pensamento convencional e contribui para uma nova interpreta\u00e7\u00e3o da autopoiese jur\u00eddica no cen\u00e1rio contempor\u00e2neo.<\/p>","protected":false},"excerpt":{"rendered":"<p>Marcelo Veiga Beckhausen<br \/>Leonel Severo Rocha<\/p>\n<p><strong>Vers\u00e3o impressa &#8211; <a href=\"https:\/\/loja.umlivro.com.br\/o-ministerio-publico-como-organizacao--perspectivas-pragmatico-sistemicas-7016173\/p\">Clique aqui<\/a><\/strong><br \/><strong>Vers\u00e3o digital (e-book) &#8211; ainda n\u00e3o dispon\u00edvel<\/strong><\/p>","protected":false},"featured_media":67317,"template":"","meta":{"_joinchat":[]},"product_brand":[],"product_cat":[57],"product_tag":[],"class_list":{"0":"post-67316","1":"product","2":"type-product","3":"status-publish","4":"has-post-thumbnail","6":"product_cat-ciencias-sociais-aplicadas","7":"align-center","8":"box-shadow-1","9":"box-shadow-3-hover","10":"ast-product-gallery-layout-horizontal","11":"ast-product-gallery-with-no-image","12":"ast-product-tabs-layout-horizontal","14":"first","15":"instock","16":"downloadable","17":"virtual","18":"product-type-simple"},"_links":{"self":[{"href":"https:\/\/www.dommodesto.com.br\/en\/wp-json\/wp\/v2\/product\/67316","targetHints":{"allow":["GET"]}}],"collection":[{"href":"https:\/\/www.dommodesto.com.br\/en\/wp-json\/wp\/v2\/product"}],"about":[{"href":"https:\/\/www.dommodesto.com.br\/en\/wp-json\/wp\/v2\/types\/product"}],"wp:featuredmedia":[{"embeddable":true,"href":"https:\/\/www.dommodesto.com.br\/en\/wp-json\/wp\/v2\/media\/67317"}],"wp:attachment":[{"href":"https:\/\/www.dommodesto.com.br\/en\/wp-json\/wp\/v2\/media?parent=67316"}],"wp:term":[{"taxonomy":"product_brand","embeddable":true,"href":"https:\/\/www.dommodesto.com.br\/en\/wp-json\/wp\/v2\/product_brand?post=67316"},{"taxonomy":"product_cat","embeddable":true,"href":"https:\/\/www.dommodesto.com.br\/en\/wp-json\/wp\/v2\/product_cat?post=67316"},{"taxonomy":"product_tag","embeddable":true,"href":"https:\/\/www.dommodesto.com.br\/en\/wp-json\/wp\/v2\/product_tag?post=67316"}],"curies":[{"name":"wp","href":"https:\/\/api.w.org\/{rel}","templated":true}]}}