{"id":67312,"date":"2024-06-27T14:55:11","date_gmt":"2024-06-27T17:55:11","guid":{"rendered":"https:\/\/www.dommodesto.com.br\/?post_type=product&#038;p=67312"},"modified":"2024-06-27T14:55:11","modified_gmt":"2024-06-27T17:55:11","slug":"do-direito-punitivo-do-medievo-luso-brasileiro-ao-codigo-criminal-do-imperio-do-brasil-um-ensaio-sobre-a-violencia-punitiva-instituida-nas-ordenacoes-do-reino-1446-1830","status":"publish","type":"product","link":"https:\/\/www.dommodesto.com.br\/en\/product\/do-direito-punitivo-do-medievo-luso-brasileiro-ao-codigo-criminal-do-imperio-do-brasil-um-ensaio-sobre-a-violencia-punitiva-instituida-nas-ordenacoes-do-reino-1446-1830\/","title":{"rendered":"Do direito punitivo do medievo luso-brasileiro ao C\u00f3digo Criminal do Imp\u00e9rio do Brasil: um ensaio sobre a viol\u00eancia punitiva institu\u00edda nas Ordena\u00e7\u00f5es do Reino (1446-1830)"},"content":{"rendered":"<p style=\"text-align: justify;\">\u201c<em>Do direito punitivo do medievo luso-brasileiro ao C\u00f3digo Criminal do Imp\u00e9rio do Brasil: um ensaio sobre a viol\u00eancia punitiva institu\u00edda nas Ordena\u00e7\u00f5es do Reino (1446-1830)<\/em>&#8221; \u00e9 uma obra fundamental que explora a evolu\u00e7\u00e3o do direito penal no contexto luso-brasileiro, desde o per\u00edodo medieval at\u00e9 o s\u00e9culo XIX. Atrav\u00e9s de uma an\u00e1lise detalhada, o autor examina as mudan\u00e7as nas pr\u00e1ticas e teorias punitivas, com especial aten\u00e7\u00e3o \u00e0s Ordena\u00e7\u00f5es do Reino, que moldaram as bases do sistema jur\u00eddico penal no Brasil.<\/p>\n<p style=\"text-align: justify;\">O livro oferece uma perspectiva \u00fanica sobre a viol\u00eancia punitiva institucionalizada, destacando como as pr\u00e1ticas jur\u00eddicas e as puni\u00e7\u00f5es evolu\u00edram ao longo do tempo. Ele desvenda a transi\u00e7\u00e3o das normas penais de Portugal para o Brasil, refletindo sobre a influ\u00eancia dessas leis na forma\u00e7\u00e3o da identidade jur\u00eddica brasileira. A obra \u00e9 essencial para estudiosos do Direito, Hist\u00f3ria e para aqueles interessados em compreender as ra\u00edzes do sistema penal brasileiro.<\/p>","protected":false},"excerpt":{"rendered":"<p>Leonardo Matheus Barnab\u00e9 Batista<\/p>\n<p><strong>Vers\u00e3o impressa &#8211; em breve dispon\u00edvel na Amazon e em outros grandes marketplaces<\/strong><br \/><strong>Vers\u00e3o digital (e-book) &#8211; ainda n\u00e3o dispon\u00edvel<\/strong><\/p>","protected":false},"featured_media":67313,"template":"","meta":{"_joinchat":[]},"product_brand":[],"product_cat":[57],"product_tag":[],"class_list":{"0":"post-67312","1":"product","2":"type-product","3":"status-publish","4":"has-post-thumbnail","6":"product_cat-ciencias-sociais-aplicadas","7":"align-center","8":"box-shadow-1","9":"box-shadow-3-hover","10":"ast-product-gallery-layout-horizontal","11":"ast-product-gallery-with-no-image","12":"ast-product-tabs-layout-horizontal","14":"first","15":"instock","16":"shipping-taxable","17":"product-type-simple"},"_links":{"self":[{"href":"https:\/\/www.dommodesto.com.br\/en\/wp-json\/wp\/v2\/product\/67312","targetHints":{"allow":["GET"]}}],"collection":[{"href":"https:\/\/www.dommodesto.com.br\/en\/wp-json\/wp\/v2\/product"}],"about":[{"href":"https:\/\/www.dommodesto.com.br\/en\/wp-json\/wp\/v2\/types\/product"}],"wp:featuredmedia":[{"embeddable":true,"href":"https:\/\/www.dommodesto.com.br\/en\/wp-json\/wp\/v2\/media\/67313"}],"wp:attachment":[{"href":"https:\/\/www.dommodesto.com.br\/en\/wp-json\/wp\/v2\/media?parent=67312"}],"wp:term":[{"taxonomy":"product_brand","embeddable":true,"href":"https:\/\/www.dommodesto.com.br\/en\/wp-json\/wp\/v2\/product_brand?post=67312"},{"taxonomy":"product_cat","embeddable":true,"href":"https:\/\/www.dommodesto.com.br\/en\/wp-json\/wp\/v2\/product_cat?post=67312"},{"taxonomy":"product_tag","embeddable":true,"href":"https:\/\/www.dommodesto.com.br\/en\/wp-json\/wp\/v2\/product_tag?post=67312"}],"curies":[{"name":"wp","href":"https:\/\/api.w.org\/{rel}","templated":true}]}}