{"id":67283,"date":"2024-06-16T19:49:22","date_gmt":"2024-06-16T22:49:22","guid":{"rendered":"https:\/\/www.dommodesto.com.br\/?post_type=product&#038;p=67283"},"modified":"2026-01-07T15:24:46","modified_gmt":"2026-01-07T18:24:46","slug":"estudos-em-homenagem-ao-professor-jose-laurindo-de-souza-netto-dialogos-sobre-direito-justica-e-autocomposicao-de-conflitos","status":"publish","type":"product","link":"https:\/\/www.dommodesto.com.br\/en\/product\/estudos-em-homenagem-ao-professor-jose-laurindo-de-souza-netto-dialogos-sobre-direito-justica-e-autocomposicao-de-conflitos\/","title":{"rendered":"Estudos em homenagem ao professor Jos\u00e9 Laurindo de Souza Netto: di\u00e1logos sobre direito, justi\u00e7a e autocomposi\u00e7\u00e3o de conflitos"},"content":{"rendered":"<p style=\"text-align: justify;\">Esta obra coletiva celebra a influente carreira do Professor Jos\u00e9 Laurindo de Souza Netto, um professor admirado por sua habilidade em transmitir conhecimento jur\u00eddico e sua dedica\u00e7\u00e3o \u00e0 autocomposi\u00e7\u00e3o de conflitos. Com contribui\u00e7\u00f5es de 33 pesquisadores, o livro apresenta 17 estudos que exploram os meios autocompositivos em uma variedade de contextos, desde a media\u00e7\u00e3o internacional at\u00e9 m\u00e9todos de resolu\u00e7\u00e3o empregados em quest\u00f5es familiares e comerciais. Cada cap\u00edtulo oferece perspectivas profundas sobre pr\u00e1ticas de concilia\u00e7\u00e3o, negocia\u00e7\u00e3o, media\u00e7\u00e3o, arbitragem e justi\u00e7a restaurativa, destacando sua efic\u00e1cia e relev\u00e2ncia para os desafios contempor\u00e2neos da jurisdi\u00e7\u00e3o.<\/p>\n<p style=\"text-align: justify;\">Enriquecidos com uma contextualiza\u00e7\u00e3o hist\u00f3rica, a apresenta\u00e7\u00e3o, escrita por Professora Karla Pinhel Ribeiro, e os pref\u00e1cios, escritos pela Professora Viviane Co\u00ealho de S\u00e9llos-Knoerr e pelo Ministro Dr S\u00e9rgio Kukina, refletem sobre a trajet\u00f3ria do homenageado e sua influ\u00eancia duradoura na comunidade jur\u00eddica, n\u00e3o apenas contextualizando sua import\u00e2ncia como educador e magistrado, mas tamb\u00e9m refor\u00e7ando a relev\u00e2ncia dos m\u00e9todos consensuais de resolu\u00e7\u00e3o de conflitos.<\/p>\n<p style=\"text-align: justify;\">O livro n\u00e3o apenas honra um ilustre Professor e Desembargador, mas tamb\u00e9m serve como um recurso valioso para estudantes, profissionais do direito e acad\u00eamicos interessados em m\u00e9todos eficazes de resolu\u00e7\u00e3o de conflitos.<\/p>","protected":false},"excerpt":{"rendered":"<p>COORDENA\u00c7\u00c3O<br \/>Karla Pinhel Ribeiro<br \/>Viviane Co\u00ealho de S\u00e9llos-Knoerr<br \/>Gustavo Swain Kfouri<\/p>\n<p>ORGANIZA\u00c7\u00c3O<br \/>Fl\u00e1via Jeanne Ferrari<br \/>Edna de Cassia Santos<br \/>Adriane Garcel Chueire Calixto<\/p>\n<p><strong>Vers\u00e3o e-book &#8211; download gratuito &#8211; clique no bot\u00e3o comprar<\/strong><br \/>Vers\u00e3o impressa &#8211; indispon\u00edvel<\/p>","protected":false},"featured_media":67285,"template":"","meta":{"_joinchat":[]},"product_brand":[],"product_cat":[15],"product_tag":[],"class_list":{"0":"post-67283","1":"product","2":"type-product","3":"status-publish","4":"has-post-thumbnail","6":"product_cat-sem-categoria","7":"align-center","8":"box-shadow-1","9":"box-shadow-3-hover","10":"ast-product-gallery-layout-horizontal","11":"ast-product-gallery-with-no-image","12":"ast-product-tabs-layout-horizontal","14":"first","15":"instock","16":"downloadable","17":"virtual","18":"sold-individually","19":"purchasable","20":"product-type-simple"},"_links":{"self":[{"href":"https:\/\/www.dommodesto.com.br\/en\/wp-json\/wp\/v2\/product\/67283","targetHints":{"allow":["GET"]}}],"collection":[{"href":"https:\/\/www.dommodesto.com.br\/en\/wp-json\/wp\/v2\/product"}],"about":[{"href":"https:\/\/www.dommodesto.com.br\/en\/wp-json\/wp\/v2\/types\/product"}],"wp:featuredmedia":[{"embeddable":true,"href":"https:\/\/www.dommodesto.com.br\/en\/wp-json\/wp\/v2\/media\/67285"}],"wp:attachment":[{"href":"https:\/\/www.dommodesto.com.br\/en\/wp-json\/wp\/v2\/media?parent=67283"}],"wp:term":[{"taxonomy":"product_brand","embeddable":true,"href":"https:\/\/www.dommodesto.com.br\/en\/wp-json\/wp\/v2\/product_brand?post=67283"},{"taxonomy":"product_cat","embeddable":true,"href":"https:\/\/www.dommodesto.com.br\/en\/wp-json\/wp\/v2\/product_cat?post=67283"},{"taxonomy":"product_tag","embeddable":true,"href":"https:\/\/www.dommodesto.com.br\/en\/wp-json\/wp\/v2\/product_tag?post=67283"}],"curies":[{"name":"wp","href":"https:\/\/api.w.org\/{rel}","templated":true}]}}