{"id":67279,"date":"2024-06-16T19:22:47","date_gmt":"2024-06-16T22:22:47","guid":{"rendered":"https:\/\/www.dommodesto.com.br\/?post_type=product&#038;p=67279"},"modified":"2024-06-16T19:52:55","modified_gmt":"2024-06-16T22:52:55","slug":"observatorio-do-futuro-caminhos-possiveis-para-a-desjudicializacao","status":"publish","type":"product","link":"https:\/\/www.dommodesto.com.br\/en\/product\/observatorio-do-futuro-caminhos-possiveis-para-a-desjudicializacao\/","title":{"rendered":"Observat\u00f3rio do Futuro: caminhos poss\u00edveis para a desjudicializa\u00e7\u00e3o &#8211; vol. III"},"content":{"rendered":"<p style=\"text-align: justify;\"><em>\u201cPor todo ello, es conveniente examinar con atenci\u00f3n los estudios que se exponen en las p\u00e1ginas que siguen, todos ellos encaminados al aporte de argumentos para que podamos colocar cada v\u00eda de soluci\u00f3n de conflictos en su lugar correspondiente, teniendo en cuenta sus rasgos positivos y tambi\u00e9n los riesgos o defectos que se nos colocan como desaf\u00edos.<\/em><\/p>\n<p style=\"text-align: justify;\"><em>Los \u00e1mbitos de la hacienda p\u00fablica, la protecci\u00f3n de los menores de edad o las relaciones laborales plantean cuestiones espec\u00edficas que son sopesadas con detenimiento. Tambi\u00e9n el papel del Conselho Nacional de Justi\u00e7a o de los notarios en la facilitaci\u00f3n de estas v\u00edas extrajudiciales, sin olvidar las inmensas posibilidades que se han abierto con la aplicaci\u00f3n de v\u00edas digitales para la plena efectividad de todos estos m\u00e9todos.<\/em><\/p>\n<p style=\"text-align: justify;\"><em>As\u00ed pues, una vez m\u00e1s con la inestimable colaboraci\u00f3n de la Dra. Maria da Gl\u00f3ria Costa Gon\u00e7alves de Sousa Aquino y del Dr. Reifarth Mu\u00f1oz presentamos un nuevo libro, ya el tercero, con el que vamos completando cuidadosas reflexiones para mayor aprendizaje y disfrute de la comunidad jur\u00eddica en general y, en particular, de quienes quieran saber m\u00e1s sobre estos cauces extrajudiciales y se preocupen por la consecuci\u00f3n de un panorama equilibrado y efectivo respecto a la pluralidad de medios de resoluci\u00f3n de controversias.\u201d<\/em><\/p>\n<p style=\"text-align: justify;\"><strong>Lorenzo-Matel Bujosa Vadell<\/strong><\/p>","protected":false},"excerpt":{"rendered":"<p>Lorenzo-Mateo Bujosa Vadell<br \/>Walter Reifarth Mu\u00f1oz<br \/>Maria da Gl\u00f3ria Costa Gon\u00e7alves de Sousa Aquino<br \/>(Orgs.)<\/p>\n<p><strong>Vers\u00e3o impressa &#8211; em breve na Amazon e nos principais marketplaces da internet<\/strong><br \/><strong>Vers\u00e3o digital (e-book) &#8211; Clique no bot\u00e3o Comprar<\/strong><\/p>","protected":false},"featured_media":67282,"template":"","meta":{"_joinchat":[]},"product_brand":[],"product_cat":[57],"product_tag":[],"class_list":{"0":"post-67279","1":"product","2":"type-product","3":"status-publish","4":"has-post-thumbnail","6":"product_cat-ciencias-sociais-aplicadas","7":"align-center","8":"box-shadow-1","9":"box-shadow-3-hover","10":"ast-product-gallery-layout-horizontal","11":"ast-product-gallery-with-no-image","12":"ast-product-tabs-layout-horizontal","14":"first","15":"instock","16":"downloadable","17":"virtual","18":"product-type-simple"},"_links":{"self":[{"href":"https:\/\/www.dommodesto.com.br\/en\/wp-json\/wp\/v2\/product\/67279","targetHints":{"allow":["GET"]}}],"collection":[{"href":"https:\/\/www.dommodesto.com.br\/en\/wp-json\/wp\/v2\/product"}],"about":[{"href":"https:\/\/www.dommodesto.com.br\/en\/wp-json\/wp\/v2\/types\/product"}],"wp:featuredmedia":[{"embeddable":true,"href":"https:\/\/www.dommodesto.com.br\/en\/wp-json\/wp\/v2\/media\/67282"}],"wp:attachment":[{"href":"https:\/\/www.dommodesto.com.br\/en\/wp-json\/wp\/v2\/media?parent=67279"}],"wp:term":[{"taxonomy":"product_brand","embeddable":true,"href":"https:\/\/www.dommodesto.com.br\/en\/wp-json\/wp\/v2\/product_brand?post=67279"},{"taxonomy":"product_cat","embeddable":true,"href":"https:\/\/www.dommodesto.com.br\/en\/wp-json\/wp\/v2\/product_cat?post=67279"},{"taxonomy":"product_tag","embeddable":true,"href":"https:\/\/www.dommodesto.com.br\/en\/wp-json\/wp\/v2\/product_tag?post=67279"}],"curies":[{"name":"wp","href":"https:\/\/api.w.org\/{rel}","templated":true}]}}