{"id":67276,"date":"2024-06-14T19:43:03","date_gmt":"2024-06-14T22:43:03","guid":{"rendered":"https:\/\/www.dommodesto.com.br\/?post_type=product&#038;p=67276"},"modified":"2024-07-11T08:14:55","modified_gmt":"2024-07-11T11:14:55","slug":"gestao-costeira-integrada-a-governanca-juridica-em-santa-catarina","status":"publish","type":"product","link":"https:\/\/www.dommodesto.com.br\/en\/product\/gestao-costeira-integrada-a-governanca-juridica-em-santa-catarina\/","title":{"rendered":"Gest\u00e3o costeira integrada: a governan\u00e7a jur\u00eddica em Santa Catarina"},"content":{"rendered":"<p style=\"text-align: justify;\"><em>\u201cNeste livro a autora, com uma reda\u00e7\u00e3o objetiva e muito bem explicitada, compartilha uma an\u00e1lise reflexiva de como as faixas terrestres costeiras devem estar integradas \u00e0s pol\u00edticas municipais urbanas e ambientais, considerando a constru\u00e7\u00e3o jur\u00eddica constitucional e infraconstitucional que conecta os ambientes urbanos e costeiros, inseridos na interpreta\u00e7\u00e3o de que a faixa terrestre costeira \u00e9 bem comum de uso do povo.<br \/>A leitura \u00e9 um convite a observar uma cartografia integrativa sobre a governan\u00e7a costeira nos munic\u00edpios catarinenses no que se refere \u00e0 efetividade e cumprimento de pol\u00edticas p\u00fablicas municipais na sua estrutura jur\u00eddico normativa, bem como a integratividade entre instrumentos jur\u00eddicos como os Planos Diretor e o de Gerenciamento Costeiro.\u201d<\/em><\/p>\n<p><strong>K\u00e1tia Ragnini Scherer<\/strong><\/p>","protected":false},"excerpt":{"rendered":"<p>Viviane de Oliveira<br \/>\n<strong>Vers\u00e3o impressa &#8211; <a href=\"https:\/\/www.amazon.com.br\/Gest%C3%A3o-costeira-integrada-governan%C3%A7a-jur%C3%ADdica\/dp\/6581399949\/ref=sr_1_44?__mk_pt_BR=%C3%85M%C3%85%C5%BD%C3%95%C3%91&#038;crid=TWBR5NX7MCW&#038;dib=eyJ2IjoiMSJ9.fLHuYTekpfhI3NznbXrFpvJqOxnLqE_MqkFPuyFU_5wLwnfTzoqcLPnZDN1GoDhHnPEmFZjui82XWQlo2dcS8ntKo0NDXUswZSX0kSL5EyGwm-F1HOCGpd5Uyg_-nJVwl8UExwYb0zgn006KVnLBOUA23D9LXNraKGrkoFS4u-9Pyu-TCqT3WpTsHHkshL2Os34lqQ3IbltGBfByWX7y6EH5-R5wzI4IebS4QZ-eTl1qKIOQWMM8g5jHcP81uEvDDgDvC2S9K4_Wnitmyau8O6JT1QqI76RNfqkaZp1oeNo.djz7lFxWssXpjtbaHf34n1R3676UwSI8OCHBaFObcI8&#038;dib_tag=se&#038;keywords=%22dom+modesto%22&#038;qid=1720696101&#038;sprefix=dom+modesto+%2Caps%2C296&#038;sr=8-44\">Clique aqui<\/a><\/strong><br \/>\n<strong>Vers\u00e3o digital (e-book) &#8211; indispon\u00edvel<\/strong><\/p>","protected":false},"featured_media":67278,"template":"","meta":{"_joinchat":[]},"product_brand":[],"product_cat":[57],"product_tag":[],"class_list":{"0":"post-67276","1":"product","2":"type-product","3":"status-publish","4":"has-post-thumbnail","6":"product_cat-ciencias-sociais-aplicadas","7":"align-center","8":"box-shadow-1","9":"box-shadow-3-hover","10":"ast-product-gallery-layout-horizontal","11":"ast-product-gallery-with-no-image","12":"ast-product-tabs-layout-horizontal","14":"first","15":"instock","16":"shipping-taxable","17":"product-type-simple"},"_links":{"self":[{"href":"https:\/\/www.dommodesto.com.br\/en\/wp-json\/wp\/v2\/product\/67276","targetHints":{"allow":["GET"]}}],"collection":[{"href":"https:\/\/www.dommodesto.com.br\/en\/wp-json\/wp\/v2\/product"}],"about":[{"href":"https:\/\/www.dommodesto.com.br\/en\/wp-json\/wp\/v2\/types\/product"}],"wp:featuredmedia":[{"embeddable":true,"href":"https:\/\/www.dommodesto.com.br\/en\/wp-json\/wp\/v2\/media\/67278"}],"wp:attachment":[{"href":"https:\/\/www.dommodesto.com.br\/en\/wp-json\/wp\/v2\/media?parent=67276"}],"wp:term":[{"taxonomy":"product_brand","embeddable":true,"href":"https:\/\/www.dommodesto.com.br\/en\/wp-json\/wp\/v2\/product_brand?post=67276"},{"taxonomy":"product_cat","embeddable":true,"href":"https:\/\/www.dommodesto.com.br\/en\/wp-json\/wp\/v2\/product_cat?post=67276"},{"taxonomy":"product_tag","embeddable":true,"href":"https:\/\/www.dommodesto.com.br\/en\/wp-json\/wp\/v2\/product_tag?post=67276"}],"curies":[{"name":"wp","href":"https:\/\/api.w.org\/{rel}","templated":true}]}}