{"id":67274,"date":"2024-06-14T19:25:00","date_gmt":"2024-06-14T22:25:00","guid":{"rendered":"https:\/\/www.dommodesto.com.br\/?post_type=product&#038;p=67274"},"modified":"2025-02-28T19:23:25","modified_gmt":"2025-02-28T22:23:25","slug":"feminicidio-e-reconhecimento-crimes-contra-mulheres-transexuais-na-teoria-de-honneth","status":"publish","type":"product","link":"https:\/\/www.dommodesto.com.br\/en\/product\/feminicidio-e-reconhecimento-crimes-contra-mulheres-transexuais-na-teoria-de-honneth\/","title":{"rendered":"Feminic\u00eddio e reconhecimento: crimes contra mulheres transexuais na teoria de Honneth"},"content":{"rendered":"<p><em>\u201cNas \u00faltimas d\u00e9cadas, no mundo ocidental e particularmente no Brasil, se verifica uma ascens\u00e3o antidemocr\u00e1tica, do discurso de \u00f3dio, da segrega\u00e7\u00e3o e da viol\u00eancia. Ascens\u00e3o que, pela rapidez e aceleramento, tem colocado em debate os tradicionais conceitos Direitos Fundamentais, que desde, as origens do Estado moderno t\u00eam servido de falaciosa justificativa e legitima\u00e7\u00e3o da ordem liberal capitalista dominante. O desmonte e fragmenta\u00e7\u00e3o da solidariedade social, a mercantiliza\u00e7\u00e3o e financeiriza\u00e7\u00e3o da democracia e seus tradicionais instrumentos de garantia, o deboche e menosprezo \u00e0 ci\u00eancia, vem exigindo uma resposta dos pensadores do Direito comprometidos com as garantias democr\u00e1ticas. \u00c9 nesta dire\u00e7\u00e3o que o presente trabalho, desde uma reflex\u00e3o cr\u00edtica ao neoliberalismo pol\u00edtico e as teses procedimentalistas pretende contribuir.\u201d<\/em><\/p>\n<p><strong>Marcelino da Silva Meleu<\/strong><\/p>","protected":false},"excerpt":{"rendered":"<p>Tchessica Weber<\/p>\n<p><strong>Vers\u00e3o impressa &#8211; <a href=\"https:\/\/www.amazon.com.br\/Feminic%C3%ADdio-reconhecimento-mulheres-transexuais-Honneth\/dp\/6581399892\/ref=sr_1_10?__mk_pt_BR=%C3%85M%C3%85%C5%BD%C3%95%C3%91&amp;crid=TWBR5NX7MCW&amp;dib=eyJ2IjoiMSJ9.fLHuYTekpfhI3NznbXrFpvJqOxnLqE_MqkFPuyFU_5wLwnfTzoqcLPnZDN1GoDhHnPEmFZjui82XWQlo2dcS8ntKo0NDXUswZSX0kSL5EyGwm-F1HOCGpd5Uyg_-nJVwl8UExwYb0zgn006KVnLBOUA23D9LXNraKGrkoFS4u-9Pyu-TCqT3WpTsHHkshL2Os34lqQ3IbltGBfByWX7y6EH5-R5wzI4IebS4QZ-eTl1qKIOQWMM8g5jHcP81uEvDDgDvC2S9K4_Wnitmyau8O6JT1QqI76RNfqkaZp1oeNo.djz7lFxWssXpjtbaHf34n1R3676UwSI8OCHBaFObcI8&amp;dib_tag=se&amp;keywords=%22dom+modesto%22&amp;qid=1720696101&amp;sprefix=dom+modesto+%2Caps%2C296&amp;sr=8-10\">Clique aqui<\/a><\/strong><br \/><strong>Vers\u00e3o digital (e-book) &#8211; Clique no bot\u00e3o comprar<\/strong><\/p>","protected":false},"featured_media":67275,"template":"","meta":{"_joinchat":[]},"product_brand":[],"product_cat":[57],"product_tag":[],"class_list":{"0":"post-67274","1":"product","2":"type-product","3":"status-publish","4":"has-post-thumbnail","6":"product_cat-ciencias-sociais-aplicadas","7":"align-center","8":"box-shadow-1","9":"box-shadow-3-hover","10":"ast-product-gallery-layout-horizontal","11":"ast-product-gallery-with-no-image","12":"ast-product-tabs-layout-horizontal","14":"first","15":"instock","16":"downloadable","17":"virtual","18":"purchasable","19":"product-type-simple"},"_links":{"self":[{"href":"https:\/\/www.dommodesto.com.br\/en\/wp-json\/wp\/v2\/product\/67274","targetHints":{"allow":["GET"]}}],"collection":[{"href":"https:\/\/www.dommodesto.com.br\/en\/wp-json\/wp\/v2\/product"}],"about":[{"href":"https:\/\/www.dommodesto.com.br\/en\/wp-json\/wp\/v2\/types\/product"}],"wp:featuredmedia":[{"embeddable":true,"href":"https:\/\/www.dommodesto.com.br\/en\/wp-json\/wp\/v2\/media\/67275"}],"wp:attachment":[{"href":"https:\/\/www.dommodesto.com.br\/en\/wp-json\/wp\/v2\/media?parent=67274"}],"wp:term":[{"taxonomy":"product_brand","embeddable":true,"href":"https:\/\/www.dommodesto.com.br\/en\/wp-json\/wp\/v2\/product_brand?post=67274"},{"taxonomy":"product_cat","embeddable":true,"href":"https:\/\/www.dommodesto.com.br\/en\/wp-json\/wp\/v2\/product_cat?post=67274"},{"taxonomy":"product_tag","embeddable":true,"href":"https:\/\/www.dommodesto.com.br\/en\/wp-json\/wp\/v2\/product_tag?post=67274"}],"curies":[{"name":"wp","href":"https:\/\/api.w.org\/{rel}","templated":true}]}}