{"id":67251,"date":"2024-05-21T16:27:59","date_gmt":"2024-05-21T19:27:59","guid":{"rendered":"https:\/\/www.dommodesto.com.br\/?post_type=product&#038;p=67251"},"modified":"2024-05-21T16:28:56","modified_gmt":"2024-05-21T19:28:56","slug":"examining-overlapping-quilombola-territories-and-conservation-units-in-jalapao-brazil-a-legal-perspective","status":"publish","type":"product","link":"https:\/\/www.dommodesto.com.br\/en\/product\/examining-overlapping-quilombola-territories-and-conservation-units-in-jalapao-brazil-a-legal-perspective\/","title":{"rendered":"Examining overlapping quilombola territories and conservation units in Jalap\u00e3o, Brazil : a legal perspective"},"content":{"rendered":"<p style=\"text-align: justify;\">This study specifically focuses on the territorial conflicts generated by the overlap between the territory of Quilombola communities in the Jalap\u00e3o region, in the state of Tocantins (Brazil), and four conservation units that currently overlap with these Quilombola territories.<br \/>The analysis of the land conflict is structured into three essential parts: first, a social mapping of Quilombola communities in the region, based on information extracted from reports published in the Cartography Social Bulletin No. 05 of December 2016, exposing perspectives on the overlap and maps developed in collaboration with the communities; second, an analysis of legislation on specially protected areas in relation to the environmental currents that underlie the types of Conservation Units provided for in Law No. 9,985\/2000 and the emergence of socio-environmentalism as an alternative to classical models of environmental protection; and third, a debate on the territorial rights of Quilombolas in the face of overlap with Conservation Units, addressing the challenge of rethinking the dichotomy between nature and culture through legal analysis of Quilombola territorial rights in the face of environmental protection policies implemented in the creation of Conservation Units.<\/p>","protected":false},"excerpt":{"rendered":"<p>Leonardo Matheus Barnab\u00e9 Batista<\/p>\n<p><strong>Vers\u00e3o impressa &#8211; <a href=\"https:\/\/www.amazon.com.br\/Examining-overlapping-quilombola-territories-conservation\/dp\/6581399574\/ref=sr_1_12?__mk_pt_BR=%C3%85M%C3%85%C5%BD%C3%95%C3%91&#038;crid=1CDOS50DVUWVV&#038;dib=eyJ2IjoiMSJ9.OXeJgbIge8S7xMJxdDQVwkdeOGmmxnJD0A75egnDjLMQVf5M-7I-Z4xoSOItnwhqI3jESdSx7haT4BPKnY0bh0_HRjyx5gXPEErQSFjnL3aLLQWyr06OcC3kCVUhe9M33K-NJUztd6Gw1w8tH9YVGOPZTNAJSBHeIlHe9NnuPeStaSVm_BB54RAV7a3UXHb7LoOEyNb1EXa2oPC9eo21a5ROqZOH65f2BF_3bt6Uncqf_u3uUjulY_5ajkTddlYNb1aN8bbP1RX3qxxyXxsOTx5bWbMmJj8CkIxrEEMp_4w.QCYpOKqwtPwp-B7v1gL4OYtLUTg8XFPlbR6X8ey2R04&#038;dib_tag=se&#038;keywords=%22dom+modesto%22&#038;qid=1716319704&#038;sprefix=dom+modesto+%2Caps%2C240&#038;sr=8-12\">Clique aqui<\/a><\/strong><br \/>\n<strong>Vers\u00e3o digital (e-book) &#8211; ainda n\u00e3o dispon\u00edvel<\/strong><\/p>","protected":false},"featured_media":67252,"template":"","meta":{"_joinchat":[]},"product_brand":[],"product_cat":[57],"product_tag":[],"class_list":{"0":"post-67251","1":"product","2":"type-product","3":"status-publish","4":"has-post-thumbnail","6":"product_cat-ciencias-sociais-aplicadas","7":"align-center","8":"box-shadow-1","9":"box-shadow-3-hover","10":"ast-product-gallery-layout-horizontal","11":"ast-product-gallery-with-no-image","12":"ast-product-tabs-layout-horizontal","14":"first","15":"instock","16":"shipping-taxable","17":"product-type-simple"},"_links":{"self":[{"href":"https:\/\/www.dommodesto.com.br\/en\/wp-json\/wp\/v2\/product\/67251","targetHints":{"allow":["GET"]}}],"collection":[{"href":"https:\/\/www.dommodesto.com.br\/en\/wp-json\/wp\/v2\/product"}],"about":[{"href":"https:\/\/www.dommodesto.com.br\/en\/wp-json\/wp\/v2\/types\/product"}],"wp:featuredmedia":[{"embeddable":true,"href":"https:\/\/www.dommodesto.com.br\/en\/wp-json\/wp\/v2\/media\/67252"}],"wp:attachment":[{"href":"https:\/\/www.dommodesto.com.br\/en\/wp-json\/wp\/v2\/media?parent=67251"}],"wp:term":[{"taxonomy":"product_brand","embeddable":true,"href":"https:\/\/www.dommodesto.com.br\/en\/wp-json\/wp\/v2\/product_brand?post=67251"},{"taxonomy":"product_cat","embeddable":true,"href":"https:\/\/www.dommodesto.com.br\/en\/wp-json\/wp\/v2\/product_cat?post=67251"},{"taxonomy":"product_tag","embeddable":true,"href":"https:\/\/www.dommodesto.com.br\/en\/wp-json\/wp\/v2\/product_tag?post=67251"}],"curies":[{"name":"wp","href":"https:\/\/api.w.org\/{rel}","templated":true}]}}