{"id":67249,"date":"2024-05-20T17:10:45","date_gmt":"2024-05-20T20:10:45","guid":{"rendered":"https:\/\/www.dommodesto.com.br\/?post_type=product&#038;p=67249"},"modified":"2024-08-09T10:30:27","modified_gmt":"2024-08-09T13:30:27","slug":"covid-19-relacoes-sindemicas-e-ods-16-da-agenda-2030-da-onu-analises-dos-reflexos-nas-relacoes-de-trabalho-violencia-domestica-e-encarceramento-saude-e-meio-ambiente","status":"publish","type":"product","link":"https:\/\/www.dommodesto.com.br\/en\/product\/covid-19-relacoes-sindemicas-e-ods-16-da-agenda-2030-da-onu-analises-dos-reflexos-nas-relacoes-de-trabalho-violencia-domestica-e-encarceramento-saude-e-meio-ambiente\/","title":{"rendered":"COVID 19 \u2013 Rela\u00e7\u00f5es sind\u00eamicas e ODS 16, da Agenda 2030 da ONU: an\u00e1lises dos reflexos nas rela\u00e7\u00f5es de trabalho, viol\u00eancia dom\u00e9stica e encarceramento, sa\u00fade e meio ambiente"},"content":{"rendered":"<p style=\"text-align: justify;\">A obra \u201cCOVID 19 \u2013 RELA\u00c7\u00d5ES SIND\u00caMICAS E ODS 16, DA AGENDA 2030 DA ONU: an\u00e1lises dos reflexos nas rela\u00e7\u00f5es de trabalho, viol\u00eancia dom\u00e9stica e encarceramento, sa\u00fade e meio ambiente\u201d, \u00e9 oriunda de investiga\u00e7\u00e3o parcial realizada no \u00e2mbito do projeto de pesquisa \u201cAS NORMAS EMITIDAS PELO PODER EXECUTIVO FEDERAL BRASILEIRO ENTRE OS ANOS 2020 E 2021 PARA ENFRENTAMENTO DO COVID19 E SEUS IMPACTOS NO CUMPRIMENTO DO OBJETIVO 16 DA AGENDA 2030 DA ONU\u201d, financiado pela Funda\u00e7\u00e3o de Amparo \u00e0 Pesquisa e Inova\u00e7\u00e3o de Santa Catarina \u2013 FAPESC e vinculado ao edital de chamada p\u00fablica FAPESC n\u00ba 15\/2021 &#8211; programa de ci\u00eancia, tecnologia e inova\u00e7\u00e3o de apoio aos grupos de pesquisa da Associa\u00e7\u00e3o Catarinense das Funda\u00e7\u00f5es Educacionais \u2013 ACAFE. Tal projeto foi executado junto ao Programa de P\u00f3s-Gradua\u00e7\u00e3o Stricto Sensu em Direito da Universidade Regional de Blumenau (PPGD-FURB) por professores, pesquisadores e bolsistas e revela os reflexos da sindemia causada pelo COVID 19, em \u00e2mbito nacional nos diversos campos.<\/p>","protected":false},"excerpt":{"rendered":"<p>Marcelino Meleu<br \/>K\u00e1tia Ragnini Scherer<br \/>Aleteia Hummes Thaines<br \/>(Orgs.)<\/p>\n<p><strong>E-book gratuito &#8211; Clique no bot\u00e3o Download.<\/strong><br \/><strong>Vers\u00e3o impressa &#8211; indispon\u00edvel.<\/strong><\/p>","protected":false},"featured_media":67250,"template":"","meta":{"_joinchat":[]},"product_brand":[],"product_cat":[57],"product_tag":[290],"class_list":{"0":"post-67249","1":"product","2":"type-product","3":"status-publish","4":"has-post-thumbnail","6":"product_cat-ciencias-sociais-aplicadas","7":"product_tag-covid-19-relacoes-sindemicas-e-ods-16","8":"align-center","9":"box-shadow-1","10":"box-shadow-3-hover","11":"ast-product-gallery-layout-horizontal","12":"ast-product-gallery-with-no-image","13":"ast-product-tabs-layout-horizontal","15":"first","16":"instock","17":"downloadable","18":"virtual","19":"purchasable","20":"product-type-simple"},"_links":{"self":[{"href":"https:\/\/www.dommodesto.com.br\/en\/wp-json\/wp\/v2\/product\/67249","targetHints":{"allow":["GET"]}}],"collection":[{"href":"https:\/\/www.dommodesto.com.br\/en\/wp-json\/wp\/v2\/product"}],"about":[{"href":"https:\/\/www.dommodesto.com.br\/en\/wp-json\/wp\/v2\/types\/product"}],"wp:featuredmedia":[{"embeddable":true,"href":"https:\/\/www.dommodesto.com.br\/en\/wp-json\/wp\/v2\/media\/67250"}],"wp:attachment":[{"href":"https:\/\/www.dommodesto.com.br\/en\/wp-json\/wp\/v2\/media?parent=67249"}],"wp:term":[{"taxonomy":"product_brand","embeddable":true,"href":"https:\/\/www.dommodesto.com.br\/en\/wp-json\/wp\/v2\/product_brand?post=67249"},{"taxonomy":"product_cat","embeddable":true,"href":"https:\/\/www.dommodesto.com.br\/en\/wp-json\/wp\/v2\/product_cat?post=67249"},{"taxonomy":"product_tag","embeddable":true,"href":"https:\/\/www.dommodesto.com.br\/en\/wp-json\/wp\/v2\/product_tag?post=67249"}],"curies":[{"name":"wp","href":"https:\/\/api.w.org\/{rel}","templated":true}]}}