{"id":67226,"date":"2024-04-19T15:38:24","date_gmt":"2024-04-19T18:38:24","guid":{"rendered":"https:\/\/www.dommodesto.com.br\/?post_type=product&#038;p=67226"},"modified":"2024-05-03T15:40:55","modified_gmt":"2024-05-03T18:40:55","slug":"justica-social-e-dever-de-assistencia-rawls-e-a-sociedade-dos-povos","status":"publish","type":"product","link":"https:\/\/www.dommodesto.com.br\/en\/product\/justica-social-e-dever-de-assistencia-rawls-e-a-sociedade-dos-povos\/","title":{"rendered":"Justi\u00e7a social e dever de assist\u00eancia: Rawls e a sociedade dos povos"},"content":{"rendered":"<p style=\"text-align: justify;\">\u201cNada mais relevante, no cen\u00e1rio pol\u00edtico atual, do que avaliar a contribui\u00e7\u00e3o das obras de J. Rawls, principalmente \u2018O Direito dos Povos\u2019, para o debate sobre a justi\u00e7a nas rela\u00e7\u00f5es internacionais. Em sua teoria da \u2018justi\u00e7a como equidade\u2019, o grande marco hist\u00f3rico do autor foi o de apresentar uma alternativa ao utilitarismo, amplamente vigente nas discuss\u00f5es da Filosofia Pol\u00edtica Contempor\u00e2nea at\u00e9 o surgimento de <em>Uma Teoria da Justi\u00e7a<\/em>, na d\u00e9cada de setenta do s\u00e9culo passado.<\/p>\n<p style=\"text-align: justify;\">A Prof\u00aa. Anna Paula dirige sua aten\u00e7\u00e3o, em sua tese de doutorado, para um dos princ\u00edpios da justi\u00e7a do Direito dos Povos, o dever de assist\u00eancia, em meio aos oito princ\u00edpios apresentados pelo fil\u00f3sofo americano. E nisso sua contribui\u00e7\u00e3o \u00e9 original. A autora consegue estabelecer um fio condutor da teoria da justi\u00e7a social dentro das formula\u00e7\u00f5es e reformula\u00e7\u00f5es do Liberalismo Pol\u00edtico e da Sociedade dos Povos. Reconstr\u00f3i, assim, os principais temas da justi\u00e7a como equidade para as sociedades nacionais, j\u00e1 tendo em vista a concep\u00e7\u00e3o pol\u00edtica e p\u00fablica de justi\u00e7a, tese reiterada em <em>O Liberalismo Pol\u00edtico e em Justi\u00e7a como Equidade: uma reformula\u00e7\u00e3o, de Rawls<\/em>.\u201d<\/p>\n<p style=\"text-align: justify;\"><strong>Thadeu Weber<\/strong><\/p>","protected":false},"excerpt":{"rendered":"<p>Anna Paula Bagetti Zeifert<\/p>\n<p><strong>E-book gratuito &#8211; Clique no bot\u00e3o Download.<\/strong><br \/>\n<strong>Vers\u00e3o impressa &#8211; indispon\u00edvel.<\/strong><\/p>","protected":false},"featured_media":67228,"template":"","meta":{"_joinchat":[]},"product_brand":[],"product_cat":[57],"product_tag":[285],"class_list":{"0":"post-67226","1":"product","2":"type-product","3":"status-publish","4":"has-post-thumbnail","6":"product_cat-ciencias-sociais-aplicadas","7":"product_tag-justica-social-e-dever-de-assistencia","8":"align-center","9":"box-shadow-1","10":"box-shadow-3-hover","11":"ast-product-gallery-layout-horizontal","12":"ast-product-gallery-with-no-image","13":"ast-product-tabs-layout-horizontal","15":"first","16":"instock","17":"downloadable","18":"virtual","19":"purchasable","20":"product-type-simple"},"_links":{"self":[{"href":"https:\/\/www.dommodesto.com.br\/en\/wp-json\/wp\/v2\/product\/67226","targetHints":{"allow":["GET"]}}],"collection":[{"href":"https:\/\/www.dommodesto.com.br\/en\/wp-json\/wp\/v2\/product"}],"about":[{"href":"https:\/\/www.dommodesto.com.br\/en\/wp-json\/wp\/v2\/types\/product"}],"wp:featuredmedia":[{"embeddable":true,"href":"https:\/\/www.dommodesto.com.br\/en\/wp-json\/wp\/v2\/media\/67228"}],"wp:attachment":[{"href":"https:\/\/www.dommodesto.com.br\/en\/wp-json\/wp\/v2\/media?parent=67226"}],"wp:term":[{"taxonomy":"product_brand","embeddable":true,"href":"https:\/\/www.dommodesto.com.br\/en\/wp-json\/wp\/v2\/product_brand?post=67226"},{"taxonomy":"product_cat","embeddable":true,"href":"https:\/\/www.dommodesto.com.br\/en\/wp-json\/wp\/v2\/product_cat?post=67226"},{"taxonomy":"product_tag","embeddable":true,"href":"https:\/\/www.dommodesto.com.br\/en\/wp-json\/wp\/v2\/product_tag?post=67226"}],"curies":[{"name":"wp","href":"https:\/\/api.w.org\/{rel}","templated":true}]}}