{"id":67219,"date":"2024-04-04T13:06:16","date_gmt":"2024-04-04T16:06:16","guid":{"rendered":"https:\/\/www.dommodesto.com.br\/?post_type=product&#038;p=67219"},"modified":"2024-04-04T13:06:16","modified_gmt":"2024-04-04T16:06:16","slug":"cma-talks-ii-mulheres-representacao-violencia-e-poder-na-contemporaneidade","status":"publish","type":"product","link":"https:\/\/www.dommodesto.com.br\/en\/product\/cma-talks-ii-mulheres-representacao-violencia-e-poder-na-contemporaneidade\/","title":{"rendered":"CMA TALKS II \u2013 Mulheres: representa\u00e7\u00e3o, viol\u00eancia e poder na contemporaneidade"},"content":{"rendered":"<p>\u201cAo lan\u00e7armos a segunda edi\u00e7\u00e3o do e-book CMA Talks, uma obra que re\u00fane artigos escritos por mulheres advogadas da CMA e outras profissionais sobre temas e conquistas femininas, fortalecemos a lutas de milhares de mulheres, al\u00e9m de despertar na sociedade um olhar sens\u00edvel, atento e vigilante as necessidades n\u00e3o s\u00f3 da advogada, mas de todas as representantes desse g\u00eanero que lutam diariamente para ocupar seu espa\u00e7o de forma igualit\u00e1ria e com dignidade pol\u00edtica, econ\u00f4mica e social. \u00c9 pela oxigena\u00e7\u00e3o do debate, pela produ\u00e7\u00e3o acad\u00eamica e pela pr\u00e1tica, representada pelas pol\u00edticas de efetiva\u00e7\u00e3o de direitos e mecanismos de controle \u00e0s viola\u00e7\u00f5es, como a consagrada Lei Maria da Penha.<br \/>A obra registra o esfor\u00e7o, a luta e a resist\u00eancias de centenas de mulheres, em especial as advogadas, no sentido de assegurar os direitos e garantias das mulheres. Muitas conquistas j\u00e1 s\u00e3o vivenciadas e usufru\u00eddas por elas: o direito ao voto, o preceito de igualdade para todos perante a lei sem distin\u00e7\u00e3o de sexo, a publica\u00e7\u00e3o do Estatuto da Mulher Casada que modificou sensivelmente os direitos das mulheres na esfera civil entre outras.\u201d<\/p>\n<p><em>Kaio Vyctor Saraiva Cruz<\/em><\/p>","protected":false},"excerpt":{"rendered":"<p>Lilianne Maria Furtado Saraiva<br \/>Maria da Gl\u00f3ria Costa Gon\u00e7alves de Sousa Aquino<br \/>Nathusa de F\u00e1tima Torres Chaves<br \/>(Orgs.)<\/p>\n<p><strong>Em breve dispon\u00edvel na Amazon e em outros grandes marketplaces.<br \/>Fa\u00e7a sua encomenda pelo e-mail contato@dommodesto.com.br ou pelo <em>Whatsapp<\/em> (47) 99181 5647.<\/strong><\/p>","protected":false},"featured_media":67221,"template":"","meta":{"_joinchat":[]},"product_brand":[],"product_cat":[57],"product_tag":[],"class_list":{"0":"post-67219","1":"product","2":"type-product","3":"status-publish","4":"has-post-thumbnail","6":"product_cat-ciencias-sociais-aplicadas","7":"align-center","8":"box-shadow-1","9":"box-shadow-3-hover","10":"ast-product-gallery-layout-horizontal","11":"ast-product-gallery-with-no-image","12":"ast-product-tabs-layout-horizontal","14":"first","15":"instock","16":"shipping-taxable","17":"product-type-simple"},"_links":{"self":[{"href":"https:\/\/www.dommodesto.com.br\/en\/wp-json\/wp\/v2\/product\/67219","targetHints":{"allow":["GET"]}}],"collection":[{"href":"https:\/\/www.dommodesto.com.br\/en\/wp-json\/wp\/v2\/product"}],"about":[{"href":"https:\/\/www.dommodesto.com.br\/en\/wp-json\/wp\/v2\/types\/product"}],"wp:featuredmedia":[{"embeddable":true,"href":"https:\/\/www.dommodesto.com.br\/en\/wp-json\/wp\/v2\/media\/67221"}],"wp:attachment":[{"href":"https:\/\/www.dommodesto.com.br\/en\/wp-json\/wp\/v2\/media?parent=67219"}],"wp:term":[{"taxonomy":"product_brand","embeddable":true,"href":"https:\/\/www.dommodesto.com.br\/en\/wp-json\/wp\/v2\/product_brand?post=67219"},{"taxonomy":"product_cat","embeddable":true,"href":"https:\/\/www.dommodesto.com.br\/en\/wp-json\/wp\/v2\/product_cat?post=67219"},{"taxonomy":"product_tag","embeddable":true,"href":"https:\/\/www.dommodesto.com.br\/en\/wp-json\/wp\/v2\/product_tag?post=67219"}],"curies":[{"name":"wp","href":"https:\/\/api.w.org\/{rel}","templated":true}]}}