{"id":67203,"date":"2024-03-23T08:05:22","date_gmt":"2024-03-23T11:05:22","guid":{"rendered":"https:\/\/www.dommodesto.com.br\/?post_type=product&#038;p=67203"},"modified":"2024-06-21T22:37:19","modified_gmt":"2024-06-22T01:37:19","slug":"a-situacao-sociolinguistica-e-de-letramento-em-lingua-nheengatu-dos-professores-e-alunos-das-escolas-indigenas-do-municipio-de-manaus-amazonas","status":"publish","type":"product","link":"https:\/\/www.dommodesto.com.br\/en\/product\/a-situacao-sociolinguistica-e-de-letramento-em-lingua-nheengatu-dos-professores-e-alunos-das-escolas-indigenas-do-municipio-de-manaus-amazonas\/","title":{"rendered":"A situa\u00e7\u00e3o sociolingu\u00edstica e de letramento em l\u00edngua Nheengatu dos professores e alunos das escolas ind\u00edgenas do munic\u00edpio de Manaus, Amazonas"},"content":{"rendered":"<p style=\"text-align: justify;\">Este livro examina a complexa situa\u00e7\u00e3o sociolingu\u00edstica e de letramento em l\u00edngua Nheengatu entre professores e alunos das escolas ind\u00edgenas na regi\u00e3o do Baixo Rio Negro, em Manaus, Amazonas. O autor, Ademar dos Santos Lima, traz \u00e0 luz sua pr\u00f3pria jornada lingu\u00edstica e acad\u00eamica, refletindo sobre a rica diversidade sociolingu\u00edstica do Brasil e, mais especificamente, da regi\u00e3o Amaz\u00f4nica. Atrav\u00e9s de uma metodologia etnogr\u00e1fica e sociolingu\u00edstica, investiga as pr\u00e1ticas de letramento e as compet\u00eancias lingu\u00edsticas em Nheengatu nas escolas, questionando como essas pr\u00e1ticas impactam a preserva\u00e7\u00e3o e o fortalecimento da l\u00edngua no cotidiano comunit\u00e1rio.<br \/>A obra \u00e9 estruturada em uma abordagem que intercala a contextualiza\u00e7\u00e3o hist\u00f3rica da l\u00edngua Nheengatu, a import\u00e2ncia da educa\u00e7\u00e3o escolar ind\u00edgena e as pr\u00e1ticas de letramento como meios de resist\u00eancia cultural e lingu\u00edstica, destacando os desafios e as oportunidades presentes na educa\u00e7\u00e3o ind\u00edgena, propondo que o letramento em Nheengatu nas escolas pode ser um caminho vital para a revitaliza\u00e7\u00e3o da l\u00edngua. Assim, n\u00e3o apenas contribui para os estudos sociolingu\u00edsticos da regi\u00e3o Amaz\u00f4nica, mas tamb\u00e9m para a compreens\u00e3o mais ampla de como as l\u00ednguas ind\u00edgenas podem ser mantidas e revitalizadas em contextos educacionais espec\u00edficos.<\/p>","protected":false},"excerpt":{"rendered":"<p>Ademar dos Santos Lima<\/p>\n<p><strong>Vers\u00e3o impressa &#8211; em breve na Amazon e nos principais marketplaces da internet<\/strong><br \/><strong>Vers\u00e3o digital (e-book) &#8211; Clique no bot\u00e3o Comprar<\/strong><\/p>","protected":false},"featured_media":67204,"template":"","meta":{"_joinchat":[]},"product_brand":[],"product_cat":[143],"product_tag":[],"class_list":{"0":"post-67203","1":"product","2":"type-product","3":"status-publish","4":"has-post-thumbnail","6":"product_cat-ciencias-humanas","7":"align-center","8":"box-shadow-1","9":"box-shadow-3-hover","10":"ast-product-gallery-layout-horizontal","11":"ast-product-gallery-with-no-image","12":"ast-product-tabs-layout-horizontal","14":"first","15":"instock","16":"downloadable","17":"virtual","18":"purchasable","19":"product-type-simple"},"_links":{"self":[{"href":"https:\/\/www.dommodesto.com.br\/en\/wp-json\/wp\/v2\/product\/67203","targetHints":{"allow":["GET"]}}],"collection":[{"href":"https:\/\/www.dommodesto.com.br\/en\/wp-json\/wp\/v2\/product"}],"about":[{"href":"https:\/\/www.dommodesto.com.br\/en\/wp-json\/wp\/v2\/types\/product"}],"wp:featuredmedia":[{"embeddable":true,"href":"https:\/\/www.dommodesto.com.br\/en\/wp-json\/wp\/v2\/media\/67204"}],"wp:attachment":[{"href":"https:\/\/www.dommodesto.com.br\/en\/wp-json\/wp\/v2\/media?parent=67203"}],"wp:term":[{"taxonomy":"product_brand","embeddable":true,"href":"https:\/\/www.dommodesto.com.br\/en\/wp-json\/wp\/v2\/product_brand?post=67203"},{"taxonomy":"product_cat","embeddable":true,"href":"https:\/\/www.dommodesto.com.br\/en\/wp-json\/wp\/v2\/product_cat?post=67203"},{"taxonomy":"product_tag","embeddable":true,"href":"https:\/\/www.dommodesto.com.br\/en\/wp-json\/wp\/v2\/product_tag?post=67203"}],"curies":[{"name":"wp","href":"https:\/\/api.w.org\/{rel}","templated":true}]}}