{"id":67198,"date":"2024-03-22T13:57:53","date_gmt":"2024-03-22T16:57:53","guid":{"rendered":"https:\/\/www.dommodesto.com.br\/?post_type=product&#038;p=67198"},"modified":"2024-04-01T17:19:54","modified_gmt":"2024-04-01T20:19:54","slug":"teorias-de-curriculos-uma-analise-de-livros-didaticos-de-ciencias-e-matematica-a-partir-de-perspectivas-pos-criticas","status":"publish","type":"product","link":"https:\/\/www.dommodesto.com.br\/en\/product\/teorias-de-curriculos-uma-analise-de-livros-didaticos-de-ciencias-e-matematica-a-partir-de-perspectivas-pos-criticas\/","title":{"rendered":"Teorias de curr\u00edculos: uma an\u00e1lise de livros did\u00e1ticos de Ci\u00eancias e Matem\u00e1tica a partir de perspectivas p\u00f3s-cr\u00edticas"},"content":{"rendered":"<p style=\"text-align: justify;\">O livro Teorias de Curr\u00edculos: uma an\u00e1lise de livros did\u00e1ticos de Ci\u00eancias e Matem\u00e1tica a partir de perspectivas p\u00f3s-cr\u00edticas oferece uma importante contribui\u00e7\u00e3o \u00e0queles que pretendem se iniciar nos estudos do curr\u00edculo, apresentando al\u00e9m de uma linguagem clara e objetiva, a oportunidade de observar como alguns conceitos te\u00f3ricos s\u00e3o mobilizados, ampliando as possibilidades de compreens\u00e3o sobre a educa\u00e7\u00e3o contempor\u00e2nea.<br \/>Cuidadosamente escrito por pesquisadores da \u00e1rea, a obra aborda elementos centrais das perspectivas tradicional, cr\u00edtica e p\u00f3s-cr\u00edtica do curr\u00edculo, desafiando concep\u00e7\u00f5es tradicionais em prol de uma vis\u00e3o mais ampla e reflexiva da pr\u00e1tica curricular educacional.<br \/>Explorando mais detalhadamente os princ\u00edpios fundamentais da perspectiva p\u00f3s-cr\u00edtica, os autores conduzem uma an\u00e1lise minuciosa de livros did\u00e1ticos de ci\u00eancias e matem\u00e1tica, evidenciando o modo como esses materiais est\u00e3o imersos em linhas de for\u00e7a que tecem fio a fio as concep\u00e7\u00f5es de indiv\u00edduos sobre os diferentes campos da sociedade, instituindo espa\u00e7os de poder e definindo identidades. Ao examinar as representa\u00e7\u00f5es estereotipadas de g\u00eanero, ra\u00e7a, etnias, classe social e rela\u00e7\u00e3o saber-poder nos livros did\u00e1ticos, a obra lan\u00e7a luz sobre as complexidades da educa\u00e7\u00e3o contempor\u00e2nea e oferece insights valiosos para educadores, pesquisadores e formuladores de pol\u00edticas.<br \/>Ao desafiar vis\u00f5es unilaterais e promover uma abordagem reflexiva da educa\u00e7\u00e3o na atualidade, esta obra se destaca como uma leitura indispens\u00e1vel para aqueles interessados nas teorias de curr\u00edculo, nas perspectivas p\u00f3s-cr\u00edticas e na constitui\u00e7\u00e3o dos sujeitos.<\/p>","protected":false},"excerpt":{"rendered":"<p>Jos\u00e9 Wilson dos Santos<br \/>Adriana F\u00e1tima de Souza Miola<br \/>(Orgs.)<\/p>\n<p><strong>E-book gratuito &#8211; Clique no bot\u00e3o Download.<\/strong><br \/><strong>Vers\u00e3o impressa &#8211; indispon\u00edvel.<\/strong><\/p>","protected":false},"featured_media":67200,"template":"","meta":{"_joinchat":[]},"product_brand":[],"product_cat":[57],"product_tag":[281],"class_list":{"0":"post-67198","1":"product","2":"type-product","3":"status-publish","4":"has-post-thumbnail","6":"product_cat-ciencias-sociais-aplicadas","7":"product_tag-teorias-de-curriculos-uma-analise-de-livros-didaticos-de-ciencias-e-matematica-a-partir-de-perspectivas-pos-criticas","8":"align-center","9":"box-shadow-1","10":"box-shadow-3-hover","11":"ast-product-gallery-layout-horizontal","12":"ast-product-gallery-with-no-image","13":"ast-product-tabs-layout-horizontal","15":"first","16":"instock","17":"downloadable","18":"virtual","19":"purchasable","20":"product-type-simple"},"_links":{"self":[{"href":"https:\/\/www.dommodesto.com.br\/en\/wp-json\/wp\/v2\/product\/67198","targetHints":{"allow":["GET"]}}],"collection":[{"href":"https:\/\/www.dommodesto.com.br\/en\/wp-json\/wp\/v2\/product"}],"about":[{"href":"https:\/\/www.dommodesto.com.br\/en\/wp-json\/wp\/v2\/types\/product"}],"wp:featuredmedia":[{"embeddable":true,"href":"https:\/\/www.dommodesto.com.br\/en\/wp-json\/wp\/v2\/media\/67200"}],"wp:attachment":[{"href":"https:\/\/www.dommodesto.com.br\/en\/wp-json\/wp\/v2\/media?parent=67198"}],"wp:term":[{"taxonomy":"product_brand","embeddable":true,"href":"https:\/\/www.dommodesto.com.br\/en\/wp-json\/wp\/v2\/product_brand?post=67198"},{"taxonomy":"product_cat","embeddable":true,"href":"https:\/\/www.dommodesto.com.br\/en\/wp-json\/wp\/v2\/product_cat?post=67198"},{"taxonomy":"product_tag","embeddable":true,"href":"https:\/\/www.dommodesto.com.br\/en\/wp-json\/wp\/v2\/product_tag?post=67198"}],"curies":[{"name":"wp","href":"https:\/\/api.w.org\/{rel}","templated":true}]}}