{"id":67172,"date":"2024-03-01T18:16:48","date_gmt":"2024-03-01T21:16:48","guid":{"rendered":"https:\/\/www.dommodesto.com.br\/?post_type=product&#038;p=67172"},"modified":"2024-03-01T23:04:12","modified_gmt":"2024-03-02T02:04:12","slug":"genero-e-raca-na-modernidade-periferica-brasileira-a-existencia-das-mulheres-negras-nas-favelas-da-cidade-do-rio-de-janeiro-sob-a-perspectiva-da-teoria-sistemica","status":"publish","type":"product","link":"https:\/\/www.dommodesto.com.br\/en\/product\/genero-e-raca-na-modernidade-periferica-brasileira-a-existencia-das-mulheres-negras-nas-favelas-da-cidade-do-rio-de-janeiro-sob-a-perspectiva-da-teoria-sistemica\/","title":{"rendered":"G\u00eanero e ra\u00e7a na modernidade perif\u00e9rica brasileira: a exist\u00eancia das mulheres negras nas favelas da cidade do Rio de Janeiro sob a perspectiva da teoria sist\u00eamica\u2009"},"content":{"rendered":"<p style=\"text-align: justify;\">\u201c&#8230;leitores e leitoras ir\u00e3o se deparar \u2013 de forma prazerosa e, ao mesmo tempo inquietante, com uma constru\u00e7\u00e3o te\u00f3rica e reflexiva de atual relev\u00e2ncia ao panorama social e jur\u00eddico decorrentes e latentes \u00e0s quest\u00f5es femininas \u2013 s\u00e3o enfrentamentos que nos convocam a refletir sobre aspectos tocantes \u00e0 cartografia feminina das mulheres negras nas favelas, subjugadas pelos bols\u00f5es de pobreza em uma estrutura de perversidade e exclus\u00e3o, privadas de viverem, na ess\u00eancia, sua cidadania. \u00c9, sem d\u00favida alguma, uma obra que nos \u201ctira da zona de conforto\u201d e nos conduz a acreditar que, juntas, podemos ter e ser uma voz un\u00edssona fazendo a diferen\u00e7a em uma sociedade t\u00e3o indiferente!!\u201d<\/p>\n<p><em>Jana\u00edna Machado Sturza<\/em><\/p>","protected":false},"excerpt":{"rendered":"<p>Gabrielle Scola Dutra<br \/>Charlise Paula Colet Gimenez<\/p>\n<p><strong>E-book gratuito &#8211; Clique no bot\u00e3o Download.<\/strong><br \/><strong>Vers\u00e3o impressa &#8211; indispon\u00edvel.<\/strong><\/p>","protected":false},"featured_media":67175,"template":"","meta":{"_joinchat":[]},"product_brand":[],"product_cat":[57],"product_tag":[276],"class_list":{"0":"post-67172","1":"product","2":"type-product","3":"status-publish","4":"has-post-thumbnail","6":"product_cat-ciencias-sociais-aplicadas","7":"product_tag-genero-e-raca-na-modernidade-periferica-brasileira","8":"align-center","9":"box-shadow-1","10":"box-shadow-3-hover","11":"ast-product-gallery-layout-horizontal","12":"ast-product-gallery-with-no-image","13":"ast-product-tabs-layout-horizontal","15":"first","16":"instock","17":"downloadable","18":"virtual","19":"purchasable","20":"product-type-simple"},"_links":{"self":[{"href":"https:\/\/www.dommodesto.com.br\/en\/wp-json\/wp\/v2\/product\/67172","targetHints":{"allow":["GET"]}}],"collection":[{"href":"https:\/\/www.dommodesto.com.br\/en\/wp-json\/wp\/v2\/product"}],"about":[{"href":"https:\/\/www.dommodesto.com.br\/en\/wp-json\/wp\/v2\/types\/product"}],"wp:featuredmedia":[{"embeddable":true,"href":"https:\/\/www.dommodesto.com.br\/en\/wp-json\/wp\/v2\/media\/67175"}],"wp:attachment":[{"href":"https:\/\/www.dommodesto.com.br\/en\/wp-json\/wp\/v2\/media?parent=67172"}],"wp:term":[{"taxonomy":"product_brand","embeddable":true,"href":"https:\/\/www.dommodesto.com.br\/en\/wp-json\/wp\/v2\/product_brand?post=67172"},{"taxonomy":"product_cat","embeddable":true,"href":"https:\/\/www.dommodesto.com.br\/en\/wp-json\/wp\/v2\/product_cat?post=67172"},{"taxonomy":"product_tag","embeddable":true,"href":"https:\/\/www.dommodesto.com.br\/en\/wp-json\/wp\/v2\/product_tag?post=67172"}],"curies":[{"name":"wp","href":"https:\/\/api.w.org\/{rel}","templated":true}]}}